{"id":21257,"date":"2020-12-02T11:04:09","date_gmt":"2020-12-02T10:04:09","guid":{"rendered":"https:\/\/italmatic.es\/lns\/"},"modified":"2025-06-04T09:41:37","modified_gmt":"2025-06-04T07:41:37","slug":"lns-sistemas-de-filtragem-do-liquido-de-refrigeracao","status":"publish","type":"page","link":"https:\/\/italmatic.es\/pt-pt\/lns-sistemas-de-filtragem-do-liquido-de-refrigeracao\/","title":{"rendered":"LNS"},"content":{"rendered":"<div class=\"wpb-content-wrapper\"><p>[vc_row css_animation=&#8221;&#8221; row_type=&#8221;row&#8221; use_row_as_full_screen_section=&#8221;no&#8221; type=&#8221;grid&#8221; angled_section=&#8221;no&#8221; text_align=&#8221;left&#8221; background_image_as_pattern=&#8221;without_pattern&#8221; z_index=&#8221;&#8221;][vc_column][vc_empty_space height=&#8221;50&#8243;][vc_row_inner row_type=&#8221;row&#8221; type=&#8221;full_width&#8221; text_align=&#8221;left&#8221; css_animation=&#8221;&#8221;][vc_column_inner width=&#8221;1\/4&#8243;][vc_single_image image=&#8221;16543&#8243; img_size=&#8221;medium&#8221; alignment=&#8221;center&#8221; onclick=&#8221;custom_link&#8221; img_link_target=&#8221;_blank&#8221; qode_css_animation=&#8221;&#8221; link=&#8221;https:\/\/www.lns-europe.com\/&#8221;][vc_empty_space height=&#8221;40&#8243;][vc_separator type=&#8221;normal&#8221; color=&#8221;#f7931e&#8221; thickness=&#8221;1&#8243;][vc_column_text]<b>Pa\u00eds:<\/b> Su\u00ed\u00e7a[\/vc_column_text][vc_separator type=&#8221;normal&#8221; color=&#8221;#f7931e&#8221; thickness=&#8221;1&#8243;][vc_column_text]<b>Ano de cria\u00e7\u00e3o: <\/b>1973[\/vc_column_text][vc_separator type=&#8221;normal&#8221; color=&#8221;#f7931e&#8221; thickness=&#8221;1&#8243;][vc_column_text]<b>Web:<\/b> <a href=\"https:\/\/www.lns-europe.com\/\"><span class=\"s2\"><b>Acede ao s\u00edtio Web<\/b><\/span><\/a>[\/vc_column_text][vc_separator type=&#8221;normal&#8221; color=&#8221;#f7931e&#8221; thickness=&#8221;1&#8243;][vc_empty_space height=&#8221;40&#8243;][\/vc_column_inner][vc_column_inner el_class=&#8221;producto-columna-intro&#8221; width=&#8221;3\/4&#8243;][vc_column_text]<\/p>\n<h3 id=\"u8330-6\">SISTEMAS DE FILTRAGEM DO L\u00cdQUIDO DE REFRIGERA\u00c7\u00c3O<\/h3>\n<p>[\/vc_column_text][vc_empty_space height=&#8221;20&#8243;][vc_column_text]<\/p>\n<p id=\"u8330-6\">O l\u00edquido de refrigera\u00e7\u00e3o (\u00f3leo ou refrigerante) tem um impacto importante nos custos de produ\u00e7\u00e3o, n\u00e3o s\u00f3 em termos do custo da sua gest\u00e3o (custo de compra e custo de elimina\u00e7\u00e3o), mas tamb\u00e9m em termos do desempenho das ferramentas e da pr\u00f3pria m\u00e1quina.<\/p>\n<p>[\/vc_column_text][vc_empty_space height=&#8221;10&#8243;][vc_column_text]<\/p>\n<p id=\"u43363-4\">Gest\u00e3o eficiente da capacidade do l\u00edquido de refrigera\u00e7\u00e3o:<\/p>\n<ul>\n<li>Melhora a vida \u00fatil das ferramentas.<\/li>\n<li>Melhora a vida \u00fatil das m\u00e1quinas.<\/li>\n<li>Reduz os tempos de produ\u00e7\u00e3o.<\/li>\n<li>Reduz os custos de aquisi\u00e7\u00e3o de novo refrigerante.<\/li>\n<li>Reduz os custos de elimina\u00e7\u00e3o do fluido frigorig\u00e9neo usado.<\/li>\n<\/ul>\n<p>[\/vc_column_text][vc_empty_space height=&#8221;10&#8243;][vc_column_text]<\/p>\n<p id=\"u8330-15\"><strong><span id=\"u43363-15\">Italmatic<\/span><\/strong> disp\u00f5e de um cat\u00e1logo de equipamentos que permitem uma filtragem eficiente do l\u00edquido refrigerante, tanto individualmente em cada m\u00e1quina como de forma centralizada.<\/p>\n<p>[\/vc_column_text][vc_empty_space height=&#8221;40&#8243;][vc_column_text]<\/p>\n<h4><img loading=\"lazy\" decoding=\"async\" class=\"alignleft wp-image-15971 size-full\" src=\"http:\/\/italmatic.es\/wp-content\/uploads\/2019\/05\/PDF-icon-30.png\" alt=\"\" width=\"30\" height=\"39\" \/><\/h4>\n<p class=\"p1\"><span class=\"s1\"><b><a href=\"http:\/\/italmatic.es\/wp-content\/uploads\/2021\/01\/ficha-ECODE-LNS-SIEBEC-FAMA-sistemas-de-filtracion-de-liquido-refrigerante.pdf\" target=\"_blank\" rel=\"noopener noreferrer\">Ficha de produto LNS<\/a><\/b><\/span><\/p>\n<p>[\/vc_column_text][vc_empty_space height=&#8221;40&#8243;][vc_column_text]<\/p>\n<h4><img loading=\"lazy\" decoding=\"async\" class=\"alignleft wp-image-15971 size-full\" src=\"http:\/\/italmatic.es\/wp-content\/uploads\/2019\/05\/PDF-icon-30.png\" alt=\"\" width=\"30\" height=\"39\" \/><\/h4>\n<p class=\"p1\" style=\"text-align: left;\"><span class=\"s1\"><a href=\"http:\/\/italmatic.es\/wp-content\/uploads\/2019\/07\/lns-catalogo-general.pdf\"><b>Cat\u00e1logo geral de produtos LNS<\/b><\/a><\/span><\/p>\n<p>[\/vc_column_text][vc_empty_space height=&#8221;40&#8243;][\/vc_column_inner][\/vc_row_inner][vc_column_inner width=&#8221;1\/3&#8243;][\/vc_column_inner][vc_empty_space height=&#8221;50&#8243;][\/vc_column][\/vc_row][vc_row css_animation=&#8221;&#8221; row_type=&#8221;row&#8221; use_row_as_full_screen_section=&#8221;yes&#8221; type=&#8221;grid&#8221; angled_section=&#8221;no&#8221; text_align=&#8221;left&#8221; background_image_as_pattern=&#8221;without_pattern&#8221; row_negative_margin=&#8221;disable_negative_margin&#8221; css=&#8221;.vc_custom_1684244156467{background-image: url(https:\/\/italmatic.es\/wp-content\/uploads\/2023\/05\/cta-equipo-humano-fondo-1920x305px.jpg?id=19889) !important;}&#8221; z_index=&#8221;&#8221;][vc_column width=&#8221;1\/6&#8243;][\/vc_column][vc_column width=&#8221;1\/6&#8243;][vc_empty_space height=&#8221;35&#8243;][vc_single_image image=&#8221;19918&#8243; img_size=&#8221;full&#8221; alignment=&#8221;center&#8221; qode_css_animation=&#8221;element_from_left&#8221;][vc_empty_space height=&#8221;5&#8243;][vc_column_text]<\/p>\n<h3 style=\"color: white; text-align: center;\">I\u00f1igo<\/h3>\n<p>[\/vc_column_text][vc_empty_space height=&#8221;5&#8243;][vc_column_text]<\/p>\n<h4 style=\"color: #f7931e; text-align: center;\">Diretor Geral<\/h4>\n<p>[\/vc_column_text][vc_empty_space height=&#8221;20&#8243;][\/vc_column][vc_column width=&#8221;1\/6&#8243;][vc_empty_space height=&#8221;35&#8243; el_class=&#8221;espacio-none&#8221;][vc_single_image image=&#8221;19919&#8243; img_size=&#8221;full&#8221; alignment=&#8221;center&#8221; qode_css_animation=&#8221;element_from_left&#8221;][vc_empty_space height=&#8221;5&#8243;][vc_column_text]<\/p>\n<h3 style=\"color: white; text-align: center;\">Nuria<\/h3>\n<p>[\/vc_column_text][vc_empty_space height=&#8221;5&#8243;][vc_column_text]<\/p>\n<h4 style=\"color: #f7931e; text-align: center;\">Comercial<\/h4>\n<p>[\/vc_column_text][vc_empty_space height=&#8221;20&#8243;][\/vc_column][vc_column width=&#8221;1\/2&#8243; el_class=&#8221;cta-columna-boton&#8221;][vc_empty_space height=&#8221;80&#8243; el_class=&#8221;espacio-none&#8221;][vc_column_text]<\/p>\n<h3 style=\"color: white;\">Acelera a tua pesquisa, contacta a nossa equipa<\/h3>\n<p>[\/vc_column_text][vc_empty_space height=&#8221;15&#8243;]<a  itemprop=\"url\" href=\"#formulario\" target=\"_self\" data-hover-background-color=\"#ffffff\" data-hover-color=\"#f7931e\" class=\"qbutton  small center default\" style=\"color: #ffffff; font-style: normal; font-weight: 300; font-family: Roboto; text-transform: none; font-size: 15px; border-radius: 30px;-moz-border-radius: 30px;-webkit-border-radius: 30px; background-color:#f7931e;\">Fala com os nossos especialistas<i class=\"qode_icon_font_awesome fa fa-arrow-down qode_button_icon_element\"><\/i><\/a>[vc_empty_space height=&#8221;50&#8243;][\/vc_column][\/vc_row][vc_row css_animation=&#8221;&#8221; row_type=&#8221;row&#8221; use_row_as_full_screen_section=&#8221;no&#8221; type=&#8221;full_width&#8221; angled_section=&#8221;no&#8221; text_align=&#8221;left&#8221; background_image_as_pattern=&#8221;without_pattern&#8221;][vc_column][vc_empty_space height=&#8221;50&#8243;][\/vc_column][\/vc_row][vc_row css_animation=&#8221;&#8221; row_type=&#8221;row&#8221; use_row_as_full_screen_section=&#8221;no&#8221; type=&#8221;grid&#8221; angled_section=&#8221;no&#8221; text_align=&#8221;left&#8221; background_image_as_pattern=&#8221;without_pattern&#8221; z_index=&#8221;&#8221;][vc_column css=&#8221;.vc_custom_1560530156053{margin-top: 0px !important;padding-bottom: 35px !important;background-color: #f7931e !important;}&#8221;][vc_column_text]<\/p>\n<h3 style=\"color: #ffffff; text-align: center;\">Sistemas de filtragem do l\u00edquido de refrigera\u00e7\u00e3o<\/h3>\n<p>[\/vc_column_text][\/vc_column][\/vc_row][vc_row css_animation=&#8221;&#8221; row_type=&#8221;row&#8221; use_row_as_full_screen_section=&#8221;no&#8221; type=&#8221;grid&#8221; angled_section=&#8221;no&#8221; text_align=&#8221;left&#8221; background_image_as_pattern=&#8221;without_pattern&#8221; z_index=&#8221;&#8221;][vc_column][vc_row_inner row_type=&#8221;row&#8221; type=&#8221;full_width&#8221; text_align=&#8221;left&#8221; css_animation=&#8221;&#8221; background_color=&#8221;#ffffff&#8221;][vc_column_inner width=&#8221;1\/2&#8243;][vc_empty_space height=&#8221;50&#8243;][vc_single_image image=&#8221;19276&#8243; img_size=&#8221;full&#8221; qode_css_animation=&#8221;&#8221;][vc_empty_space height=&#8221;15&#8243;][\/vc_column_inner][vc_column_inner width=&#8221;1\/2&#8243;][vc_empty_space height=&#8221;60&#8243;][vc_column_text]<\/p>\n<h3 id=\"u43203-2\" class=\"Titulares-sesino\">FILTRO DE CICLONE<\/h3>\n<p>[\/vc_column_text][vc_empty_space height=&#8221;30&#8243;][vc_column_text]<\/p>\n<p id=\"u26289-4\">O filtro de ciclone \u00e9 a solu\u00e7\u00e3o ideal para a filtragem do l\u00edquido de refrigera\u00e7\u00e3o contaminado com aparas e poeiras muito finas (ferro fundido, alum\u00ednio fino, etc.).<\/p>\n<p>[\/vc_column_text][vc_empty_space height=&#8221;40&#8243;][vc_column_text]<\/p>\n<h3><strong>Capacidade<\/strong><\/h3>\n<p>[\/vc_column_text][vc_empty_space height=&#8221;10&#8243;][vc_column_text]<\/p>\n<ul>\n<li id=\"u43203-8\" class=\"Estilo-de-p-rrafo-sesino\" style=\"text-align: left;\">L\u00edquido de refrigera\u00e7\u00e3o: 79 l\/min.<\/li>\n<\/ul>\n<p>[\/vc_column_text][vc_empty_space height=&#8221;40&#8243;][vc_column_text]<\/p>\n<h3><strong>Vantagens<\/strong><\/h3>\n<p>[\/vc_column_text][vc_empty_space height=&#8221;10&#8243;][vc_column_text]<\/p>\n<ul>\n<li class=\"Estilo-de-p-rrafo-sesino\">Elevada efici\u00eancia (100% das part\u00edculas iguais ou superiores a 10 microns \/ 95% das part\u00edculas entre 5 e 9 microns \/ 80% das part\u00edculas entre 3 e 4 microns \/ &gt;50% das part\u00edculas de 2 microns).<\/li>\n<li class=\"Estilo-de-p-rrafo-sesino\">Manuten\u00e7\u00e3o m\u00ednima: n\u00e3o necessita de consum\u00edveis.<\/li>\n<li class=\"Estilo-de-p-rrafo-sesino\">Pequenas dimens\u00f5es.<\/li>\n<\/ul>\n<p>[\/vc_column_text][vc_empty_space height=&#8221;40&#8243;][vc_column_text]<\/p>\n<h3><strong>Componentes<\/strong><\/h3>\n<p>[\/vc_column_text][vc_empty_space height=&#8221;10&#8243;][vc_column_text]<\/p>\n<ul>\n<li>Bomba de transfer\u00eancia (para aspirar o l\u00edquido de refrigera\u00e7\u00e3o sujo do dep\u00f3sito da m\u00e1quina).<\/li>\n<li>Ciclone (filtragem mec\u00e2nica).<\/li>\n<li>Tanque de decanta\u00e7\u00e3o de lamas (opcional).<\/li>\n<\/ul>\n<p>[\/vc_column_text][vc_empty_space height=&#8221;80&#8243;][\/vc_column_inner][\/vc_row_inner][\/vc_column][\/vc_row][vc_row css_animation=&#8221;&#8221; row_type=&#8221;row&#8221; use_row_as_full_screen_section=&#8221;no&#8221; type=&#8221;grid&#8221; angled_section=&#8221;no&#8221; text_align=&#8221;left&#8221; background_image_as_pattern=&#8221;without_pattern&#8221; z_index=&#8221;&#8221; anchor=&#8221;formulario&#8221;][vc_column width=&#8221;1\/4&#8243;][\/vc_column][vc_column width=&#8221;1\/2&#8243;][vc_empty_space height=&#8221;50&#8243;][vc_column_text]<\/p>\n<h3>Entramos em contacto contigo<\/h3>\n<p>[\/vc_column_text]\n<div class=\"wpcf7 no-js\" id=\"wpcf7-f21423-o1\" lang=\"pt-PT\" dir=\"ltr\" data-wpcf7-id=\"21423\">\n<div class=\"screen-reader-response\"><p role=\"status\" aria-live=\"polite\" aria-atomic=\"true\"><\/p> <ul><\/ul><\/div>\n<form action=\"\/pt-pt\/wp-json\/wp\/v2\/pages\/21257#wpcf7-f21423-o1\" method=\"post\" class=\"wpcf7-form init cf7_custom_style_1\" aria-label=\"Formul\u00e1rio de contacto\" novalidate=\"novalidate\" data-status=\"init\">\n<fieldset class=\"hidden-fields-container\"><input type=\"hidden\" name=\"_wpcf7\" value=\"21423\" \/><input type=\"hidden\" name=\"_wpcf7_version\" value=\"6.1.1\" \/><input type=\"hidden\" name=\"_wpcf7_locale\" value=\"pt_PT\" \/><input type=\"hidden\" name=\"_wpcf7_unit_tag\" value=\"wpcf7-f21423-o1\" \/><input type=\"hidden\" name=\"_wpcf7_container_post\" value=\"0\" \/><input type=\"hidden\" name=\"_wpcf7_posted_data_hash\" value=\"\" \/><input type=\"hidden\" name=\"_wpcf7_recaptcha_response\" value=\"\" \/>\n<\/fieldset>\n<p><span class=\"wpcf7-form-control-wrap\" data-name=\"your-name\"><input size=\"40\" maxlength=\"400\" class=\"wpcf7-form-control wpcf7-text wpcf7-validates-as-required\" aria-required=\"true\" aria-invalid=\"false\" placeholder=\"* Primeiro e \u00faltimo nome\" value=\"\" type=\"text\" name=\"your-name\" \/><\/span>\n<\/p>\n<p><span class=\"wpcf7-form-control-wrap\" data-name=\"your-email\"><input size=\"40\" maxlength=\"400\" class=\"wpcf7-form-control wpcf7-email wpcf7-validates-as-required wpcf7-text wpcf7-validates-as-email\" aria-required=\"true\" aria-invalid=\"false\" placeholder=\"* E-mail\" value=\"\" type=\"email\" name=\"your-email\" \/><\/span>\n<\/p>\n<p><span class=\"wpcf7-form-control-wrap\" data-name=\"your-message\"><textarea cols=\"40\" rows=\"10\" maxlength=\"2000\" class=\"wpcf7-form-control wpcf7-textarea wpcf7-validates-as-required\" aria-required=\"true\" aria-invalid=\"false\" placeholder=\"* Escreve a tua mensagem...\" name=\"your-message\"><\/textarea><\/span>\n<\/p>\n<p><span class=\"wpcf7-form-control-wrap\" data-name=\"acepto-otras-comunicaciones\"><span class=\"wpcf7-form-control wpcf7-acceptance optional\"><span class=\"wpcf7-list-item\"><input type=\"checkbox\" name=\"acepto-otras-comunicaciones\" value=\"1\" checked=\"checked\" aria-invalid=\"false\" \/><\/span><\/span><\/span> Aceito receber outras comunica\u00e7\u00f5es da <strong>Italmatic<\/strong>.\n<\/p>\n<p><span class=\"wpcf7-form-control-wrap\" data-name=\"acepto-politica-de-privacidad\"><span class=\"wpcf7-form-control wpcf7-acceptance\"><span class=\"wpcf7-list-item\"><input type=\"checkbox\" name=\"acepto-politica-de-privacidad\" value=\"1\" checked=\"checked\" aria-invalid=\"false\" \/><\/span><\/span><\/span> Aceito a <a href=\"https:\/\/italmatic.es\/politica-de-privacidad\/\" target=\"_blank\"><u>Pol\u00edtica de privacidade<\/u><\/a><br \/>\n<br \/>\n<input class=\"wpcf7-form-control wpcf7-submit has-spinner\" type=\"submit\" value=\"Enviar\" \/>\n<\/p><div class=\"wpcf7-response-output\" aria-hidden=\"true\"><\/div>\n<\/form>\n<\/div>\n[vc_column_text]<em>* Campos obrigat\u00f3rios.<\/em>[\/vc_column_text][\/vc_column][vc_column width=&#8221;1\/4&#8243;][\/vc_column][\/vc_row][vc_row css_animation=&#8221;&#8221; row_type=&#8221;row&#8221; use_row_as_full_screen_section=&#8221;no&#8221; type=&#8221;full_width&#8221; angled_section=&#8221;no&#8221; text_align=&#8221;left&#8221; background_image_as_pattern=&#8221;without_pattern&#8221;][vc_column][vc_empty_space height=&#8221;50&#8243;][\/vc_column][\/vc_row]<\/p>\n<\/div>","protected":false},"excerpt":{"rendered":"<p>O l\u00edquido de refrigera\u00e7\u00e3o (\u00f3leo ou refrigerante) tem um impacto importante nos custos de produ\u00e7\u00e3o, n\u00e3o s\u00f3 em termos do custo da sua gest\u00e3o (custo de compra e custo de elimina\u00e7\u00e3o), mas tamb\u00e9m em termos do desempenho das ferramentas e da pr\u00f3pria m\u00e1quina.<\/p>\n","protected":false},"author":9,"featured_media":21097,"parent":0,"menu_order":0,"comment_status":"closed","ping_status":"closed","template":"full_width.php","meta":{"footnotes":""},"class_list":["post-21257","page","type-page","status-publish","has-post-thumbnail","hentry"],"_links":{"self":[{"href":"https:\/\/italmatic.es\/pt-pt\/wp-json\/wp\/v2\/pages\/21257","targetHints":{"allow":["GET"]}}],"collection":[{"href":"https:\/\/italmatic.es\/pt-pt\/wp-json\/wp\/v2\/pages"}],"about":[{"href":"https:\/\/italmatic.es\/pt-pt\/wp-json\/wp\/v2\/types\/page"}],"author":[{"embeddable":true,"href":"https:\/\/italmatic.es\/pt-pt\/wp-json\/wp\/v2\/users\/9"}],"replies":[{"embeddable":true,"href":"https:\/\/italmatic.es\/pt-pt\/wp-json\/wp\/v2\/comments?post=21257"}],"version-history":[{"count":3,"href":"https:\/\/italmatic.es\/pt-pt\/wp-json\/wp\/v2\/pages\/21257\/revisions"}],"predecessor-version":[{"id":21665,"href":"https:\/\/italmatic.es\/pt-pt\/wp-json\/wp\/v2\/pages\/21257\/revisions\/21665"}],"wp:featuredmedia":[{"embeddable":true,"href":"https:\/\/italmatic.es\/pt-pt\/wp-json\/wp\/v2\/media\/21097"}],"wp:attachment":[{"href":"https:\/\/italmatic.es\/pt-pt\/wp-json\/wp\/v2\/media?parent=21257"}],"curies":[{"name":"wp","href":"https:\/\/api.w.org\/{rel}","templated":true}]}}