{"id":21269,"date":"2020-05-27T07:29:26","date_gmt":"2020-05-27T05:29:26","guid":{"rendered":"https:\/\/italmatic.es\/vencedor\/"},"modified":"2025-06-04T10:07:47","modified_gmt":"2025-06-04T08:07:47","slug":"winner-valvulas-de-cartucho","status":"publish","type":"page","link":"https:\/\/italmatic.es\/pt-pt\/winner-valvulas-de-cartucho\/","title":{"rendered":"WINNER"},"content":{"rendered":"<div class=\"wpb-content-wrapper\"><p>[vc_row css_animation=&#8221;&#8221; row_type=&#8221;row&#8221; use_row_as_full_screen_section=&#8221;no&#8221; type=&#8221;grid&#8221; angled_section=&#8221;no&#8221; text_align=&#8221;left&#8221; background_image_as_pattern=&#8221;without_pattern&#8221; z_index=&#8221;&#8221;][vc_column][vc_empty_space height=&#8221;50&#8243;][vc_row_inner row_type=&#8221;row&#8221; type=&#8221;full_width&#8221; text_align=&#8221;left&#8221; css_animation=&#8221;&#8221;][vc_column_inner width=&#8221;1\/4&#8243;][vc_single_image image=&#8221;18695&#8243; img_size=&#8221;medium&#8221; alignment=&#8221;center&#8221; onclick=&#8221;custom_link&#8221; img_link_target=&#8221;_blank&#8221; qode_css_animation=&#8221;&#8221; link=&#8221;https:\/\/www.winnerhydraulics.com\/&#8221;][vc_empty_space height=&#8221;40&#8243;][vc_separator type=&#8221;normal&#8221; color=&#8221;#f7931e&#8221; thickness=&#8221;1&#8243;][vc_column_text]<strong>Pa\u00eds:<\/strong> Taiwan<u><\/u>[\/vc_column_text][vc_separator type=&#8221;normal&#8221; color=&#8221;#f7931e&#8221; thickness=&#8221;1&#8243;][vc_column_text]<strong>Ano de cria\u00e7\u00e3o: <\/strong>1993[\/vc_column_text][vc_separator type=&#8221;normal&#8221; color=&#8221;#f7931e&#8221; thickness=&#8221;1&#8243;][vc_column_text]<strong>Web:<\/strong> <strong><a href=\"https:\/\/www.winnerhydraulics.com\/\" target=\"_blank\" rel=\"noopener noreferrer\"><u>Acede ao s\u00edtio Web<\/u><\/a><\/strong>[\/vc_column_text][vc_separator type=&#8221;normal&#8221; color=&#8221;#f7931e&#8221; thickness=&#8221;1&#8243;][vc_empty_space height=&#8221;40&#8243;][\/vc_column_inner][vc_column_inner el_class=&#8221;producto-columna-intro&#8221; width=&#8221;3\/4&#8243;][vc_column_text]<\/p>\n<h3><strong>V\u00c1LVULAS DE CARTUCHO<\/strong><\/h3>\n<p>[\/vc_column_text][vc_empty_space height=&#8221;20&#8243;][vc_column_text]<\/p>\n<p id=\"u8330-6\"><strong>A WINNER HYDRAULICS<\/strong> \u00e9 um fabricante internacionalmente reconhecido de v\u00e1lvulas de inser\u00e7\u00e3o, blocos hidr\u00e1ulicos e mini-pacotes de pot\u00eancia. Foi fundada em 1993.<\/p>\n<p>[\/vc_column_text][vc_empty_space height=&#8221;10&#8243;][vc_column_text]<\/p>\n<p id=\"u8330-6\">Disp\u00f5e atualmente de uma vasta gama de v\u00e1lvulas standard, compat\u00edveis com as marcas mais prestigiadas do mercado. Gra\u00e7as a um potente departamento de I&amp;D, para al\u00e9m da gama standard, \u00e9 capaz de conceber v\u00e1lvulas personalizadas para cada tipo de aplica\u00e7\u00e3o, de acordo com as necessidades do cliente.<\/p>\n<p>[\/vc_column_text][vc_empty_space height=&#8221;10&#8243;][vc_column_text]<\/p>\n<p id=\"u8330-6\">A pol\u00edtica da empresa <strong>WINNER<\/strong> baseia-se numa ideia central: \u201cA QUALIDADE \u00c9 A PRIORIDADE\u201d. Para tornar este princ\u00edpio efetivo, a equipa de controlo de qualidade inspecciona todas as fases do processo de fabrico: mat\u00e9ria-prima, produ\u00e7\u00e3o, produto final.<\/p>\n<p>[\/vc_column_text][vc_empty_space height=&#8221;10&#8243;][vc_column_text]<\/p>\n<p id=\"u8330-6\">Na <strong>Italmatic<\/strong>, seguindo o nosso firme compromisso de servir os nossos clientes, temos uma vasta gama de v\u00e1lvulas <strong>WINNER<\/strong> em stock.<\/p>\n<p>[\/vc_column_text][vc_empty_space height=&#8221;40&#8243;][vc_column_text]<\/p>\n<h4><img loading=\"lazy\" decoding=\"async\" class=\"alignleft wp-image-15971 size-full\" src=\"http:\/\/italmatic.es\/wp-content\/uploads\/2019\/05\/PDF-icon-30.png\" alt=\"\" width=\"30\" height=\"39\" \/><a href=\"http:\/\/italmatic.es\/wp-content\/uploads\/2020\/05\/Ficha_WINNER_valvulas_de_cartucho.pdf\" target=\"_blank\" rel=\"noopener noreferrer\"><u>Vis\u00e3o geral do produto WINNER<\/u><\/a><\/h4>\n<p>[\/vc_column_text][vc_empty_space height=&#8221;40&#8243;][\/vc_column_inner][\/vc_row_inner][vc_empty_space height=&#8221;40px&#8221;][\/vc_column][\/vc_row][vc_row css_animation=&#8221;&#8221; row_type=&#8221;row&#8221; use_row_as_full_screen_section=&#8221;yes&#8221; type=&#8221;grid&#8221; angled_section=&#8221;no&#8221; text_align=&#8221;left&#8221; background_image_as_pattern=&#8221;without_pattern&#8221; row_negative_margin=&#8221;disable_negative_margin&#8221; z_index=&#8221;&#8221; background_image=&#8221;19889&#8243;][vc_column width=&#8221;1\/5&#8243; offset=&#8221;vc_hidden-xs&#8221;][\/vc_column][vc_column width=&#8221;1\/5&#8243;][vc_empty_space height=&#8221;35&#8243;][vc_single_image image=&#8221;20017&#8243; img_size=&#8221;full&#8221; alignment=&#8221;center&#8221; qode_css_animation=&#8221;element_from_left&#8221;][vc_empty_space height=&#8221;5&#8243;][vc_column_text]<\/p>\n<h3 style=\"color: white; text-align: center;\">Gotzon<\/h3>\n<p>[\/vc_column_text][vc_empty_space height=&#8221;5&#8243;][vc_column_text]<\/p>\n<h4 style=\"color: #f7931e; text-align: center;\">Comercial<\/h4>\n<p>[\/vc_column_text][vc_empty_space height=&#8221;20&#8243;][\/vc_column][vc_column width=&#8221;3\/5&#8243; el_class=&#8221;cta-columna-boton&#8221;][vc_empty_space height=&#8221;80&#8243; el_class=&#8221;espacio-none&#8221;][vc_column_text]<\/p>\n<h3 style=\"color: white;\">Acelera a tua pesquisa, contacta a nossa equipa<\/h3>\n<p>[\/vc_column_text][vc_empty_space height=&#8221;15&#8243;]<a  itemprop=\"url\" href=\"#formulario\" target=\"_self\" data-hover-background-color=\"#ffffff\" data-hover-color=\"#f7931e\" class=\"qbutton  small center default\" style=\"color: #ffffff; font-style: normal; font-weight: 300; font-family: Roboto; text-transform: none; font-size: 15px; border-radius: 30px;-moz-border-radius: 30px;-webkit-border-radius: 30px; background-color:#f7931e;\">Fala com os nossos especialistas<i class=\"qode_icon_font_awesome fa fa-arrow-down qode_button_icon_element\"><\/i><\/a>[vc_empty_space height=&#8221;50&#8243;][\/vc_column][\/vc_row][vc_row css_animation=&#8221;&#8221; row_type=&#8221;row&#8221; use_row_as_full_screen_section=&#8221;no&#8221; type=&#8221;grid&#8221; angled_section=&#8221;no&#8221; text_align=&#8221;left&#8221; background_image_as_pattern=&#8221;without_pattern&#8221; z_index=&#8221;&#8221;][vc_column][vc_empty_space height=&#8221;50&#8243;]<div class=\"qode-advanced-tabs qode-advanced-tabs qode-advanced-horizontal-tab clearfix qode-advanced-tab-without-icon qode-advanced-tabs-column-3 clearfix\">\n\t<ul class=\"qode-advanced-tabs-nav\">\n\t\t\t\t\t<li>\n\t\t\t\t<h6>\n\t\t\t\t\t<a href=\"#tab-cartuchos\">\n\t\t\t\t\t\t\n\t\t\t\t\t\t\t\t\t\t\t\t\t<span class=\"qode-advanced-tab-text-after-icon\">\n\t\t\t\t\t\t\t\tCARTUCHOS\t\t\t\t\t\t\t<\/span>\n\t\t\t\t\t\t\t\t\t\t\t<\/a>\n\t\t\t\t<\/h6>\n\t\t\t<\/li>\n\t\t\t\t\t<li>\n\t\t\t\t<h6>\n\t\t\t\t\t<a href=\"#tab-blocos\">\n\t\t\t\t\t\t\n\t\t\t\t\t\t\t\t\t\t\t\t\t<span class=\"qode-advanced-tab-text-after-icon\">\n\t\t\t\t\t\t\t\tBLOCOS\t\t\t\t\t\t\t<\/span>\n\t\t\t\t\t\t\t\t\t\t\t<\/a>\n\t\t\t\t<\/h6>\n\t\t\t<\/li>\n\t\t\t\t\t<li>\n\t\t\t\t<h6>\n\t\t\t\t\t<a href=\"#tab-valvulas-solenoides\">\n\t\t\t\t\t\t\n\t\t\t\t\t\t\t\t\t\t\t\t\t<span class=\"qode-advanced-tab-text-after-icon\">\n\t\t\t\t\t\t\t\tV\u00c1LVULAS SOLEN\u00d3IDES\t\t\t\t\t\t\t<\/span>\n\t\t\t\t\t\t\t\t\t\t\t<\/a>\n\t\t\t\t<\/h6>\n\t\t\t<\/li>\n\t\t\t<\/ul>\n\t<div class=\"qode-advanced-tab-container\" id=\"tab-cartuchos-38\" data-icon-pack=\"\" data-icon-html=\"\">[vc_empty_space height=&#8221;40&#8243;][vc_row_inner row_type=&#8221;row&#8221; type=&#8221;full_width&#8221; text_align=&#8221;left&#8221; css_animation=&#8221;&#8221;][vc_column_inner width=&#8221;1\/2&#8243;][vc_single_image image=&#8221;18704&#8243; img_size=&#8221;full&#8221; qode_css_animation=&#8221;&#8221;][vc_empty_space height=&#8221;30&#8243;][\/vc_column_inner][vc_column_inner width=&#8221;1\/2&#8243;][vc_column_text]<\/p>\n<h3 id=\"u8538-2\"><strong>CARTUCHOS<\/strong><\/h3>\n<p>[\/vc_column_text][vc_empty_space height=&#8221;40&#8243;][vc_column_text]<\/p>\n<p id=\"u12398-4\"><strong>CONTROLO DE CAUDAL<\/strong><\/p>\n<p>[\/vc_column_text][vc_empty_space height=&#8221;10&#8243;][vc_column_text]<\/p>\n<div>\n<ul>\n<li>Regulador de caudal<\/li>\n<li>Separador de fluxo \/ combinador<\/li>\n<\/ul>\n<\/div>\n<p>[\/vc_column_text][vc_empty_space height=&#8221;40&#8243;][vc_column_text]<\/p>\n<p id=\"u12398-4\"><strong>CONTROLO DA PRESS\u00c3O<\/strong><\/p>\n<p>[\/vc_column_text][vc_empty_space height=&#8221;10&#8243;][vc_column_text]<\/p>\n<ul>\n<li>Al\u00edvio<\/li>\n<li>Redutor<\/li>\n<li>Reduzir \/ aliviar<\/li>\n<li>Sequ\u00eancia<\/li>\n<\/ul>\n<p>[\/vc_column_text][vc_empty_space height=&#8221;40&#8243;][vc_column_text]<\/p>\n<p id=\"u12398-4\"><strong>CONTROLO DE CARGA<\/strong><\/p>\n<p>[\/vc_column_text][vc_empty_space height=&#8221;10&#8243;][vc_column_text]<\/p>\n<ul>\n<li>Contrapeso<\/li>\n<li>N\u00e3o retorno para abrir, acionado por piloto<\/li>\n<\/ul>\n<p>[\/vc_column_text][vc_empty_space height=&#8221;40&#8243;][vc_column_text]<\/p>\n<p id=\"u12398-4\"><strong>ENDERE\u00c7O<\/strong><\/p>\n<p>[\/vc_column_text][vc_empty_space height=&#8221;10&#8243;][vc_column_text]<\/p>\n<ul>\n<li>Anti-retorno<\/li>\n<li>Elementos l\u00f3gicos<\/li>\n<li>Selecionador<\/li>\n<li>Desviador<\/li>\n<li>At\u00e9 6 formas<\/li>\n<\/ul>\n<p>[\/vc_column_text][vc_empty_space height=&#8221;40&#8243;][vc_column_text]<\/p>\n<p id=\"u12398-4\"><strong>ELECTROPROPORCIONAL<\/strong><\/p>\n<p>[\/vc_column_text][vc_empty_space height=&#8221;10&#8243;][vc_column_text]<\/p>\n<ul>\n<li>Al\u00edvio<\/li>\n<li>Elementos l\u00f3gicos<\/li>\n<li>Caixas de velocidades<\/li>\n<li>Redu\u00e7\u00e3o \/ al\u00edvio<\/li>\n<li>Controlo do fluxo<\/li>\n<li>Amplificadores<\/li>\n<li>Controlo piloto<\/li>\n<\/ul>\n<p>[\/vc_column_text][vc_empty_space height=&#8221;40&#8243;][vc_column_text]<\/p>\n<p id=\"u12398-4\"><strong>V\u00c1RIOS<\/strong><\/p>\n<p>[\/vc_column_text][vc_empty_space height=&#8221;10&#8243;][vc_column_text]<\/p>\n<ul>\n<li>Bomba manual de cartucho<\/li>\n<li>V\u00e1lvulas de acumula\u00e7\u00e3o<\/li>\n<li>V\u00e1lvulas de seguran\u00e7a para mangueiras<\/li>\n<li>V\u00e1lvulas de comando pneum\u00e1tico<\/li>\n<li>Filtro<\/li>\n<li>Tamp\u00f5es<\/li>\n<li>Adaptadores de cavidades<\/li>\n<li>Ferramentas para cavidades<\/li>\n<\/ul>\n<p>[\/vc_column_text][vc_empty_space height=&#8221;80&#8243;][\/vc_column_inner][\/vc_row_inner]<\/div><div class=\"qode-advanced-tab-container\" id=\"tab-blocos-526\" data-icon-pack=\"\" data-icon-html=\"\">[vc_empty_space height=&#8221;40&#8243;][vc_row_inner row_type=&#8221;row&#8221; type=&#8221;full_width&#8221; text_align=&#8221;left&#8221; css_animation=&#8221;&#8221;][vc_column_inner width=&#8221;1\/2&#8243;][vc_single_image image=&#8221;18707&#8243; img_size=&#8221;full&#8221; alignment=&#8221;center&#8221; qode_css_animation=&#8221;&#8221;][vc_single_image image=&#8221;18706&#8243; img_size=&#8221;full&#8221; alignment=&#8221;center&#8221; qode_css_animation=&#8221;&#8221;][vc_empty_space height=&#8221;30&#8243;][\/vc_column_inner][vc_column_inner width=&#8221;1\/2&#8243;][vc_column_text]<\/p>\n<h3 id=\"u8538-2\"><strong>BLOCOS<\/strong><\/h3>\n<p>[\/vc_column_text][vc_empty_space height=&#8221;40&#8243;][vc_column_text]<\/p>\n<div id=\"tab-panelu37669\" class=\"TabbedPanelsWidget clearfix grpelem\" role=\"tablist\">\n<div id=\"u37695\" class=\"TabbedPanelsContentGroup clearfix colelem\">\n<div id=\"u37696\" class=\"TabbedPanelsContent gradient rounded-corners clearfix grpelem TabbedPanelsContentVisible\" role=\"tabpanel\" aria-labelledby=\"u37679\">\n<div id=\"u37713-22\" class=\"clearfix grpelem\">\n<p><strong>COLECTORES HIDR\u00c1ULICOS STANDARD <\/strong><\/p>\n<\/div>\n<\/div>\n<\/div>\n<\/div>\n<p>[\/vc_column_text][vc_empty_space height=&#8221;10&#8243;][vc_column_text]<\/p>\n<ul>\n<li>Montagem em linha<\/li>\n<li>Montagem em sandu\u00edche (CETOP 03 e CETOP 05)<\/li>\n<li>Fixa\u00e7\u00e3o do motor<\/li>\n<li>Montagem de placas<\/li>\n<\/ul>\n<p>[\/vc_column_text][vc_empty_space height=&#8221;80&#8243;][\/vc_column_inner][\/vc_row_inner]<\/div><div class=\"qode-advanced-tab-container\" id=\"tab-valvulas-solenoides-486\" data-icon-pack=\"\" data-icon-html=\"\">[vc_empty_space height=&#8221;40&#8243;][vc_row_inner row_type=&#8221;row&#8221; type=&#8221;full_width&#8221; text_align=&#8221;left&#8221; css_animation=&#8221;&#8221;][vc_column_inner width=&#8221;1\/2&#8243;][vc_single_image image=&#8221;18715&#8243; img_size=&#8221;full&#8221; alignment=&#8221;center&#8221; qode_css_animation=&#8221;&#8221;][vc_empty_space height=&#8221;30&#8243;][\/vc_column_inner][vc_column_inner width=&#8221;1\/2&#8243;][vc_column_text]<\/p>\n<h3 id=\"u8538-2\"><strong>V\u00c1LVULAS SOLEN\u00d3IDES<\/strong><\/h3>\n<p>[\/vc_column_text][vc_empty_space height=&#8221;40&#8243;][vc_column_text]<\/p>\n<div id=\"tab-panelu37669\" class=\"TabbedPanelsWidget clearfix grpelem\" role=\"tablist\">\n<div id=\"u37695\" class=\"TabbedPanelsContentGroup clearfix colelem\">\n<div id=\"u37696\" class=\"TabbedPanelsContent gradient rounded-corners clearfix grpelem TabbedPanelsContentVisible\" role=\"tabpanel\" aria-labelledby=\"u37679\">\n<div id=\"u37713-22\" class=\"clearfix grpelem\">\n<p class=\"PARRAFO1\"><strong>V\u00c1LVULAS ON\/OFF OPERADAS POR SOLEN\u00d3IDE <\/strong><\/p>\n<\/div>\n<\/div>\n<\/div>\n<\/div>\n<p>[\/vc_column_text][vc_empty_space height=&#8221;10&#8243;][vc_column_text]<\/p>\n<div id=\"tab-panelu37669\" class=\"TabbedPanelsWidget clearfix grpelem\" role=\"tablist\">\n<div id=\"u37695\" class=\"TabbedPanelsContentGroup clearfix colelem\">\n<div id=\"u37696\" class=\"TabbedPanelsContent gradient rounded-corners clearfix grpelem TabbedPanelsContentVisible\" role=\"tabpanel\" aria-labelledby=\"u37679\">\n<div id=\"u37713-22\" class=\"clearfix grpelem\">\n<ul>\n<li>Normalmente fechado<\/li>\n<li>Normalmente aberto<\/li>\n<li>A\u00e7\u00e3o direta. 3 vias, 2 posi\u00e7\u00f5es<\/li>\n<li>2 vias com solenoide \u00e0 prova de explos\u00e3o<\/li>\n<\/ul>\n<\/div>\n<\/div>\n<\/div>\n<\/div>\n<p>[\/vc_column_text][vc_empty_space height=&#8221;40&#8243;][vc_column_text]<\/p>\n<div id=\"tab-panelu37669\" class=\"TabbedPanelsWidget clearfix grpelem\" role=\"tablist\">\n<div id=\"u37695\" class=\"TabbedPanelsContentGroup clearfix colelem\">\n<div id=\"u37696\" class=\"TabbedPanelsContent gradient rounded-corners clearfix grpelem TabbedPanelsContentVisible\" role=\"tabpanel\" aria-labelledby=\"u37679\">\n<div id=\"u37713-22\" class=\"clearfix grpelem\">\n<p class=\"PARRAFO1\"><strong>ELECTR\u00d3NICA <\/strong><\/p>\n<\/div>\n<\/div>\n<\/div>\n<\/div>\n<p>[\/vc_column_text][vc_empty_space height=&#8221;10&#8243;][vc_column_text]<\/p>\n<div id=\"tab-panelu37669\" class=\"TabbedPanelsWidget clearfix grpelem\" role=\"tablist\">\n<div id=\"u37695\" class=\"TabbedPanelsContentGroup clearfix colelem\">\n<div id=\"u37696\" class=\"TabbedPanelsContent gradient rounded-corners clearfix grpelem TabbedPanelsContentVisible\" role=\"tabpanel\" aria-labelledby=\"u37679\">\n<div id=\"u37713-22\" class=\"clearfix grpelem\">\n<ul>\n<li>Bobinas<\/li>\n<li>Conectores<\/li>\n<\/ul>\n<\/div>\n<\/div>\n<\/div>\n<\/div>\n<p>[\/vc_column_text][vc_empty_space height=&#8221;80&#8243;][\/vc_column_inner][\/vc_row_inner]<\/div><\/div>[\/vc_column][\/vc_row][vc_row css_animation=&#8221;&#8221; row_type=&#8221;row&#8221; use_row_as_full_screen_section=&#8221;no&#8221; type=&#8221;grid&#8221; angled_section=&#8221;no&#8221; text_align=&#8221;left&#8221; background_image_as_pattern=&#8221;without_pattern&#8221; z_index=&#8221;&#8221; anchor=&#8221;formulario&#8221;][vc_column width=&#8221;1\/4&#8243;][\/vc_column][vc_column width=&#8221;1\/2&#8243;][vc_empty_space height=&#8221;50&#8243;][vc_column_text]<\/p>\n<h3>Entramos em contacto contigo<\/h3>\n<p>[\/vc_column_text]\n<div class=\"wpcf7 no-js\" id=\"wpcf7-f21433-o1\" lang=\"pt-PT\" dir=\"ltr\" data-wpcf7-id=\"21433\">\n<div class=\"screen-reader-response\"><p role=\"status\" aria-live=\"polite\" aria-atomic=\"true\"><\/p> <ul><\/ul><\/div>\n<form action=\"\/pt-pt\/wp-json\/wp\/v2\/pages\/21269#wpcf7-f21433-o1\" method=\"post\" class=\"wpcf7-form init cf7_custom_style_1\" aria-label=\"Formul\u00e1rio de contacto\" novalidate=\"novalidate\" data-status=\"init\">\n<fieldset class=\"hidden-fields-container\"><input type=\"hidden\" name=\"_wpcf7\" value=\"21433\" \/><input type=\"hidden\" name=\"_wpcf7_version\" value=\"6.1.1\" \/><input type=\"hidden\" name=\"_wpcf7_locale\" value=\"pt_PT\" \/><input type=\"hidden\" name=\"_wpcf7_unit_tag\" value=\"wpcf7-f21433-o1\" \/><input type=\"hidden\" name=\"_wpcf7_container_post\" value=\"0\" \/><input type=\"hidden\" name=\"_wpcf7_posted_data_hash\" value=\"\" \/><input type=\"hidden\" name=\"_wpcf7_recaptcha_response\" value=\"\" \/>\n<\/fieldset>\n<p><span class=\"wpcf7-form-control-wrap\" data-name=\"your-name\"><input size=\"40\" maxlength=\"400\" class=\"wpcf7-form-control wpcf7-text wpcf7-validates-as-required\" aria-required=\"true\" aria-invalid=\"false\" placeholder=\"* Primeiro e \u00faltimo nome\" value=\"\" type=\"text\" name=\"your-name\" \/><\/span>\n<\/p>\n<p><span class=\"wpcf7-form-control-wrap\" data-name=\"your-email\"><input size=\"40\" maxlength=\"400\" class=\"wpcf7-form-control wpcf7-email wpcf7-validates-as-required wpcf7-text wpcf7-validates-as-email\" aria-required=\"true\" aria-invalid=\"false\" placeholder=\"* E-mail\" value=\"\" type=\"email\" name=\"your-email\" \/><\/span>\n<\/p>\n<p><span class=\"wpcf7-form-control-wrap\" data-name=\"your-message\"><textarea cols=\"40\" rows=\"10\" maxlength=\"2000\" class=\"wpcf7-form-control wpcf7-textarea wpcf7-validates-as-required\" aria-required=\"true\" aria-invalid=\"false\" placeholder=\"* Escreve a tua mensagem...\" name=\"your-message\"><\/textarea><\/span><br \/>\n<br \/>\n<span class=\"wpcf7-form-control-wrap\" data-name=\"acepto-otras-comunicaciones\"><span class=\"wpcf7-form-control wpcf7-acceptance optional\"><span class=\"wpcf7-list-item\"><input type=\"checkbox\" name=\"acepto-otras-comunicaciones\" value=\"1\" checked=\"checked\" aria-invalid=\"false\" \/><\/span><\/span><\/span> Aceito receber outras comunica\u00e7\u00f5es da <strong>Italmatic<\/strong>.\n<\/p>\n<p><span class=\"wpcf7-form-control-wrap\" data-name=\"acepto-politica-de-privacidad\"><span class=\"wpcf7-form-control wpcf7-acceptance\"><span class=\"wpcf7-list-item\"><input type=\"checkbox\" name=\"acepto-politica-de-privacidad\" value=\"1\" checked=\"checked\" aria-invalid=\"false\" \/><\/span><\/span><\/span> Aceito a <a href=\"https:\/\/italmatic.es\/politica-de-privacidad\/\" target=\"_blank\"><u>Pol\u00edtica de privacidade<\/u><\/a><br \/>\n<br \/>\n<input class=\"wpcf7-form-control wpcf7-submit has-spinner\" type=\"submit\" value=\"Enviar\" \/>\n<\/p><div class=\"wpcf7-response-output\" aria-hidden=\"true\"><\/div>\n<\/form>\n<\/div>\n[vc_column_text]<em>* Campos obrigat\u00f3rios.<\/em>[\/vc_column_text][\/vc_column][vc_column width=&#8221;1\/4&#8243;][\/vc_column][\/vc_row][vc_row css_animation=&#8221;&#8221; row_type=&#8221;row&#8221; use_row_as_full_screen_section=&#8221;no&#8221; type=&#8221;full_width&#8221; angled_section=&#8221;no&#8221; text_align=&#8221;left&#8221; background_image_as_pattern=&#8221;without_pattern&#8221;][vc_column][vc_empty_space height=&#8221;50&#8243;][\/vc_column][\/vc_row]<\/p>\n<\/div>","protected":false},"excerpt":{"rendered":"<p>A WINNER HYDRAULICS \u00e9 um fabricante internacionalmente reconhecido de v\u00e1lvulas de inser\u00e7\u00e3o, blocos hidr\u00e1ulicos e mini power packs. Foi fundada em 1993.<br \/>\nDisp\u00f5e atualmente de uma vasta gama de v\u00e1lvulas standard, compat\u00edveis com as marcas mais prestigiadas do mercado. Gra\u00e7as a um potente departamento de I&amp;D, para al\u00e9m da gama standard, \u00e9 capaz de conceber v\u00e1lvulas personalizadas para cada tipo de aplica\u00e7\u00e3o, de acordo com as necessidades do cliente.  <\/p>\n","protected":false},"author":9,"featured_media":20965,"parent":0,"menu_order":0,"comment_status":"closed","ping_status":"closed","template":"full_width.php","meta":{"footnotes":""},"class_list":["post-21269","page","type-page","status-publish","has-post-thumbnail","hentry"],"_links":{"self":[{"href":"https:\/\/italmatic.es\/pt-pt\/wp-json\/wp\/v2\/pages\/21269","targetHints":{"allow":["GET"]}}],"collection":[{"href":"https:\/\/italmatic.es\/pt-pt\/wp-json\/wp\/v2\/pages"}],"about":[{"href":"https:\/\/italmatic.es\/pt-pt\/wp-json\/wp\/v2\/types\/page"}],"author":[{"embeddable":true,"href":"https:\/\/italmatic.es\/pt-pt\/wp-json\/wp\/v2\/users\/9"}],"replies":[{"embeddable":true,"href":"https:\/\/italmatic.es\/pt-pt\/wp-json\/wp\/v2\/comments?post=21269"}],"version-history":[{"count":9,"href":"https:\/\/italmatic.es\/pt-pt\/wp-json\/wp\/v2\/pages\/21269\/revisions"}],"predecessor-version":[{"id":21711,"href":"https:\/\/italmatic.es\/pt-pt\/wp-json\/wp\/v2\/pages\/21269\/revisions\/21711"}],"wp:featuredmedia":[{"embeddable":true,"href":"https:\/\/italmatic.es\/pt-pt\/wp-json\/wp\/v2\/media\/20965"}],"wp:attachment":[{"href":"https:\/\/italmatic.es\/pt-pt\/wp-json\/wp\/v2\/media?parent=21269"}],"curies":[{"name":"wp","href":"https:\/\/api.w.org\/{rel}","templated":true}]}}