{"id":21274,"date":"2020-05-06T10:13:25","date_gmt":"2020-05-06T08:13:25","guid":{"rendered":"https:\/\/italmatic.es\/tecnomagnet\/"},"modified":"2025-06-04T10:03:12","modified_gmt":"2025-06-04T08:03:12","slug":"tecnomagnete-placas-e-modulos-de-fixacao-magnetica","status":"publish","type":"page","link":"https:\/\/italmatic.es\/pt-pt\/tecnomagnete-placas-e-modulos-de-fixacao-magnetica\/","title":{"rendered":"TECNOMAGNETE"},"content":{"rendered":"<div class=\"wpb-content-wrapper\"><p>[vc_row css_animation=&#8221;&#8221; row_type=&#8221;row&#8221; use_row_as_full_screen_section=&#8221;no&#8221; type=&#8221;grid&#8221; angled_section=&#8221;no&#8221; text_align=&#8221;left&#8221; background_image_as_pattern=&#8221;without_pattern&#8221; z_index=&#8221;&#8221;][vc_column][vc_empty_space height=&#8221;50&#8243;][vc_row_inner row_type=&#8221;row&#8221; type=&#8221;full_width&#8221; text_align=&#8221;left&#8221; css_animation=&#8221;&#8221;][vc_column_inner width=&#8221;1\/4&#8243;][vc_single_image image=&#8221;18438&#8243; img_size=&#8221;medium&#8221; alignment=&#8221;center&#8221; onclick=&#8221;custom_link&#8221; img_link_target=&#8221;_blank&#8221; qode_css_animation=&#8221;&#8221; link=&#8221;http:\/\/www.tecnomagnete.com\/en\/&#8221;][vc_empty_space height=&#8221;40&#8243;][vc_separator type=&#8221;normal&#8221; color=&#8221;#f7931e&#8221; thickness=&#8221;1&#8243;][vc_column_text]<strong>Pa\u00eds:<\/strong> It\u00e1lia<u><\/u>[\/vc_column_text][vc_separator type=&#8221;normal&#8221; color=&#8221;#f7931e&#8221; thickness=&#8221;1&#8243;][vc_column_text]<strong>Ano de cria\u00e7\u00e3o: <\/strong>1974[\/vc_column_text][vc_separator type=&#8221;normal&#8221; color=&#8221;#f7931e&#8221; thickness=&#8221;1&#8243;][vc_column_text]<strong>Web:<\/strong> <strong><a href=\"http:\/\/www.tecnomagnete.com\/en\/\" target=\"_blank\" rel=\"noopener noreferrer\"><u>Acede ao s\u00edtio Web<\/u><\/a><\/strong>[\/vc_column_text][vc_separator type=&#8221;normal&#8221; color=&#8221;#f7931e&#8221; thickness=&#8221;1&#8243;][vc_empty_space height=&#8221;40&#8243;][\/vc_column_inner][vc_column_inner el_class=&#8221;producto-columna-intro&#8221; width=&#8221;3\/4&#8243;][vc_column_text]<\/p>\n<h3>PLACAS E M\u00d3DULOS DE FIXA\u00c7\u00c3O MAGN\u00c9TICA<\/h3>\n<p>[\/vc_column_text][vc_empty_space height=&#8221;40&#8243;][vc_column_text]<\/p>\n<p id=\"u8330-6\"><strong>A TECNOMAGNETE<\/strong> \u00e9 uma empresa italiana l\u00edder mundial em solu\u00e7\u00f5es electro-permanentes. A sua tecnologia oferece grandes vantagens em termos de produtividade, redu\u00e7\u00e3o de custos e seguran\u00e7a dos processos industriais.<\/p>\n<p>[\/vc_column_text][vc_empty_space height=&#8221;10&#8243;][vc_column_text]<\/p>\n<p id=\"u8330-6\">O seu desenvolvimento tecnol\u00f3gico \u00e9 pioneiro no mercado gra\u00e7as \u00e0s suas v\u00e1rias patentes tecnol\u00f3gicas que permitem o desenvolvimento de produtos de qualidade.<\/p>\n<p>[\/vc_column_text][vc_empty_space height=&#8221;10&#8243;][vc_column_text]<\/p>\n<p id=\"u8330-6\">As diferentes s\u00e9ries de produtos da divis\u00e3o de m\u00e1quinas-ferramenta da <strong>TECNOMAGNETE<\/strong> s\u00e3o:<\/p>\n<p>&#8211; S\u00e9rie RECTIFIER<br \/>\n&#8211; S\u00e9rie ELECTROEROSI\u00d3N<br \/>\n&#8211; S\u00e9rie MILLING MACHINE<br \/>\n&#8211; S\u00e9rie MODULAR BLOCKS<br \/>\n&#8211; S\u00e9rie RAILWAY RAILS MACHINING<br \/>\n&#8211; S\u00e9rie LATHE[\/vc_column_text][vc_empty_space height=&#8221;40&#8243;][vc_column_text]<\/p>\n<h4><img loading=\"lazy\" decoding=\"async\" class=\"alignleft wp-image-15971 size-full\" src=\"http:\/\/italmatic.es\/wp-content\/uploads\/2019\/05\/PDF-icon-30.png\" alt=\"\" width=\"30\" height=\"39\" \/><a href=\"http:\/\/italmatic.es\/wp-content\/uploads\/2020\/05\/Ficha_TECNOMAGNETE_platos-amarre.pdf\" target=\"_blank\" rel=\"noopener noreferrer\"><u>Vis\u00e3o geral dos produtos TECNOMAGNETE &#8211; Mandris e m\u00f3dulos de fixa\u00e7\u00e3o magn\u00e9tica<\/u><\/a><\/h4>\n<p>[\/vc_column_text][vc_empty_space height=&#8221;40&#8243;][\/vc_column_inner][\/vc_row_inner][vc_column_inner width=&#8221;1\/3&#8243;][\/vc_column_inner][vc_empty_space height=&#8221;50&#8243;][\/vc_column][\/vc_row][vc_row css_animation=&#8221;&#8221; row_type=&#8221;row&#8221; use_row_as_full_screen_section=&#8221;yes&#8221; type=&#8221;grid&#8221; angled_section=&#8221;no&#8221; text_align=&#8221;left&#8221; background_image_as_pattern=&#8221;without_pattern&#8221; row_negative_margin=&#8221;disable_negative_margin&#8221; z_index=&#8221;&#8221; background_image=&#8221;19889&#8243;][vc_column width=&#8221;1\/5&#8243; offset=&#8221;vc_hidden-xs&#8221;][\/vc_column][vc_column width=&#8221;1\/5&#8243;][vc_empty_space height=&#8221;35&#8243;][vc_single_image image=&#8221;20018&#8243; img_size=&#8221;full&#8221; alignment=&#8221;center&#8221; qode_css_animation=&#8221;element_from_left&#8221;][vc_empty_space height=&#8221;5&#8243;][vc_column_text]<\/p>\n<h3 style=\"color: white; text-align: center;\">Jon<\/h3>\n<p>[\/vc_column_text][vc_empty_space height=&#8221;5&#8243;][vc_column_text]<\/p>\n<h4 style=\"color: #f7931e; text-align: center;\">Comercial<\/h4>\n<p>[\/vc_column_text][vc_empty_space height=&#8221;20&#8243;][\/vc_column][vc_column width=&#8221;3\/5&#8243; el_class=&#8221;cta-columna-boton&#8221;][vc_empty_space height=&#8221;80&#8243; el_class=&#8221;espacio-none&#8221;][vc_column_text]<\/p>\n<h3 style=\"color: white;\">Acelera a tua pesquisa, contacta a nossa equipa<\/h3>\n<p>[\/vc_column_text][vc_empty_space height=&#8221;15&#8243;]<a  itemprop=\"url\" href=\"#formulario\" target=\"_self\" data-hover-background-color=\"#ffffff\" data-hover-color=\"#f7931e\" class=\"qbutton  small center default\" style=\"color: #ffffff; font-style: normal; font-weight: 300; font-family: Roboto; text-transform: none; font-size: 15px; border-radius: 30px;-moz-border-radius: 30px;-webkit-border-radius: 30px; background-color:#f7931e;\">Fala com os nossos especialistas<i class=\"qode_icon_font_awesome fa fa-arrow-down qode_button_icon_element\"><\/i><\/a>[vc_empty_space height=&#8221;50&#8243;][\/vc_column][\/vc_row][vc_row css_animation=&#8221;&#8221; row_type=&#8221;row&#8221; use_row_as_full_screen_section=&#8221;no&#8221; type=&#8221;grid&#8221; angled_section=&#8221;no&#8221; text_align=&#8221;left&#8221; background_image_as_pattern=&#8221;without_pattern&#8221; z_index=&#8221;&#8221;][vc_column][vc_empty_space height=&#8221;50&#8243;]<div class=\"qode-advanced-tabs qode-advanced-tabs qode-advanced-horizontal-tab clearfix qode-advanced-tab-without-icon qode-advanced-tabs-column-5 clearfix\">\n\t<ul class=\"qode-advanced-tabs-nav\">\n\t\t\t\t\t<li>\n\t\t\t\t<h6>\n\t\t\t\t\t<a href=\"#tab-serie-de-maquinas-de-moagem\">\n\t\t\t\t\t\t\n\t\t\t\t\t\t\t\t\t\t\t\t\t<span class=\"qode-advanced-tab-text-after-icon\">\n\t\t\t\t\t\t\t\tS\u00c9RIE DE M\u00c1QUINAS DE MOAGEM\t\t\t\t\t\t\t<\/span>\n\t\t\t\t\t\t\t\t\t\t\t<\/a>\n\t\t\t\t<\/h6>\n\t\t\t<\/li>\n\t\t\t\t\t<li>\n\t\t\t\t<h6>\n\t\t\t\t\t<a href=\"#tab-serie-edm\">\n\t\t\t\t\t\t\n\t\t\t\t\t\t\t\t\t\t\t\t\t<span class=\"qode-advanced-tab-text-after-icon\">\n\t\t\t\t\t\t\t\tS\u00c9RIE EDM\t\t\t\t\t\t\t<\/span>\n\t\t\t\t\t\t\t\t\t\t\t<\/a>\n\t\t\t\t<\/h6>\n\t\t\t<\/li>\n\t\t\t\t\t<li>\n\t\t\t\t<h6>\n\t\t\t\t\t<a href=\"#tab-serie-de-blocos-modulares-para-fresagem-ou-soldadura\">\n\t\t\t\t\t\t\n\t\t\t\t\t\t\t\t\t\t\t\t\t<span class=\"qode-advanced-tab-text-after-icon\">\n\t\t\t\t\t\t\t\tS\u00c9RIE DE BLOCOS MODULARES PARA FRESAGEM OU SOLDADURA\t\t\t\t\t\t\t<\/span>\n\t\t\t\t\t\t\t\t\t\t\t<\/a>\n\t\t\t\t<\/h6>\n\t\t\t<\/li>\n\t\t\t\t\t<li>\n\t\t\t\t<h6>\n\t\t\t\t\t<a href=\"#tab-quad-rail-series-maquinagem-de-carris-ferroviarios\">\n\t\t\t\t\t\t\n\t\t\t\t\t\t\t\t\t\t\t\t\t<span class=\"qode-advanced-tab-text-after-icon\">\n\t\t\t\t\t\t\t\tQUAD RAIL SERIES - MAQUINAGEM DE CARRIS FERROVI\u00c1RIOS\t\t\t\t\t\t\t<\/span>\n\t\t\t\t\t\t\t\t\t\t\t<\/a>\n\t\t\t\t<\/h6>\n\t\t\t<\/li>\n\t\t\t\t\t<li>\n\t\t\t\t<h6>\n\t\t\t\t\t<a href=\"#tab-serie-lathe\">\n\t\t\t\t\t\t\n\t\t\t\t\t\t\t\t\t\t\t\t\t<span class=\"qode-advanced-tab-text-after-icon\">\n\t\t\t\t\t\t\t\tS\u00c9RIE LATHE\t\t\t\t\t\t\t<\/span>\n\t\t\t\t\t\t\t\t\t\t\t<\/a>\n\t\t\t\t<\/h6>\n\t\t\t<\/li>\n\t\t\t<\/ul>\n\t<div class=\"qode-advanced-tab-container\" id=\"tab-serie-de-maquinas-de-moagem-292\" data-icon-pack=\"\" data-icon-html=\"\">[vc_empty_space height=&#8221;40&#8243;][vc_row_inner row_type=&#8221;row&#8221; type=&#8221;full_width&#8221; text_align=&#8221;left&#8221; css_animation=&#8221;&#8221;][vc_column_inner width=&#8221;1\/2&#8243;][vc_single_image image=&#8221;18446&#8243; img_size=&#8221;full&#8221; qode_css_animation=&#8221;&#8221;][vc_empty_space height=&#8221;30&#8243;][\/vc_column_inner][vc_column_inner width=&#8221;1\/2&#8243;][vc_column_text]<\/p>\n<h3 id=\"u8538-2\">S\u00c9RIE DE M\u00c1QUINAS DE MOAGEM<\/h3>\n<p>[\/vc_column_text][vc_empty_space height=&#8221;10&#8243;][vc_column_text]<\/p>\n<div id=\"u12398-20\" class=\"clearfix colelem\">\n<ul>\n<li id=\"u12398-8\">Fixa\u00e7\u00e3o uniforme em todas as superf\u00edcies.<\/li>\n<li id=\"u12398-10\">Remo\u00e7\u00e3o autom\u00e1tica de qualquer res\u00edduo magn\u00e9tico, mesmo em materiais ligados (sistema NUFLUX).<\/li>\n<li id=\"u12398-12\">N\u00e3o sobreaquece.<\/li>\n<li id=\"u12398-14\">N\u00e3o vibra.<\/li>\n<li id=\"u12398-16\">N\u00e3o necessita de manuten\u00e7\u00e3o.<\/li>\n<li id=\"u12398-18\">Sistema monobloco.<\/li>\n<li>Modularidade.<\/li>\n<li>Possibilidade de furos passantes.<\/li>\n<\/ul>\n<\/div>\n<p>[\/vc_column_text][vc_empty_space height=&#8221;10&#8243;][vc_column_text]<strong>MODELOS COM SISTEMAS NUFLUX:<\/strong>[\/vc_column_text][vc_empty_space height=&#8221;10&#8243;][vc_column_text]<\/p>\n<div id=\"u12398-20\" class=\"clearfix colelem\">\n<ul>\n<li id=\"u12398-8\">TFP0: superf\u00edcie de a\u00e7o e resina &#8211; utiliza\u00e7\u00e3o universal &#8211; pe\u00e7as &gt; 5 mm<\/li>\n<li id=\"u12398-10\">TFP1: superf\u00edcie de a\u00e7o e lat\u00e3o &#8211; elevada resist\u00eancia ao desgaste &#8211; sem dilata\u00e7\u00e3o t\u00e9rmica &#8211; utiliza\u00e7\u00e3o universal &#8211; pe\u00e7as &gt; 5 mm<\/li>\n<li id=\"u12398-12\">TPF: superf\u00edcie de a\u00e7o e lat\u00e3o &#8211; espa\u00e7amento m\u00ednimo entre p\u00f3los &#8211; concentra\u00e7\u00e3o polar elevada &#8211; pe\u00e7as &gt; 2 mm<\/li>\n<\/ul>\n<\/div>\n<p>[\/vc_column_text][vc_empty_space height=&#8221;40&#8243;][vc_column_text]<\/p>\n<h4><img loading=\"lazy\" decoding=\"async\" class=\"alignleft wp-image-15971 size-full\" src=\"http:\/\/italmatic.es\/wp-content\/uploads\/2019\/05\/PDF-icon-30.png\" alt=\"\" width=\"30\" height=\"39\" \/><a href=\"http:\/\/italmatic.es\/wp-content\/uploads\/2020\/05\/tecnomagnete-tfp-catalogo.pdf\" target=\"_blank\" rel=\"noopener noreferrer\"><u>Cat\u00e1logo TFP<\/u><\/a><\/h4>\n<p>[\/vc_column_text][vc_empty_space height=&#8221;80&#8243;][\/vc_column_inner][\/vc_row_inner]<\/div><div class=\"qode-advanced-tab-container\" id=\"tab-serie-edm-622\" data-icon-pack=\"\" data-icon-html=\"\">[vc_empty_space height=&#8221;40&#8243;][vc_row_inner row_type=&#8221;row&#8221; type=&#8221;full_width&#8221; text_align=&#8221;left&#8221; css_animation=&#8221;&#8221;][vc_column_inner width=&#8221;1\/2&#8243;][vc_single_image image=&#8221;18447&#8243; img_size=&#8221;full&#8221; alignment=&#8221;center&#8221; qode_css_animation=&#8221;&#8221;][vc_empty_space height=&#8221;30&#8243;][\/vc_column_inner][vc_column_inner width=&#8221;1\/2&#8243;][vc_column_text]<\/p>\n<h3 id=\"u8538-2\">S\u00c9RIE EDM<\/h3>\n<p>[\/vc_column_text][vc_empty_space height=&#8221;40&#8243;][vc_column_text]<\/p>\n<div id=\"tab-panelu37669\" class=\"TabbedPanelsWidget clearfix grpelem\" role=\"tablist\">\n<div id=\"u37695\" class=\"TabbedPanelsContentGroup clearfix colelem\">\n<div id=\"u37696\" class=\"TabbedPanelsContent gradient rounded-corners clearfix grpelem TabbedPanelsContentVisible\" role=\"tabpanel\" aria-labelledby=\"u37679\">\n<div id=\"u37713-22\" class=\"clearfix grpelem\">\n<div class=\"clearfix grpelem\">\n<ul>\n<li>Remo\u00e7\u00e3o autom\u00e1tica de qualquer res\u00edduo magn\u00e9tico, mesmo em materiais ligados (sistema NUFLUX).<\/li>\n<li>Estanquidade absoluta.<\/li>\n<li>Furos de drenagem.<\/li>\n<li>Superf\u00edcie met\u00e1lica.<\/li>\n<li>Sistema monobloco.<\/li>\n<\/ul>\n<\/div>\n<\/div>\n<\/div>\n<\/div>\n<\/div>\n<p>[\/vc_column_text][vc_empty_space height=&#8221;40&#8243;][vc_column_text]<\/p>\n<h4><img loading=\"lazy\" decoding=\"async\" class=\"alignleft wp-image-15971 size-full\" src=\"http:\/\/italmatic.es\/wp-content\/uploads\/2019\/05\/PDF-icon-30.png\" alt=\"\" width=\"30\" height=\"39\" \/><a href=\"http:\/\/italmatic.es\/wp-content\/uploads\/2020\/05\/tecnomagnete-mds-electroerosion-catalogo.pdf\" target=\"_blank\" rel=\"noopener noreferrer\"><u>Cat\u00e1logo MDS Electroeros\u00e3o<\/u><\/a><\/h4>\n<p>[\/vc_column_text][vc_empty_space height=&#8221;80&#8243;][\/vc_column_inner][\/vc_row_inner]<\/div><div class=\"qode-advanced-tab-container\" id=\"tab-serie-de-blocos-modulares-para-fresagem-ou-soldadura-838\" data-icon-pack=\"\" data-icon-html=\"\">[vc_empty_space height=&#8221;40&#8243;][vc_row_inner row_type=&#8221;row&#8221; type=&#8221;full_width&#8221; text_align=&#8221;left&#8221; css_animation=&#8221;&#8221;][vc_column_inner width=&#8221;1\/2&#8243;][vc_single_image image=&#8221;18443&#8243; img_size=&#8221;full&#8221; alignment=&#8221;center&#8221; qode_css_animation=&#8221;&#8221;][vc_empty_space height=&#8221;30&#8243;][\/vc_column_inner][vc_column_inner width=&#8221;1\/2&#8243;][vc_column_text]<\/p>\n<h3 id=\"u8538-2\">S\u00c9RIE DE BLOCOS MODULARES PARA FRESAGEM OU SOLDADURA<\/h3>\n<p>[\/vc_column_text][vc_empty_space height=&#8221;10&#8243;][vc_column_text]<\/p>\n<ul>\n<li>Combina\u00e7\u00e3o de 2\/4\/6 elementos modulares, independentes entre si e livremente posicion\u00e1veis na base da m\u00e1quina.<\/li>\n<li>Resolve problemas de fixa\u00e7\u00e3o de pe\u00e7as com morfologia complexa.<\/li>\n<li>Vers\u00e3o Quad eXtra (resina) UNIBLOCK ou vers\u00e3o MillTec (totalmente met\u00e1lica) MillTecBlock.<\/li>\n<\/ul>\n<p>[\/vc_column_text][vc_empty_space height=&#8221;80&#8243;][\/vc_column_inner][\/vc_row_inner]<\/div><div class=\"qode-advanced-tab-container\" id=\"tab-quad-rail-series-maquinagem-de-carris-ferroviarios-691\" data-icon-pack=\"\" data-icon-html=\"\">[vc_empty_space height=&#8221;40&#8243;][vc_row_inner row_type=&#8221;row&#8221; type=&#8221;full_width&#8221; text_align=&#8221;left&#8221; css_animation=&#8221;&#8221;][vc_column_inner width=&#8221;1\/2&#8243;][vc_single_image image=&#8221;18444&#8243; img_size=&#8221;full&#8221; alignment=&#8221;center&#8221; qode_css_animation=&#8221;&#8221;][vc_empty_space height=&#8221;30&#8243;][\/vc_column_inner][vc_column_inner width=&#8221;1\/2&#8243;][vc_column_text]<\/p>\n<h3 id=\"u8538-2\">QUAD RAIL SERIES &#8211; MAQUINAGEM DE CARRIS FERROVI\u00c1RIOS<\/h3>\n<p>[\/vc_column_text][vc_empty_space height=&#8221;10&#8243;][vc_column_text]<\/p>\n<div id=\"tab-panelu37669\" class=\"TabbedPanelsWidget clearfix grpelem\" role=\"tablist\">\n<div id=\"u37695\" class=\"TabbedPanelsContentGroup clearfix colelem\">\n<div id=\"u37696\" class=\"TabbedPanelsContent gradient rounded-corners clearfix grpelem TabbedPanelsContentVisible\" role=\"tabpanel\" aria-labelledby=\"u37679\">\n<div id=\"u37713-22\" class=\"clearfix grpelem\">\n<div id=\"u11753-20\" class=\"clearfix colelem\">\n<ul>\n<li>Estrutura de a\u00e7o monobloco e 2 zonas magn\u00e9ticas independentes, sem vibra\u00e7\u00f5es.<\/li>\n<li id=\"u12032-11\">Ferramenta com acesso total ao carril: com apenas duas posi\u00e7\u00f5es, \u00e9 poss\u00edvel trabalhar todas as superf\u00edcies e perfurar orif\u00edcios e bolsas.<\/li>\n<li>Elevada for\u00e7a de aperto magn\u00e9tico = maior profundidade de curso + redu\u00e7\u00e3o de tempo + aperto uniforme + aus\u00eancia de vibra\u00e7\u00f5es + consumo reduzido de ferramentas.<\/li>\n<li>Alinhamento perfeito dos carris.<\/li>\n<\/ul>\n<\/div>\n<\/div>\n<\/div>\n<\/div>\n<\/div>\n<p>[\/vc_column_text][vc_empty_space height=&#8221;40&#8243;][vc_column_text]<\/p>\n<h4><img loading=\"lazy\" decoding=\"async\" class=\"alignleft wp-image-15971 size-full\" src=\"http:\/\/italmatic.es\/wp-content\/uploads\/2019\/05\/PDF-icon-30.png\" alt=\"\" width=\"30\" height=\"39\" \/><a href=\"http:\/\/italmatic.es\/wp-content\/uploads\/2020\/05\/tecnomagnete-quadrail-catalogo.pdf\" target=\"_blank\" rel=\"noopener noreferrer\"><u>Cat\u00e1logo Quad Rail<\/u><\/a><\/h4>\n<p>[\/vc_column_text][vc_empty_space height=&#8221;80&#8243;][\/vc_column_inner][\/vc_row_inner]<\/div><div class=\"qode-advanced-tab-container\" id=\"tab-serie-lathe-824\" data-icon-pack=\"\" data-icon-html=\"\">[vc_empty_space height=&#8221;40&#8243;][vc_row_inner row_type=&#8221;row&#8221; type=&#8221;full_width&#8221; text_align=&#8221;left&#8221; css_animation=&#8221;&#8221;][vc_column_inner width=&#8221;1\/2&#8243;][vc_single_image image=&#8221;18445&#8243; img_size=&#8221;full&#8221; alignment=&#8221;center&#8221; qode_css_animation=&#8221;&#8221;][vc_empty_space height=&#8221;30&#8243;][\/vc_column_inner][vc_column_inner width=&#8221;1\/2&#8243;][vc_column_text]<\/p>\n<h3 id=\"u8538-2\">S\u00c9RIE LATHE<\/h3>\n<p>[\/vc_column_text][vc_empty_space height=&#8221;10&#8243;][vc_column_text]<\/p>\n<div id=\"tab-panelu37669\" class=\"TabbedPanelsWidget clearfix grpelem\" role=\"tablist\">\n<div id=\"u37695\" class=\"TabbedPanelsContentGroup clearfix colelem\">\n<div id=\"u37696\" class=\"TabbedPanelsContent gradient rounded-corners clearfix grpelem TabbedPanelsContentVisible\" role=\"tabpanel\" aria-labelledby=\"u37679\">\n<div id=\"u37713-22\" class=\"clearfix grpelem\">\n<div id=\"u11753-20\" class=\"clearfix colelem\">\n<ul>\n<li>M\u00e1xima flexibilidade e efici\u00eancia para a maquina\u00e7\u00e3o de an\u00e9is e flanges de alta precis\u00e3o.<\/li>\n<li id=\"u12032-11\">Amarra\u00e7\u00e3o uniforme.<\/li>\n<li>Pe\u00e7as sem deforma\u00e7\u00e3o ou distor\u00e7\u00e3o: compensa\u00e7\u00e3o autom\u00e1tica de irregularidades na planicidade da pe\u00e7a de trabalho atrav\u00e9s de extens\u00f5es polares, que levantam a pe\u00e7a de trabalho da superf\u00edcie do mandril.<\/li>\n<li>Acesso ao di\u00e2metro interior e ao di\u00e2metro exterior.<\/li>\n<li>N\u00e3o necessita de um fluxo de energia cont\u00ednuo sem sobreaquecimento.<\/li>\n<\/ul>\n<\/div>\n<\/div>\n<\/div>\n<\/div>\n<\/div>\n<p>[\/vc_column_text][vc_empty_space height=&#8221;40&#8243;][vc_column_text]<\/p>\n<h4><img loading=\"lazy\" decoding=\"async\" class=\"alignleft wp-image-15971 size-full\" src=\"http:\/\/italmatic.es\/wp-content\/uploads\/2019\/05\/PDF-icon-30.png\" alt=\"\" width=\"30\" height=\"39\" \/><a href=\"http:\/\/italmatic.es\/wp-content\/uploads\/2020\/05\/tecnomagnete-radiopole-catalogo.pdf\" target=\"_blank\" rel=\"noopener noreferrer\"><u>Cat\u00e1logo RadialPole<\/u><\/a><\/h4>\n<p>[\/vc_column_text][vc_empty_space height=&#8221;80&#8243;][\/vc_column_inner][\/vc_row_inner]<\/div><\/div>[\/vc_column][\/vc_row][vc_row css_animation=&#8221;&#8221; row_type=&#8221;row&#8221; use_row_as_full_screen_section=&#8221;no&#8221; type=&#8221;grid&#8221; angled_section=&#8221;no&#8221; text_align=&#8221;left&#8221; background_image_as_pattern=&#8221;without_pattern&#8221; z_index=&#8221;&#8221; anchor=&#8221;formulario&#8221;][vc_column width=&#8221;1\/4&#8243;][\/vc_column][vc_column width=&#8221;1\/2&#8243;][vc_empty_space height=&#8221;50&#8243;][vc_column_text]<\/p>\n<h3>Entramos em contacto contigo<\/h3>\n<p>[\/vc_column_text]\n<div class=\"wpcf7 no-js\" id=\"wpcf7-f21484-o1\" lang=\"pt-PT\" dir=\"ltr\" data-wpcf7-id=\"21484\">\n<div class=\"screen-reader-response\"><p role=\"status\" aria-live=\"polite\" aria-atomic=\"true\"><\/p> <ul><\/ul><\/div>\n<form action=\"\/pt-pt\/wp-json\/wp\/v2\/pages\/21274#wpcf7-f21484-o1\" method=\"post\" class=\"wpcf7-form init cf7_custom_style_1\" aria-label=\"Formul\u00e1rio de contacto\" novalidate=\"novalidate\" data-status=\"init\">\n<fieldset class=\"hidden-fields-container\"><input type=\"hidden\" name=\"_wpcf7\" value=\"21484\" \/><input type=\"hidden\" name=\"_wpcf7_version\" value=\"6.1.1\" \/><input type=\"hidden\" name=\"_wpcf7_locale\" value=\"pt_PT\" \/><input type=\"hidden\" name=\"_wpcf7_unit_tag\" value=\"wpcf7-f21484-o1\" \/><input type=\"hidden\" name=\"_wpcf7_container_post\" value=\"0\" \/><input type=\"hidden\" name=\"_wpcf7_posted_data_hash\" value=\"\" \/><input type=\"hidden\" name=\"_wpcf7_recaptcha_response\" value=\"\" \/>\n<\/fieldset>\n<p><span class=\"wpcf7-form-control-wrap\" data-name=\"your-name\"><input size=\"40\" maxlength=\"400\" class=\"wpcf7-form-control wpcf7-text wpcf7-validates-as-required\" aria-required=\"true\" aria-invalid=\"false\" placeholder=\"* Primeiro e \u00faltimo nome\" value=\"\" type=\"text\" name=\"your-name\" \/><\/span>\n<\/p>\n<p><span class=\"wpcf7-form-control-wrap\" data-name=\"your-email\"><input size=\"40\" maxlength=\"400\" class=\"wpcf7-form-control wpcf7-email wpcf7-validates-as-required wpcf7-text wpcf7-validates-as-email\" aria-required=\"true\" aria-invalid=\"false\" placeholder=\"* E-mail\" value=\"\" type=\"email\" name=\"your-email\" \/><\/span>\n<\/p>\n<p><span class=\"wpcf7-form-control-wrap\" data-name=\"your-message\"><textarea cols=\"40\" rows=\"10\" maxlength=\"2000\" class=\"wpcf7-form-control wpcf7-textarea wpcf7-validates-as-required\" aria-required=\"true\" aria-invalid=\"false\" placeholder=\"* Escreve a tua mensagem...\" name=\"your-message\"><\/textarea><\/span>\n<\/p>\n<p><span class=\"wpcf7-form-control-wrap\" data-name=\"acepto-otras-comunicaciones\"><span class=\"wpcf7-form-control wpcf7-acceptance optional\"><span class=\"wpcf7-list-item\"><input type=\"checkbox\" name=\"acepto-otras-comunicaciones\" value=\"1\" checked=\"checked\" aria-invalid=\"false\" \/><\/span><\/span><\/span> Aceito receber outras comunica\u00e7\u00f5es da <strong>Italmatic<\/strong>.\n<\/p>\n<p><span class=\"wpcf7-form-control-wrap\" data-name=\"acepto-politica-de-privacidad\"><span class=\"wpcf7-form-control wpcf7-acceptance\"><span class=\"wpcf7-list-item\"><input type=\"checkbox\" name=\"acepto-politica-de-privacidad\" value=\"1\" checked=\"checked\" aria-invalid=\"false\" \/><\/span><\/span><\/span> Aceito a <a href=\"https:\/\/italmatic.es\/politica-de-privacidad\/\" target=\"_blank\"><u>Pol\u00edtica de privacidade<\/u><\/a><br \/>\n<br \/>\n<input class=\"wpcf7-form-control wpcf7-submit has-spinner\" type=\"submit\" value=\"Enviar\" \/>\n<\/p><div class=\"wpcf7-response-output\" aria-hidden=\"true\"><\/div>\n<\/form>\n<\/div>\n[vc_column_text]<em>* Campos obrigat\u00f3rios.<\/em>[\/vc_column_text][\/vc_column][vc_column width=&#8221;1\/4&#8243;][\/vc_column][\/vc_row][vc_row css_animation=&#8221;&#8221; row_type=&#8221;row&#8221; use_row_as_full_screen_section=&#8221;no&#8221; type=&#8221;full_width&#8221; angled_section=&#8221;no&#8221; text_align=&#8221;left&#8221; background_image_as_pattern=&#8221;without_pattern&#8221;][vc_column][vc_empty_space height=&#8221;50&#8243;][\/vc_column][\/vc_row]<\/p>\n<\/div>","protected":false},"excerpt":{"rendered":"<p>A TECNOMAGNETE \u00e9 uma empresa italiana l\u00edder mundial em solu\u00e7\u00f5es electro-permanentes. A sua tecnologia oferece grandes vantagens em termos de produtividade, redu\u00e7\u00e3o de custos e seguran\u00e7a dos processos industriais. <\/p>\n<p>O seu desenvolvimento tecnol\u00f3gico \u00e9 pioneiro no mercado gra\u00e7as \u00e0s suas v\u00e1rias patentes tecnol\u00f3gicas que permitem o desenvolvimento de produtos de qualidade.<\/p>\n<p>As diferentes s\u00e9ries de produtos da divis\u00e3o de M\u00e1quinas-Ferramenta da TECNOMAGNETE s\u00e3o:<br \/>\n&#8211; S\u00e9rie RECTIFICADORES<br \/>\n&#8211; S\u00e9rie ELECTROEROSI\u00d3N<br \/>\n&#8211; S\u00e9rie FRESADORAS<br \/>\n&#8211; S\u00e9rie BLOCOS MODULARES<br \/>\n&#8211; S\u00e9rie M\u00c1QUINAS PARA TRILHOS DE FERRO<br \/>\n&#8211; S\u00e9rie TORRES<\/p>\n","protected":false},"author":9,"featured_media":20953,"parent":0,"menu_order":0,"comment_status":"closed","ping_status":"closed","template":"full_width.php","meta":{"footnotes":""},"class_list":["post-21274","page","type-page","status-publish","has-post-thumbnail","hentry"],"_links":{"self":[{"href":"https:\/\/italmatic.es\/pt-pt\/wp-json\/wp\/v2\/pages\/21274","targetHints":{"allow":["GET"]}}],"collection":[{"href":"https:\/\/italmatic.es\/pt-pt\/wp-json\/wp\/v2\/pages"}],"about":[{"href":"https:\/\/italmatic.es\/pt-pt\/wp-json\/wp\/v2\/types\/page"}],"author":[{"embeddable":true,"href":"https:\/\/italmatic.es\/pt-pt\/wp-json\/wp\/v2\/users\/9"}],"replies":[{"embeddable":true,"href":"https:\/\/italmatic.es\/pt-pt\/wp-json\/wp\/v2\/comments?post=21274"}],"version-history":[{"count":10,"href":"https:\/\/italmatic.es\/pt-pt\/wp-json\/wp\/v2\/pages\/21274\/revisions"}],"predecessor-version":[{"id":21706,"href":"https:\/\/italmatic.es\/pt-pt\/wp-json\/wp\/v2\/pages\/21274\/revisions\/21706"}],"wp:featuredmedia":[{"embeddable":true,"href":"https:\/\/italmatic.es\/pt-pt\/wp-json\/wp\/v2\/media\/20953"}],"wp:attachment":[{"href":"https:\/\/italmatic.es\/pt-pt\/wp-json\/wp\/v2\/media?parent=21274"}],"curies":[{"name":"wp","href":"https:\/\/api.w.org\/{rel}","templated":true}]}}