{"id":21282,"date":"2019-07-23T14:17:42","date_gmt":"2019-07-23T12:17:42","guid":{"rendered":"https:\/\/italmatic.es\/politica-de-cookies\/"},"modified":"2025-06-25T09:56:58","modified_gmt":"2025-06-25T07:56:58","slug":"politica-de-cookies","status":"publish","type":"page","link":"https:\/\/italmatic.es\/pt-pt\/politica-de-cookies\/","title":{"rendered":"Pol\u00edtica de cookies"},"content":{"rendered":"<div class=\"wpb-content-wrapper\"><p>[vc_row css_animation=&#8221;&#8221; row_type=&#8221;row&#8221; use_row_as_full_screen_section=&#8221;no&#8221; type=&#8221;full_width&#8221; angled_section=&#8221;no&#8221; text_align=&#8221;left&#8221; background_image_as_pattern=&#8221;without_pattern&#8221;][vc_column css=&#8221;.vc_custom_1563891422982{margin-top: 130px !important;}&#8221;][vc_column_text]<\/p>\n<h1>POL\u00cdTICA DE COOKIES<\/h1>\n<p>&nbsp;<\/p>\n<div>\n<p>Esta Pol\u00edtica de Cookies tem como objetivo fornecer as informa\u00e7\u00f5es necess\u00e1rias para que qualquer usu\u00e1rio do site possa decidir se permite a instala\u00e7\u00e3o dos cookies utilizados pela <strong>Italmatic.es<\/strong> e como gerenci\u00e1-los. Portanto, fornecemos uma s\u00e9rie de no\u00e7\u00f5es b\u00e1sicas cujo conhecimento consideramos essencial (o que s\u00e3o cookies e para que podem ser usados, ou como desativ\u00e1-los ou exclu\u00ed-los) para qualquer usu\u00e1rio da internet, e facilitamos a identifica\u00e7\u00e3o dos nossos cookies. <\/p>\n<p>&nbsp;<\/p>\n<p>A informa\u00e7\u00e3o sobre a Pol\u00edtica de Cookies de <strong>Italmatic.es<\/strong> \u00e9 fornecida em duas camadas: a primeira, um \u201caviso\u201d no rodap\u00e9 do site, que adverte sobre a instala\u00e7\u00e3o de cookies n\u00e3o isentos &#8211; descrevendo a sua finalidade &#8211; no caso de continuar a navegar sem modificar as configura\u00e7\u00f5es do navegador e fornece um link para esta Pol\u00edtica para que o usu\u00e1rio possa aprender mais sobre o seu conte\u00fado e funcionamento, sendo esta a segunda camada de informa\u00e7\u00e3o.<\/p>\n<p>&nbsp;<\/p>\n<p>A nossa Pol\u00edtica de Cookies \u00e9 p\u00fablica e est\u00e1 permanentemente acess\u00edvel atrav\u00e9s da liga\u00e7\u00e3o activada no s\u00edtio Web, denominada \u201cCookies\u201d, \u00e0 qual os utilizadores podem aceder para se manterem sempre informados.<\/p>\n<p>&nbsp;<\/p>\n<p>A presente Pol\u00edtica de Cookies pode ser actualizada a qualquer momento, na sequ\u00eancia de uma altera\u00e7\u00e3o regulamentar ou de qualquer altera\u00e7\u00e3o na configura\u00e7\u00e3o dos cookies utilizados.<\/p>\n<p>&nbsp;<\/p>\n<p><strong>Italmatic.es <\/strong>pode utilizar cookies, e outras tecnologias semelhantes, para armazenar e recuperar informa\u00e7\u00f5es do equipamento terminal dos utilizadores dos seus sites (a seguir designados coletivamente por \u201cCookies\u201d).<\/p>\n<p>&nbsp;<\/p>\n<p>Os cookies s\u00e3o ficheiros ou programas inform\u00e1ticos, enviados para um browser por um servidor Web, que armazenam informa\u00e7\u00f5es no computador do utilizador quando este acede ou navega num s\u00edtio Web e permitem o acesso ao s\u00edtio Web ap\u00f3s a sua instala\u00e7\u00e3o. Por outras palavras, s\u00e3o peda\u00e7os de informa\u00e7\u00e3o que um site instala no teu dispositivo quando o visitas. Estes dispositivos podem conter informa\u00e7\u00f5es sobre os h\u00e1bitos de navega\u00e7\u00e3o dos utilizadores ou sobre o equipamento em que est\u00e3o instalados, ou podem mesmo ser utilizados para reconhecer o utilizador.  <\/p>\n<\/div>\n<p>&nbsp;<\/p>\n<div>\n<p><strong>Tipos de cookies<\/strong><\/p>\n<p>&nbsp;<\/p>\n<p>Existem diferentes tipos de cookies, dependendo da finalidade para a qual s\u00e3o utilizados. <strong>Italmatic.es<\/strong> utiliza alguns dos seguintes tipos de cookies:<\/p>\n<p>&nbsp;<\/p>\n<p>&#8211; Cookies <strong>t\u00e9cnicos<\/strong>: Estes cookies permitem ao utilizador navegar no s\u00edtio Web e utilizar as diferentes op\u00e7\u00f5es ou servi\u00e7os dispon\u00edveis no mesmo, como, por exemplo, identificar dados pessoais ao comentar uma publica\u00e7\u00e3o, partilhar conte\u00fados atrav\u00e9s das redes sociais, etc.<br \/>\n&#8211; Cookies <strong>anal\u00edticos<\/strong>: Estes cookies permitem-nos monitorizar e analisar o comportamento dos utilizadores do nosso s\u00edtio Web.<br \/>\n&#8211; Cookies <strong>publicit\u00e1rios<\/strong>: s\u00e3o cookies que nos permitem gerir, da forma mais eficaz poss\u00edvel, o espa\u00e7o publicit\u00e1rio de um s\u00edtio Web, com base em crit\u00e9rios como o conte\u00fado editado ou a frequ\u00eancia com que os an\u00fancios s\u00e3o apresentados.<br \/>\n&#8211; Cookies <strong>de remarketing<\/strong>: atrav\u00e9s da inser\u00e7\u00e3o de um pixel ou de uma etiqueta, as visitas dos utilizadores a um s\u00edtio Web s\u00e3o registadas para que apare\u00e7am an\u00fancios sobre os nossos produtos e\/ou servi\u00e7os na <em>linha do tempo<\/em> das suas redes sociais (Twitter e\/ou Facebook). As redes sociais s\u00e3o respons\u00e1veis por registar e armazenar as informa\u00e7\u00f5es durante um per\u00edodo m\u00e1ximo de 90 a 180 dias. Os termos e condi\u00e7\u00f5es aplic\u00e1veis a estes servi\u00e7os podem ser consultados em: <a href=\"https:\/\/support.twitter.com\/articles\/20172377\">Twitter<\/a> e <a href=\"https:\/\/www.facebook.com\/business\/help\/341425252616329?locale=ca_ES\">Facebook<\/a>.<br \/>\n&#8211; Cookies <strong>sociais<\/strong>: S\u00e3o cookies que os fornecedores de servi\u00e7os de redes sociais podem instalar quando o utilizador seleciona partilhar determinado conte\u00fado do nosso website na rede social que operam. As condi\u00e7\u00f5es destes servi\u00e7os podem ser consultadas nos seguintes endere\u00e7os: <a href=\"https:\/\/www.facebook.com\/help\/cookies\/update\">Facebook<\/a>, <a href=\"https:\/\/support.twitter.com\/articles\/20170521\">Twitter<\/a> e <a href=\"http:\/\/www.google.es\/intl\/es\/policies\/technologies\/types\">Google Plus\/YouTube<\/a>.   <\/p>\n<p>&nbsp;<\/p>\n<p>Os cookies utilizados por <strong>Italmatic.es<\/strong> s\u00e3o an\u00f3nimos e n\u00e3o fornecem refer\u00eancias que permitam deduzir os dados pessoais do utilizador.<\/p>\n<p>&nbsp;<\/p>\n<p><strong>Gest\u00e3o de cookies<\/strong><\/p>\n<p>&nbsp;<\/p>\n<p>Os cookies ser\u00e3o instalados depois de obteres o consentimento do utilizador. Consideramos que obtivemos esse <strong>consentimento <\/strong>se o utilizador navegar no nosso site. <\/p>\n<p>&nbsp;<\/p>\n<p>Se o utilizador desejar <strong>revogar <\/strong>o consentimento dado, dever\u00e1 apagar os cookies instalados e, se for caso disso, modificar as suas prefer\u00eancias relativamente \u00e0 aceita\u00e7\u00e3o de cookies atrav\u00e9s das op\u00e7\u00f5es do seu browser. Para evitar que sejam instalados no futuro, dever\u00e1s ativar as op\u00e7\u00f5es de Navega\u00e7\u00e3o Privada ou \u201cDo-Not-Track\u201d disponibilizadas no teu browser, ou seja, bloquear ou desativar a instala\u00e7\u00e3o de cookies. <\/p>\n<p>&nbsp;<\/p>\n<p><strong>Para permitir, bloquear ou eliminar os cookies instalados<\/strong> no teu computador ou dispositivo atrav\u00e9s da configura\u00e7\u00e3o das op\u00e7\u00f5es do navegador instalado no mesmo, deves seguir as instru\u00e7\u00f5es fornecidas pelo pr\u00f3prio navegador. Abaixo est\u00e3o os links para configurar os cookies dos navegadores mais populares: <\/p>\n<p>&nbsp;<\/p>\n<p>&#8211; Internet Explorer: <a href=\"http:\/\/windows.microsoft.com\/es-xl\/internet-explorer\/delete-manage-cookies#ie=ie-10\">Eliminar e gerir cookies<\/a>,<br \/>\n&#8211; Mozilla Firefox: <a href=\"https:\/\/support.mozilla.org\/es\/kb\/Borrar%20cookies\">Eliminar cookies<\/a> e <a href=\"https:\/\/support.mozilla.org\/es\/kb\/impedir-que-los-sitios-web-guarden-sus-preferencia\">bloquear cookies<\/a>,<br \/>\n&#8211; Google Chrome: <a href=\"https:\/\/support.google.com\/chrome\/answer\/95647?hl=es\">Eliminar, ativar e gerir cookies<\/a>,<br \/>\n&#8211; Opera: <a href=\"http:\/\/help.opera.com\/Windows\/11.50\/es-ES\/cookies.html\">Op\u00e7\u00f5es de cookies<\/a>,<br \/>\n&#8211; Safari: <a href=\"https:\/\/support.apple.com\/kb\/PH21411?viewlocale=es_ES&amp;locale=es_ES\">Gerir cookies<\/a>.<\/p>\n<p>&nbsp;<\/p>\n<p>Se utilizas outro navegador, ou se os links fornecidos n\u00e3o cont\u00eam a informa\u00e7\u00e3o que pretendes, podes saber como gerir os cookies que est\u00e3o instalados no teu computador acedendo ao menu \u201cOp\u00e7\u00f5es\u201d ou \u201cDefini\u00e7\u00f5es\u201d &#8211; ou equivalente &#8211; do teu navegador, ou consultando a sec\u00e7\u00e3o \u201cAjuda\u201d ou \u201cSuporte\u201d do pr\u00f3prio navegador.<\/p>\n<p>&nbsp;<\/p>\n<p>H\u00e1 navegadores que permitem configurar regras espec\u00edficas &#8211; excep\u00e7\u00f5es &#8211; para gerir os cookies por site, de modo a que possas desativar os cookies de todos os sites, exceto daqueles em que confias.<\/p>\n<p>Se quiseres desativar os an\u00fancios de <em>remarketing<\/em> baseados em cookies, podes utilizar as seguintes liga\u00e7\u00f5es: <a href=\"https:\/\/www.facebook.com\/business\/help\/1415256572060999?locale=ca_ES\">Facebook<\/a> e <a href=\"https:\/\/support.twitter.com\/articles\/20171552\">Twitter<\/a>. Tamb\u00e9m podes definir a op\u00e7\u00e3o<a href=\"https:\/\/support.twitter.com\/articles\/20171375\">\u201cN\u00e3o seguir<\/a>\u201d no Twitter. <\/p>\n<p>&nbsp;<\/p>\n<p>Para gerir os \u201cAn\u00fancios do Google\u201d, podes utilizar a seguinte liga\u00e7\u00e3o: <a href=\"http:\/\/www.google.com\/settings\/ads\/anonymous?hl=es\">Controlar os teus an\u00fancios Google<\/a>. Tamb\u00e9m podes optar por n\u00e3o participar na recolha de informa\u00e7\u00f5es da DoubleClick (Google), Facebook, Twitter e outras entidades atrav\u00e9s das seguintes liga\u00e7\u00f5es: <a href=\"http:\/\/www.networkadvertising.org\/managing\/opt_out.asp\">networkadvertising.org<\/a>, <a href=\"http:\/\/www.youronlinechoices.com\/uk\/your-ad-choices\">youronlinechoices.com<\/a> e <a href=\"http:\/\/www.aboutads.info\/choices\/\">aboutads.info.<\/a> <\/p>\n<p>&nbsp;<\/p>\n<p>Em alternativa, se n\u00e3o quiseres que o c\u00f3digo JavaScript do Google Analytics recolha os teus dados de visita, podes instalar o Google Analytics <a href=\"https:\/\/tools.google.com\/dlpage\/gaoptout\">Opt-out Browser Add-on<\/a>. O complemento n\u00e3o impede que as informa\u00e7\u00f5es sejam enviadas para o Web site ou, de outras formas, para outros servi\u00e7os de an\u00e1lise da Web. Podes encontrar defini\u00e7\u00f5es de privacidade adicionais para os servi\u00e7os Google nos seguintes links: <a href=\"https:\/\/privacy.google.com\/my-controls.html\">Controlos de privacidade do Google<\/a> e <a href=\"http:\/\/www.google.com\/intl\/ca\/policies\/privacy\/partners\">Parceiros de privacidade do Google<\/a>.  <\/p>\n<p>&nbsp;<\/p>\n<p>Se bloqueares ou desactivares a utiliza\u00e7\u00e3o de cookies no teu browser, \u00e9 poss\u00edvel que alguns servi\u00e7os ou funcionalidades do s\u00edtio Web n\u00e3o estejam dispon\u00edveis.<\/p>\n<p>&nbsp;<\/p>\n<p>N\u00e3o te esque\u00e7as de definir as tuas prefer\u00eancias em todos os dispositivos que utilizas para navegar na Internet.<\/p>\n<\/div>\n<p>[vc_separator type=&#8221;transparent&#8221; position=&#8221;center&#8221; color=&#8221;&#8221; thickness=&#8221;&#8221; up=&#8221;25&#8243; down=&#8221;25&#8243;][\/vc_column_text][\/vc_column][\/vc_row]<\/p>\n<\/div>","protected":false},"excerpt":{"rendered":"<p>[vc_row css_animation=&#8221;&#8221; row_type=&#8221;row&#8221; use_row_as_full_screen_section=&#8221;no&#8221; type=&#8221;full_width&#8221; angled_section=&#8221;no&#8221; text_align=&#8221;left&#8221; background_image_as_pattern=&#8221;without_pattern&#8221;][vc_column css=&#8221;.vc_custom_1563891422982{margin-top: 130px !important;}&#8221;][vc_column_text] POL\u00cdTICA DE COOKIES &nbsp; Esta Pol\u00edtica de Cookies tem como objetivo fornecer as informa\u00e7\u00f5es necess\u00e1rias para que qualquer usu\u00e1rio do site possa decidir se permite a instala\u00e7\u00e3o dos cookies utilizados pela Italmatic.es e como&#8230;<\/p>\n","protected":false},"author":9,"featured_media":20847,"parent":0,"menu_order":0,"comment_status":"closed","ping_status":"closed","template":"","meta":{"footnotes":""},"class_list":["post-21282","page","type-page","status-publish","has-post-thumbnail","hentry"],"_links":{"self":[{"href":"https:\/\/italmatic.es\/pt-pt\/wp-json\/wp\/v2\/pages\/21282","targetHints":{"allow":["GET"]}}],"collection":[{"href":"https:\/\/italmatic.es\/pt-pt\/wp-json\/wp\/v2\/pages"}],"about":[{"href":"https:\/\/italmatic.es\/pt-pt\/wp-json\/wp\/v2\/types\/page"}],"author":[{"embeddable":true,"href":"https:\/\/italmatic.es\/pt-pt\/wp-json\/wp\/v2\/users\/9"}],"replies":[{"embeddable":true,"href":"https:\/\/italmatic.es\/pt-pt\/wp-json\/wp\/v2\/comments?post=21282"}],"version-history":[{"count":5,"href":"https:\/\/italmatic.es\/pt-pt\/wp-json\/wp\/v2\/pages\/21282\/revisions"}],"predecessor-version":[{"id":22471,"href":"https:\/\/italmatic.es\/pt-pt\/wp-json\/wp\/v2\/pages\/21282\/revisions\/22471"}],"wp:featuredmedia":[{"embeddable":true,"href":"https:\/\/italmatic.es\/pt-pt\/wp-json\/wp\/v2\/media\/20847"}],"wp:attachment":[{"href":"https:\/\/italmatic.es\/pt-pt\/wp-json\/wp\/v2\/media?parent=21282"}],"curies":[{"name":"wp","href":"https:\/\/api.w.org\/{rel}","templated":true}]}}