{"id":21298,"date":"2020-12-02T14:56:42","date_gmt":"2020-12-02T13:56:42","guid":{"rendered":"https:\/\/italmatic.es\/fama-2\/"},"modified":"2025-06-17T18:50:55","modified_gmt":"2025-06-17T16:50:55","slug":"fama-sistemas-centralizados-de-aspiracao-e-filtragem-de-nevoas-de-oleo-e-poeiras-em-suspensao","status":"publish","type":"page","link":"https:\/\/italmatic.es\/pt-pt\/fama-sistemas-centralizados-de-aspiracao-e-filtragem-de-nevoas-de-oleo-e-poeiras-em-suspensao\/","title":{"rendered":"FAMA"},"content":{"rendered":"<div class=\"wpb-content-wrapper\"><p>[vc_row css_animation=&#8221;&#8221; row_type=&#8221;row&#8221; use_row_as_full_screen_section=&#8221;no&#8221; type=&#8221;grid&#8221; angled_section=&#8221;no&#8221; text_align=&#8221;left&#8221; background_image_as_pattern=&#8221;without_pattern&#8221; z_index=&#8221;&#8221;][vc_column][vc_empty_space height=&#8221;50&#8243;][vc_row_inner row_type=&#8221;row&#8221; type=&#8221;full_width&#8221; text_align=&#8221;left&#8221; css_animation=&#8221;&#8221;][vc_column_inner width=&#8221;1\/4&#8243;][vc_single_image image=&#8221;18389&#8243; img_size=&#8221;medium&#8221; alignment=&#8221;center&#8221; onclick=&#8221;custom_link&#8221; img_link_target=&#8221;_blank&#8221; qode_css_animation=&#8221;&#8221; link=&#8221;http:\/\/www.famaproject.com&#8221;][vc_empty_space height=&#8221;40&#8243;][vc_separator type=&#8221;normal&#8221; color=&#8221;#f7931e&#8221; thickness=&#8221;1&#8243;][vc_column_text]<strong>Pa\u00eds:<\/strong> It\u00e1lia<u><\/u>[\/vc_column_text][vc_separator type=&#8221;normal&#8221; color=&#8221;#f7931e&#8221; thickness=&#8221;1&#8243;][vc_column_text]<strong>Ano de cria\u00e7\u00e3o: <\/strong>1992[\/vc_column_text][vc_separator type=&#8221;normal&#8221; color=&#8221;#f7931e&#8221; thickness=&#8221;1&#8243;][vc_column_text]<strong>Web:<\/strong> <strong><a href=\"http:\/\/www.famaproject.com\/index_eng.asp\" target=\"_blank\" rel=\"noopener noreferrer\"><u>Acede ao s\u00edtio Web<\/u><\/a><\/strong>[\/vc_column_text][vc_separator type=&#8221;normal&#8221; color=&#8221;#f7931e&#8221; thickness=&#8221;1&#8243;][vc_empty_space height=&#8221;40&#8243;][\/vc_column_inner][vc_column_inner el_class=&#8221;producto-columna-intro&#8221; width=&#8221;3\/4&#8243;][vc_column_text]<\/p>\n<h3>SISTEMAS CENTRALIZADOS DE ASPIRA\u00c7\u00c3O E FILTRAGEM DE N\u00c9VOAS DE \u00d3LEO E POEIRAS EM SUSPENS\u00c3O<\/h3>\n<p>[\/vc_column_text][vc_empty_space height=&#8221;20&#8243;][vc_column_text]<\/p>\n<p id=\"u8330-6\"><strong>A FAMA<\/strong> \u00e9 uma empresa italiana fundada em 1992 por t\u00e9cnicos especializados no tratamento de aparas e l\u00edquidos de refrigera\u00e7\u00e3o. A experi\u00eancia adquirida ao longo de mais de 30 anos e a flexibilidade da sua estrutura fazem da FAMA o parceiro ideal para a conce\u00e7\u00e3o, fabrico e instala\u00e7\u00e3o de solu\u00e7\u00f5es altamente eficientes. <\/p>\n<p>[\/vc_column_text][vc_empty_space height=&#8221;10&#8243;][vc_column_text]<\/p>\n<p id=\"u8330-6\">No respeito escrupuloso das normas em vigor em mat\u00e9ria de sa\u00fade no trabalho e de ambiente, <strong>a FAMA<\/strong> concebe e fabrica sistemas de extra\u00e7\u00e3o e filtragem de fumos, n\u00e9voas de \u00f3leo e ar carregado de poeiras secas, incluindo aplica\u00e7\u00f5es com poeiras perigosas ou explosivas.<\/p>\n<p>[\/vc_column_text][vc_empty_space height=&#8221;40&#8243;][vc_column_text]<\/p>\n<h4><img loading=\"lazy\" decoding=\"async\" class=\"alignleft wp-image-15971 size-full\" src=\"http:\/\/italmatic.es\/wp-content\/uploads\/2019\/05\/PDF-icon-30.png\" alt=\"\" width=\"30\" height=\"39\"><a href=\"http:\/\/italmatic.es\/wp-content\/uploads\/2020\/12\/ficha-FAMA-depuracion-centralizada.pdf\" target=\"_blank\" rel=\"noopener noreferrer\"><u>Vis\u00e3o geral do produto FAMA<\/u><\/a><\/h4>\n<p>[\/vc_column_text][vc_empty_space height=&#8221;40&#8243;][\/vc_column_inner][\/vc_row_inner][vc_column_inner width=&#8221;1\/3&#8243;][\/vc_column_inner][vc_empty_space height=&#8221;50&#8243;][\/vc_column][\/vc_row][vc_row css_animation=&#8221;&#8221; row_type=&#8221;row&#8221; use_row_as_full_screen_section=&#8221;yes&#8221; type=&#8221;grid&#8221; angled_section=&#8221;no&#8221; text_align=&#8221;left&#8221; background_image_as_pattern=&#8221;without_pattern&#8221; row_negative_margin=&#8221;disable_negative_margin&#8221; css=&#8221;.vc_custom_1684244156467{background-image: url(https:\/\/italmatic.es\/wp-content\/uploads\/2023\/05\/cta-equipo-humano-fondo-1920x305px.jpg?id=19889) !important;}&#8221; z_index=&#8221;&#8221;][vc_column width=&#8221;1\/6&#8243;][\/vc_column][vc_column width=&#8221;1\/6&#8243;][vc_empty_space height=&#8221;35&#8243;][vc_single_image image=&#8221;19918&#8243; img_size=&#8221;full&#8221; alignment=&#8221;center&#8221; qode_css_animation=&#8221;element_from_left&#8221;][vc_empty_space height=&#8221;5&#8243;][vc_column_text]<\/p>\n<h3 style=\"color: white; text-align: center;\">I\u00f1igo<\/h3>\n<p>[\/vc_column_text][vc_empty_space height=&#8221;5&#8243;][vc_column_text]<\/p>\n<h4 style=\"color: #f7931e; text-align: center;\">Diretor Geral<\/h4>\n<p>[\/vc_column_text][vc_empty_space height=&#8221;20&#8243;][\/vc_column][vc_column width=&#8221;1\/6&#8243;][vc_empty_space height=&#8221;35&#8243; el_class=&#8221;espacio-none&#8221;][vc_single_image image=&#8221;19919&#8243; img_size=&#8221;full&#8221; alignment=&#8221;center&#8221; qode_css_animation=&#8221;element_from_left&#8221;][vc_empty_space height=&#8221;5&#8243;][vc_column_text]<\/p>\n<h3 style=\"color: white; text-align: center;\">Nuria<\/h3>\n<p>[\/vc_column_text][vc_empty_space height=&#8221;5&#8243;][vc_column_text]<\/p>\n<h4 style=\"color: #f7931e; text-align: center;\">Comercial<\/h4>\n<p>[\/vc_column_text][vc_empty_space height=&#8221;20&#8243;][\/vc_column][vc_column width=&#8221;1\/2&#8243; el_class=&#8221;cta-columna-boton&#8221;][vc_empty_space height=&#8221;80&#8243; el_class=&#8221;espacio-none&#8221;][vc_column_text]<\/p>\n<h3 style=\"color: white;\">Acelera a tua pesquisa, contacta a nossa equipa<\/h3>\n<p>[\/vc_column_text][vc_empty_space height=&#8221;15&#8243;]<a  itemprop=\"url\" href=\"#formulario\" target=\"_self\" data-hover-background-color=\"#ffffff\" data-hover-color=\"#f7931e\" class=\"qbutton  small center default\" style=\"color: #ffffff; font-style: normal; font-weight: 300; font-family: Roboto; text-transform: none; font-size: 15px; border-radius: 30px;-moz-border-radius: 30px;-webkit-border-radius: 30px; background-color:#f7931e;\">Fala com os nossos especialistas<i class=\"qode_icon_font_awesome fa fa-arrow-down qode_button_icon_element\"><\/i><\/a>[vc_empty_space height=&#8221;50&#8243;][\/vc_column][\/vc_row][vc_row css_animation=&#8221;&#8221; row_type=&#8221;row&#8221; use_row_as_full_screen_section=&#8221;no&#8221; type=&#8221;full_width&#8221; angled_section=&#8221;no&#8221; text_align=&#8221;left&#8221; background_image_as_pattern=&#8221;without_pattern&#8221;][vc_column][vc_empty_space height=&#8221;50&#8243;][\/vc_column][\/vc_row][vc_row css_animation=&#8221;&#8221; row_type=&#8221;row&#8221; use_row_as_full_screen_section=&#8221;no&#8221; type=&#8221;grid&#8221; angled_section=&#8221;no&#8221; text_align=&#8221;left&#8221; background_image_as_pattern=&#8221;without_pattern&#8221; z_index=&#8221;&#8221;][vc_column css=&#8221;.vc_custom_1560530156053{margin-top: 0px !important;padding-bottom: 35px !important;background-color: #f7931e !important;}&#8221;][vc_column_text]<\/p>\n<h3 style=\"color: #ffffff; text-align: center;\">Sistemas centralizados de aspira\u00e7\u00e3o e filtragem de n\u00e9voas de \u00f3leo e poeiras em suspens\u00e3o<\/h3>\n<p>[\/vc_column_text][\/vc_column][\/vc_row][vc_row css_animation=&#8221;&#8221; row_type=&#8221;row&#8221; use_row_as_full_screen_section=&#8221;no&#8221; type=&#8221;grid&#8221; angled_section=&#8221;no&#8221; text_align=&#8221;left&#8221; background_image_as_pattern=&#8221;without_pattern&#8221; z_index=&#8221;&#8221;][vc_column][vc_row_inner row_type=&#8221;row&#8221; type=&#8221;full_width&#8221; text_align=&#8221;left&#8221; css_animation=&#8221;&#8221; background_color=&#8221;#ffffff&#8221;][vc_column_inner width=&#8221;1\/2&#8243;][vc_empty_space height=&#8221;15&#8243;][vc_single_image image=&#8221;19362&#8243; img_size=&#8221;full&#8221; qode_css_animation=&#8221;&#8221;][vc_gallery interval=&#8221;3&#8243; images=&#8221;19365,19364,19368&#8243; img_size=&#8221;full&#8221; onclick=&#8221;&#8221;][\/vc_column_inner][vc_column_inner width=&#8221;1\/2&#8243;][vc_empty_space height=&#8221;60&#8243;][vc_column_text]<\/p>\n<h3 id=\"u8538-2\">Vantagens<\/h3>\n<p>[\/vc_column_text][vc_empty_space height=&#8221;10&#8243;][vc_column_text]<\/p>\n<ul>\n<li id=\"u11304-8\">Personaliza\u00e7\u00e3o: Os sistemas centralizados da FAMA s\u00e3o personalizados de acordo com as necessidades individuais dos clientes.<\/li>\n<li>Flexibilidade: adaptam-se a qualquer tipo de instala\u00e7\u00e3o, desde pequenas oficinas de maquinagem a grandes instala\u00e7\u00f5es industriais.<\/li>\n<li>Telecuidado: as instala\u00e7\u00f5es de aspira\u00e7\u00e3o e filtra\u00e7\u00e3o podem ser preparadas para manuten\u00e7\u00e3o remota e apoio de telecuidado.<\/li>\n<\/ul>\n<p>[\/vc_column_text][vc_empty_space height=&#8221;40&#8243;][vc_column_text]<\/p>\n<h3 id=\"u8538-2\"><strong>Filtragem de n\u00e9voa de \u00f3leo<\/strong><\/h3>\n<p>[\/vc_column_text][vc_empty_space height=&#8221;10&#8243;][vc_column_text]Os sistemas de filtragem centralizados <strong>da FAMA<\/strong> captam a n\u00e9voa de \u00f3leo diretamente da m\u00e1quina-ferramenta, garantindo uma boa qualidade do ar na \u00e1rea de produ\u00e7\u00e3o.[\/vc_column_text][vc_empty_space height=&#8221;10&#8243;][vc_column_text]As unidades de filtragem s\u00e3o unidades compactas e altamente eficientes e s\u00e3o especificamente concebidas para o tratamento de n\u00e9voa de \u00f3leo gerada em processos de maquina\u00e7\u00e3o.[\/vc_column_text][vc_empty_space height=&#8221;10&#8243;][vc_column_text]S\u00e3o unidades modulares que podem ser equipadas com at\u00e9 5 est\u00e1gios de filtragem <strong>(<\/strong>s\u00e9rie <strong>F PLUS<\/strong>), o que proporciona uma grande superf\u00edcie de filtragem.[\/vc_column_text][vc_empty_space height=&#8221;10&#8243;][vc_column_text]Os tubos de aspira\u00e7\u00e3o s\u00e3o concebidos, fabricados e instalados de acordo com elevados padr\u00f5es de qualidade, o que garante a sua longa dura\u00e7\u00e3o.[\/vc_column_text][vc_empty_space height=&#8221;40&#8243;][vc_column_text]<\/p>\n<h3 id=\"u8538-2\">Filtragem de poeiras em suspens\u00e3o<\/h3>\n<p>[\/vc_column_text][vc_empty_space height=&#8221;10&#8243;][vc_column_text]<strong>A FAMA<\/strong> tamb\u00e9m concebe, fabrica e instala sistemas centralizados de extra\u00e7\u00e3o e filtragem de ar com poeiras em suspens\u00e3o. O seu departamento de engenharia est\u00e1 apto a fornecer solu\u00e7\u00f5es personalizadas de acordo com as mais variadas necessidades dos clientes: <\/p>\n<ul>\n<li>Instala\u00e7\u00f5es com filtros de auto-limpeza.<\/li>\n<li>Filtros para ar de alta temperatura (250\u00b0C).<\/li>\n<li>Filtros para poeiras t\u00f3xicas.<\/li>\n<li>Filtros de acordo com os regulamentos ATEX para poeiras explosivas.<\/li>\n<\/ul>\n<p>[\/vc_column_text][vc_empty_space height=&#8221;40&#8243;][vc_column_text]<\/p>\n<h3 id=\"u8538-2\">Gama de filtros de n\u00e9voa de \u00f3leo. Resumo das carater\u00edsticas t\u00e9cnicas: <\/h3>\n<p>[\/vc_column_text][vc_empty_space height=&#8221;20&#8243;][vc_column_text]<\/p>\n<table>\n<tbody>\n<tr class=\"fondo\">\n<td class=\"columna\" style=\"text-align: left;\"><strong>Modelo<\/strong><\/td>\n<td class=\"texto-interlineado\" style=\"text-align: left;\"><strong>Superf\u00edcie de<br \/>\nfiltragem (m<sup>2<\/sup>)<\/strong><\/td>\n<td style=\"text-align: left;\"><strong>Dimens\u00f5es (mm)<\/strong><\/td>\n<td class=\"texto-interlineado\" style=\"text-align: left;\"><strong>Caudal aprox. (m<sup>3<\/sup>\/h) <\/strong><\/td>\n<td style=\"text-align: left;\"><strong>Pot\u00eancia (kW)<\/strong><\/td>\n<\/tr>\n<tr>\n<td style=\"text-align: left;\"><b>\u00d3LEO T4 <\/b><\/td>\n<td style=\"text-align: left;\">35,2<\/td>\n<td style=\"text-align: left;\">1560 x 1650 x 2350<\/td>\n<td style=\"text-align: left;\">16000<\/td>\n<td style=\"text-align: left;\">11 &#8211; 18,5<\/td>\n<\/tr>\n<tr>\n<td style=\"text-align: left;\"><b>T6 \u00d3LEO <\/b><\/td>\n<td style=\"text-align: left;\">52,8<\/td>\n<td style=\"text-align: left;\">2340 x 1650 x 2350<\/td>\n<td style=\"text-align: left;\">24000<\/td>\n<td style=\"text-align: left;\">15 &#8211; 22<\/td>\n<\/tr>\n<tr>\n<td style=\"text-align: left;\"><b>\u00d3LEO T8 <\/b><\/td>\n<td style=\"text-align: left;\">70,4<\/td>\n<td style=\"text-align: left;\">3120 x 1650 x 2350<\/td>\n<td style=\"text-align: left;\">32000<\/td>\n<td style=\"text-align: left;\">18,5 &#8211; 30<\/td>\n<\/tr>\n<tr>\n<td style=\"text-align: left;\"><b>\u00d3LEO T10 <\/b><\/td>\n<td style=\"text-align: left;\">88<\/td>\n<td style=\"text-align: left;\">3900 x 1650 x 2350<\/td>\n<td style=\"text-align: left;\">40000<\/td>\n<td style=\"text-align: left;\">22 &#8211; 55<\/td>\n<\/tr>\n<tr class=\"separador\">\n<td style=\"text-align: left;\"><strong>F \u00d3LEO 1 <\/strong><\/td>\n<td style=\"text-align: left;\">5,5<\/td>\n<td style=\"text-align: left;\">750 x 750 x 2200<\/td>\n<td style=\"text-align: left;\">2000 &#8211; 4000<\/td>\n<td style=\"text-align: left;\">2,2 &#8211; 4<\/td>\n<\/tr>\n<tr>\n<td style=\"text-align: left;\"><strong>F \u00d3LEO 2<\/strong><\/td>\n<td style=\"text-align: left;\">11<\/td>\n<td style=\"text-align: left;\">1500 x 750 x 2250<\/td>\n<td style=\"text-align: left;\">4500 &#8211; 8000<\/td>\n<td style=\"text-align: left;\">4 &#8211; 7,5<\/td>\n<\/tr>\n<tr>\n<td style=\"text-align: left;\"><strong>F \u00d3LEO 4<\/strong><\/td>\n<td style=\"text-align: left;\">22<\/td>\n<td style=\"text-align: left;\">1500 x 1150 x 2250<\/td>\n<td style=\"text-align: left;\">8000 &#8211; 12000<\/td>\n<td style=\"text-align: left;\">7,5 &#8211; 11<\/td>\n<\/tr>\n<tr class=\"separador\">\n<td style=\"text-align: left;\"><strong>F1 PLUS<\/strong><\/td>\n<td style=\"text-align: left;\">25,5<\/td>\n<td style=\"text-align: left;\">900 x 650 x 2950<\/td>\n<td style=\"text-align: left;\">4000<\/td>\n<td style=\"text-align: left;\">4 &#8211; 5,5<\/td>\n<\/tr>\n<tr>\n<td style=\"text-align: left;\"><strong>F2 PLUS<\/strong><\/td>\n<td style=\"text-align: left;\">46<\/td>\n<td style=\"text-align: left;\">900 x 1150 x 2950<\/td>\n<td style=\"text-align: left;\">8000<\/td>\n<td style=\"text-align: left;\">5,5 &#8211; 7,5 &#8211; 11<\/td>\n<\/tr>\n<tr>\n<td style=\"text-align: left;\"><strong>F4 PLUS<\/strong><\/td>\n<td style=\"text-align: left;\">102<\/td>\n<td style=\"text-align: left;\">1800 x 1250 x 3200<\/td>\n<td style=\"text-align: left;\">16000<\/td>\n<td style=\"text-align: left;\">11 &#8211; 15 &#8211; 18,5 &#8211; 22<\/td>\n<\/tr>\n<tr>\n<td style=\"text-align: left;\"><strong>F6 PLUS<\/strong><\/td>\n<td style=\"text-align: left;\">153<\/td>\n<td style=\"text-align: left;\">2650 x 1250 x 3200<\/td>\n<td style=\"text-align: left;\">24000<\/td>\n<td style=\"text-align: left;\">18,5 &#8211; 22<\/td>\n<\/tr>\n<\/tbody>\n<\/table>\n<p>[\/vc_column_text][vc_empty_space height=&#8221;80&#8243;][\/vc_column_inner][\/vc_row_inner][\/vc_column][\/vc_row][vc_row css_animation=&#8221;&#8221; row_type=&#8221;row&#8221; use_row_as_full_screen_section=&#8221;no&#8221; type=&#8221;grid&#8221; angled_section=&#8221;no&#8221; text_align=&#8221;left&#8221; background_image_as_pattern=&#8221;without_pattern&#8221; z_index=&#8221;&#8221; anchor=&#8221;formulario&#8221;][vc_column width=&#8221;1\/4&#8243;][\/vc_column][vc_column width=&#8221;1\/2&#8243;][vc_empty_space height=&#8221;50&#8243;][vc_column_text]<\/p>\n<h3>Entramos em contacto contigo<\/h3>\n<p>[\/vc_column_text]\n<div class=\"wpcf7 no-js\" id=\"wpcf7-f21424-o1\" lang=\"pt-PT\" dir=\"ltr\" data-wpcf7-id=\"21424\">\n<div class=\"screen-reader-response\"><p role=\"status\" aria-live=\"polite\" aria-atomic=\"true\"><\/p> <ul><\/ul><\/div>\n<form action=\"\/pt-pt\/wp-json\/wp\/v2\/pages\/21298#wpcf7-f21424-o1\" method=\"post\" class=\"wpcf7-form init cf7_custom_style_1\" aria-label=\"Formul\u00e1rio de contacto\" novalidate=\"novalidate\" data-status=\"init\">\n<fieldset class=\"hidden-fields-container\"><input type=\"hidden\" name=\"_wpcf7\" value=\"21424\" \/><input type=\"hidden\" name=\"_wpcf7_version\" value=\"6.1.1\" \/><input type=\"hidden\" name=\"_wpcf7_locale\" value=\"pt_PT\" \/><input type=\"hidden\" name=\"_wpcf7_unit_tag\" value=\"wpcf7-f21424-o1\" \/><input type=\"hidden\" name=\"_wpcf7_container_post\" value=\"0\" \/><input type=\"hidden\" name=\"_wpcf7_posted_data_hash\" value=\"\" \/><input type=\"hidden\" name=\"_wpcf7_recaptcha_response\" value=\"\" \/>\n<\/fieldset>\n<p><span class=\"wpcf7-form-control-wrap\" data-name=\"your-name\"><input size=\"40\" maxlength=\"400\" class=\"wpcf7-form-control wpcf7-text wpcf7-validates-as-required\" aria-required=\"true\" aria-invalid=\"false\" placeholder=\"* Primeiro e \u00faltimo nome\" value=\"\" type=\"text\" name=\"your-name\" \/><\/span>\n<\/p>\n<p><span class=\"wpcf7-form-control-wrap\" data-name=\"your-email\"><input size=\"40\" maxlength=\"400\" class=\"wpcf7-form-control wpcf7-email wpcf7-validates-as-required wpcf7-text wpcf7-validates-as-email\" aria-required=\"true\" aria-invalid=\"false\" placeholder=\"* E-mail\" value=\"\" type=\"email\" name=\"your-email\" \/><\/span>\n<\/p>\n<p><span class=\"wpcf7-form-control-wrap\" data-name=\"your-message\"><textarea cols=\"40\" rows=\"10\" maxlength=\"2000\" class=\"wpcf7-form-control wpcf7-textarea wpcf7-validates-as-required\" aria-required=\"true\" aria-invalid=\"false\" placeholder=\"* Escreve a tua mensagem...\" name=\"your-message\"><\/textarea><\/span>\n<\/p>\n<p><span class=\"wpcf7-form-control-wrap\" data-name=\"acepto-otras-comunicaciones\"><span class=\"wpcf7-form-control wpcf7-acceptance optional\"><span class=\"wpcf7-list-item\"><input type=\"checkbox\" name=\"acepto-otras-comunicaciones\" value=\"1\" checked=\"checked\" aria-invalid=\"false\" \/><\/span><\/span><\/span> Aceito receber outras comunica\u00e7\u00f5es da <strong>Italmatic<\/strong>.\n<\/p>\n<p><span class=\"wpcf7-form-control-wrap\" data-name=\"acepto-politica-de-privacidad\"><span class=\"wpcf7-form-control wpcf7-acceptance\"><span class=\"wpcf7-list-item\"><input type=\"checkbox\" name=\"acepto-politica-de-privacidad\" value=\"1\" checked=\"checked\" aria-invalid=\"false\" \/><\/span><\/span><\/span> Aceito a <a href=\"https:\/\/italmatic.es\/politica-de-privacidad\/\" target=\"_blank\"><u>Pol\u00edtica de privacidade<\/u><\/a><br \/>\n<br \/>\n<input class=\"wpcf7-form-control wpcf7-submit has-spinner\" type=\"submit\" value=\"Enviar\" \/>\n<\/p><div class=\"wpcf7-response-output\" aria-hidden=\"true\"><\/div>\n<\/form>\n<\/div>\n[vc_column_text]<em>* Campos obrigat\u00f3rios.<\/em>[\/vc_column_text][\/vc_column][vc_column width=&#8221;1\/4&#8243;][\/vc_column][\/vc_row][vc_row css_animation=&#8221;&#8221; row_type=&#8221;row&#8221; use_row_as_full_screen_section=&#8221;no&#8221; type=&#8221;full_width&#8221; angled_section=&#8221;no&#8221; text_align=&#8221;left&#8221; background_image_as_pattern=&#8221;without_pattern&#8221;][vc_column][vc_empty_space height=&#8221;50&#8243;][\/vc_column][\/vc_row]<\/p>\n<\/div>","protected":false},"excerpt":{"rendered":"<p>A FAMA \u00e9 uma empresa italiana fundada em 1992 por t\u00e9cnicos especializados no tratamento de aparas e l\u00edquidos de refrigera\u00e7\u00e3o. A experi\u00eancia adquirida ao longo de mais de 30 anos e a flexibilidade da sua estrutura fazem da FAMA o parceiro ideal para a conce\u00e7\u00e3o, fabrico e instala\u00e7\u00e3o de solu\u00e7\u00f5es altamente eficientes. <\/p>\n<p>No respeito escrupuloso das normas em vigor em mat\u00e9ria de sa\u00fade no trabalho e de ambiente, a FAMA concebe e fabrica sistemas de extra\u00e7\u00e3o e filtragem de fumos, n\u00e9voas de \u00f3leo e ar carregado de poeiras secas, incluindo aplica\u00e7\u00f5es com poeiras perigosas ou explosivas.<\/p>\n","protected":false},"author":9,"featured_media":21120,"parent":0,"menu_order":0,"comment_status":"closed","ping_status":"closed","template":"full_width.php","meta":{"footnotes":""},"class_list":["post-21298","page","type-page","status-publish","has-post-thumbnail","hentry"],"_links":{"self":[{"href":"https:\/\/italmatic.es\/pt-pt\/wp-json\/wp\/v2\/pages\/21298","targetHints":{"allow":["GET"]}}],"collection":[{"href":"https:\/\/italmatic.es\/pt-pt\/wp-json\/wp\/v2\/pages"}],"about":[{"href":"https:\/\/italmatic.es\/pt-pt\/wp-json\/wp\/v2\/types\/page"}],"author":[{"embeddable":true,"href":"https:\/\/italmatic.es\/pt-pt\/wp-json\/wp\/v2\/users\/9"}],"replies":[{"embeddable":true,"href":"https:\/\/italmatic.es\/pt-pt\/wp-json\/wp\/v2\/comments?post=21298"}],"version-history":[{"count":15,"href":"https:\/\/italmatic.es\/pt-pt\/wp-json\/wp\/v2\/pages\/21298\/revisions"}],"predecessor-version":[{"id":21820,"href":"https:\/\/italmatic.es\/pt-pt\/wp-json\/wp\/v2\/pages\/21298\/revisions\/21820"}],"wp:featuredmedia":[{"embeddable":true,"href":"https:\/\/italmatic.es\/pt-pt\/wp-json\/wp\/v2\/media\/21120"}],"wp:attachment":[{"href":"https:\/\/italmatic.es\/pt-pt\/wp-json\/wp\/v2\/media?parent=21298"}],"curies":[{"name":"wp","href":"https:\/\/api.w.org\/{rel}","templated":true}]}}