{"id":21302,"date":"2020-05-07T10:21:33","date_gmt":"2020-05-07T08:21:33","guid":{"rendered":"https:\/\/italmatic.es\/tecnomagnet-3\/"},"modified":"2025-06-04T10:05:38","modified_gmt":"2025-06-04T08:05:38","slug":"tecnomagnet-mandris-magneticos-de-fresagem","status":"publish","type":"page","link":"https:\/\/italmatic.es\/pt-pt\/tecnomagnet-mandris-magneticos-de-fresagem\/","title":{"rendered":"TECNOMAGNETE"},"content":{"rendered":"<div class=\"wpb-content-wrapper\"><p>[vc_row css_animation=&#8221;&#8221; row_type=&#8221;row&#8221; use_row_as_full_screen_section=&#8221;no&#8221; type=&#8221;grid&#8221; angled_section=&#8221;no&#8221; text_align=&#8221;left&#8221; background_image_as_pattern=&#8221;without_pattern&#8221; z_index=&#8221;&#8221;][vc_column][vc_empty_space height=&#8221;50&#8243;][vc_row_inner row_type=&#8221;row&#8221; type=&#8221;full_width&#8221; text_align=&#8221;left&#8221; css_animation=&#8221;&#8221;][vc_column_inner width=&#8221;1\/4&#8243;][vc_single_image image=&#8221;18438&#8243; img_size=&#8221;medium&#8221; alignment=&#8221;center&#8221; onclick=&#8221;custom_link&#8221; img_link_target=&#8221;_blank&#8221; qode_css_animation=&#8221;&#8221; link=&#8221;http:\/\/www.tecnomagnete.com\/en\/&#8221;][vc_empty_space height=&#8221;40&#8243;][vc_separator type=&#8221;normal&#8221; color=&#8221;#f7931e&#8221; thickness=&#8221;1&#8243;][vc_column_text]<strong>Pa\u00eds:<\/strong> It\u00e1lia<u><\/u>[\/vc_column_text][vc_separator type=&#8221;normal&#8221; color=&#8221;#f7931e&#8221; thickness=&#8221;1&#8243;][vc_column_text]<strong>Ano de cria\u00e7\u00e3o: <\/strong>1974[\/vc_column_text][vc_separator type=&#8221;normal&#8221; color=&#8221;#f7931e&#8221; thickness=&#8221;1&#8243;][vc_column_text]<strong>Web:<\/strong> <strong><a href=\"http:\/\/www.tecnomagnete.com\/en\/\" target=\"_blank\" rel=\"noopener noreferrer\"><u>Acede ao s\u00edtio Web<\/u><\/a><\/strong>[\/vc_column_text][vc_separator type=&#8221;normal&#8221; color=&#8221;#f7931e&#8221; thickness=&#8221;1&#8243;][vc_empty_space height=&#8221;40&#8243;][\/vc_column_inner][vc_column_inner el_class=&#8221;producto-columna-intro&#8221; width=&#8221;3\/4&#8243;][vc_column_text]<\/p>\n<h3>MANDRIS MAGN\u00c9TICOS DE FRESAGEM<\/h3>\n<p>[\/vc_column_text][vc_empty_space height=&#8221;20&#8243;][vc_column_text]<\/p>\n<p id=\"u8330-6\"><strong>A TECNOMAGNETE<\/strong> \u00e9 uma empresa italiana l\u00edder mundial em solu\u00e7\u00f5es electro-permanentes. A sua tecnologia oferece grandes vantagens em termos de produtividade, redu\u00e7\u00e3o de custos e seguran\u00e7a dos processos industriais.<\/p>\n<p>[\/vc_column_text][vc_empty_space height=&#8221;10&#8243;][vc_column_text]<\/p>\n<p id=\"u8330-6\">O seu desenvolvimento tecnol\u00f3gico \u00e9 pioneiro no mercado gra\u00e7as \u00e0s suas v\u00e1rias patentes tecnol\u00f3gicas que permitem o desenvolvimento de produtos de qualidade.<\/p>\n<p>[\/vc_column_text][vc_empty_space height=&#8221;10&#8243;][vc_column_text]<\/p>\n<p id=\"u8330-6\">Os sistemas magn\u00e9ticos da <strong>TECNOMAGNETE<\/strong> s\u00e3o a solu\u00e7\u00e3o ideal para a fixa\u00e7\u00e3o de pe\u00e7as em fresadoras, centros de usinagem, paletes, esquadros e sistemas <strong>FMS<\/strong>.<\/p>\n<p>[\/vc_column_text][vc_empty_space height=&#8221;10&#8243;][vc_column_text]<\/p>\n<p id=\"u8330-6\">Num mandril magn\u00e9tico, a pe\u00e7a de trabalho tem sempre 5 faces livres; \u00e9 maquinada com um \u00fanico posicionamento, optimizando o percurso da ferramenta na fresagem de faces, contorno e perfura\u00e7\u00e3o. A for\u00e7a de aperto \u00e9 distribu\u00edda uniformemente por toda a superf\u00edcie de contacto: a pe\u00e7a n\u00e3o \u00e9 comprimida nem deformada. O circuito magn\u00e9tico \u00e9 ativado por um choque el\u00e9trico em apenas alguns segundos e a pe\u00e7a de trabalho \u00e9 fixada sem qualquer outra fonte de alimenta\u00e7\u00e3o.<\/p>\n<p>[\/vc_column_text][vc_empty_space height=&#8221;40&#8243;][vc_column_text]<\/p>\n<h4><img loading=\"lazy\" decoding=\"async\" class=\"alignleft wp-image-15971 size-full\" src=\"http:\/\/italmatic.es\/wp-content\/uploads\/2019\/05\/PDF-icon-30.png\" alt=\"\" width=\"30\" height=\"39\" \/><a href=\"https:\/\/italmatic.es\/wp-content\/uploads\/2024\/05\/ficha-TECNOMAGNETE-platos-magneticos-para-fresado.pdf\" target=\"_blank\" rel=\"noopener noreferrer\"><u>Resumo de produtos TECNOMAGNETE &#8211; Mandris magn\u00e9ticos para fresar<\/u><\/a><\/h4>\n<p>[\/vc_column_text][vc_empty_space height=&#8221;40&#8243;][\/vc_column_inner][\/vc_row_inner][vc_column_inner width=&#8221;1\/3&#8243;][\/vc_column_inner][vc_empty_space height=&#8221;50&#8243;][\/vc_column][\/vc_row][vc_row css_animation=&#8221;&#8221; row_type=&#8221;row&#8221; use_row_as_full_screen_section=&#8221;yes&#8221; type=&#8221;grid&#8221; angled_section=&#8221;no&#8221; text_align=&#8221;left&#8221; background_image_as_pattern=&#8221;without_pattern&#8221; row_negative_margin=&#8221;disable_negative_margin&#8221; z_index=&#8221;&#8221; background_image=&#8221;19889&#8243;][vc_column width=&#8221;1\/5&#8243; offset=&#8221;vc_hidden-xs&#8221;][\/vc_column][vc_column width=&#8221;1\/5&#8243;][vc_empty_space height=&#8221;35&#8243;][vc_single_image image=&#8221;20018&#8243; img_size=&#8221;full&#8221; alignment=&#8221;center&#8221; qode_css_animation=&#8221;element_from_left&#8221;][vc_empty_space height=&#8221;5&#8243;][vc_column_text]<\/p>\n<h3 style=\"color: white; text-align: center;\">Jon<\/h3>\n<p>[\/vc_column_text][vc_empty_space height=&#8221;5&#8243;][vc_column_text]<\/p>\n<h4 style=\"color: #f7931e; text-align: center;\">Comercial<\/h4>\n<p>[\/vc_column_text][vc_empty_space height=&#8221;20&#8243;][\/vc_column][vc_column width=&#8221;3\/5&#8243; el_class=&#8221;cta-columna-boton&#8221;][vc_empty_space height=&#8221;80&#8243; el_class=&#8221;espacio-none&#8221;][vc_column_text]<\/p>\n<h3 style=\"color: white;\">Acelera a tua pesquisa, contacta a nossa equipa<\/h3>\n<p>[\/vc_column_text][vc_empty_space height=&#8221;15&#8243;]<a  itemprop=\"url\" href=\"#formulario\" target=\"_self\" data-hover-background-color=\"#ffffff\" data-hover-color=\"#f7931e\" class=\"qbutton  small center default\" style=\"color: #ffffff; font-style: normal; font-weight: 300; font-family: Roboto; text-transform: none; font-size: 15px; border-radius: 30px;-moz-border-radius: 30px;-webkit-border-radius: 30px; background-color:#f7931e;\">Fala com os nossos especialistas<i class=\"qode_icon_font_awesome fa fa-arrow-down qode_button_icon_element\"><\/i><\/a>[vc_empty_space height=&#8221;50&#8243;][\/vc_column][\/vc_row][vc_row css_animation=&#8221;&#8221; row_type=&#8221;row&#8221; use_row_as_full_screen_section=&#8221;no&#8221; type=&#8221;grid&#8221; angled_section=&#8221;no&#8221; text_align=&#8221;left&#8221; background_image_as_pattern=&#8221;without_pattern&#8221; z_index=&#8221;&#8221;][vc_column][vc_empty_space height=&#8221;50&#8243;]<div class=\"qode-advanced-tabs qode-advanced-tabs qode-advanced-horizontal-tab clearfix qode-advanced-tab-without-icon qode-advanced-tabs-column-3 clearfix\">\n\t<ul class=\"qode-advanced-tabs-nav\">\n\t\t\t\t\t<li>\n\t\t\t\t<h6>\n\t\t\t\t\t<a href=\"#tab-serie-milltec\">\n\t\t\t\t\t\t\n\t\t\t\t\t\t\t\t\t\t\t\t\t<span class=\"qode-advanced-tab-text-after-icon\">\n\t\t\t\t\t\t\t\tS\u00c9RIE MILLTEC\t\t\t\t\t\t\t<\/span>\n\t\t\t\t\t\t\t\t\t\t\t<\/a>\n\t\t\t\t<\/h6>\n\t\t\t<\/li>\n\t\t\t\t\t<li>\n\t\t\t\t<h6>\n\t\t\t\t\t<a href=\"#tab-serie-quad-extra\">\n\t\t\t\t\t\t\n\t\t\t\t\t\t\t\t\t\t\t\t\t<span class=\"qode-advanced-tab-text-after-icon\">\n\t\t\t\t\t\t\t\tS\u00c9RIE QUAD EXTRA\t\t\t\t\t\t\t<\/span>\n\t\t\t\t\t\t\t\t\t\t\t<\/a>\n\t\t\t\t<\/h6>\n\t\t\t<\/li>\n\t\t\t\t\t<li>\n\t\t\t\t<h6>\n\t\t\t\t\t<a href=\"#tab-extensoes-moveis-rmp\">\n\t\t\t\t\t\t\n\t\t\t\t\t\t\t\t\t\t\t\t\t<span class=\"qode-advanced-tab-text-after-icon\">\n\t\t\t\t\t\t\t\tEXTENS\u00d5ES M\u00d3VEIS RMP\t\t\t\t\t\t\t<\/span>\n\t\t\t\t\t\t\t\t\t\t\t<\/a>\n\t\t\t\t<\/h6>\n\t\t\t<\/li>\n\t\t\t<\/ul>\n\t<div class=\"qode-advanced-tab-container\" id=\"tab-serie-milltec-826\" data-icon-pack=\"\" data-icon-html=\"\">[vc_row_inner row_type=&#8221;row&#8221; type=&#8221;full_width&#8221; text_align=&#8221;left&#8221; css_animation=&#8221;&#8221;][vc_column_inner width=&#8221;1\/2&#8243;][vc_empty_space height=&#8221;40&#8243;][vc_single_image image=&#8221;18559&#8243; img_size=&#8221;full&#8221; qode_css_animation=&#8221;&#8221;][vc_empty_space height=&#8221;70&#8243;][\/vc_column_inner][vc_column_inner width=&#8221;1\/2&#8243;][vc_empty_space height=&#8221;40&#8243;][vc_column_text]<\/p>\n<h3 id=\"u8538-2\">S\u00c9RIE MILLTEC<\/h3>\n<p>[\/vc_column_text][vc_empty_space height=&#8221;40&#8243;][vc_column_text]<\/p>\n<div id=\"tab-panelu37669\" class=\"TabbedPanelsWidget clearfix grpelem\" role=\"tablist\">\n<div id=\"u37695\" class=\"TabbedPanelsContentGroup clearfix colelem\">\n<div id=\"u37696\" class=\"TabbedPanelsContent gradient rounded-corners clearfix grpelem TabbedPanelsContentVisible\" role=\"tabpanel\" aria-labelledby=\"u37679\">\n<div id=\"u37713-22\" class=\"clearfix grpelem\">\n<div class=\"clearfix grpelem\">\n<ul>\n<li>Tecnologia monol\u00edtica (uma s\u00f3 pe\u00e7a).<\/li>\n<li>Superf\u00edcie 100% a\u00e7o.<\/li>\n<li>Seguran\u00e7a electro-permanente e for\u00e7a concentrada.<\/li>\n<li>Engrossamento autom\u00e1tico.<\/li>\n<li>Fixa\u00e7\u00e3o r\u00e1pida, uniforme, f\u00e1cil e de qualidade.<\/li>\n<li>Configura\u00e7\u00f5es adaptadas a todas as necessidades.<\/li>\n<li>Eletr\u00f3nica avan\u00e7ada e de seguran\u00e7a.<\/li>\n<\/ul>\n<\/div>\n<\/div>\n<\/div>\n<\/div>\n<\/div>\n<p>[\/vc_column_text][vc_empty_space height=&#8221;40&#8243;][vc_column_text]<\/p>\n<h4><img loading=\"lazy\" decoding=\"async\" class=\"alignleft wp-image-15971 size-full\" src=\"http:\/\/italmatic.es\/wp-content\/uploads\/2019\/05\/PDF-icon-30.png\" alt=\"\" width=\"30\" height=\"39\" \/><a href=\"http:\/\/italmatic.es\/wp-content\/uploads\/2020\/05\/tecnomagnete-milltec-catalogo.pdf\" target=\"_blank\" rel=\"noopener noreferrer\"><u>Cat\u00e1logo geral MILLTEC<\/u><\/a><\/h4>\n<p>[\/vc_column_text][vc_empty_space height=&#8221;80&#8243;][\/vc_column_inner][\/vc_row_inner][vc_row_inner row_type=&#8221;row&#8221; type=&#8221;full_width&#8221; text_align=&#8221;left&#8221; css_animation=&#8221;&#8221; background_color=&#8221;#f5f5f5&#8243;][vc_column_inner width=&#8221;1\/2&#8243;][vc_empty_space height=&#8221;70&#8243;][vc_single_image image=&#8221;18561&#8243; img_size=&#8221;full&#8221; qode_css_animation=&#8221;&#8221;][vc_empty_space height=&#8221;70&#8243;][\/vc_column_inner][vc_column_inner width=&#8221;1\/2&#8243;][vc_empty_space height=&#8221;70&#8243;][vc_column_text]<\/p>\n<h3 id=\"u8538-2\">MILLTEC GRIP, redu\u00e7\u00e3o dr\u00e1stica das vibra\u00e7\u00f5es de maquinagem<\/h3>\n<p>[\/vc_column_text][vc_empty_space height=&#8221;40&#8243;][vc_column_text]<\/p>\n<div id=\"tab-panelu37669\" class=\"TabbedPanelsWidget clearfix grpelem\" role=\"tablist\">\n<div id=\"u37695\" class=\"TabbedPanelsContentGroup clearfix colelem\">\n<div id=\"u37696\" class=\"TabbedPanelsContent gradient rounded-corners clearfix grpelem TabbedPanelsContentVisible\" role=\"tabpanel\" aria-labelledby=\"u37679\">\n<div id=\"u37713-22\" class=\"clearfix grpelem\">\n<div class=\"clearfix grpelem\">\n<ul>\n<li>Fun\u00e7\u00e3o exclusiva GRIP: gera uma for\u00e7a de fixa\u00e7\u00e3o da pe\u00e7a mais um fluxo adicional para a base da m\u00e1quina (equivalente a cerca de 30% da for\u00e7a nominal), sem reduzir a for\u00e7a de fixa\u00e7\u00e3o da pe\u00e7a.<\/li>\n<li>Fun\u00e7\u00e3o que cria um sistema monol\u00edtico (uma pe\u00e7a) do conjunto: pe\u00e7a+placa magn\u00e9tica+m\u00e1quina.<\/li>\n<li>Controlo SK: permite selecionar o sentido de ativa\u00e7\u00e3o da for\u00e7a magn\u00e9tica.<\/li>\n<\/ul>\n<\/div>\n<\/div>\n<\/div>\n<\/div>\n<\/div>\n<p>[\/vc_column_text][vc_empty_space height=&#8221;80&#8243;][\/vc_column_inner][\/vc_row_inner][vc_row_inner row_type=&#8221;row&#8221; type=&#8221;full_width&#8221; text_align=&#8221;left&#8221; css_animation=&#8221;&#8221;][vc_column_inner width=&#8221;1\/2&#8243;][vc_empty_space height=&#8221;70&#8243;][vc_single_image image=&#8221;18552&#8243; img_size=&#8221;full&#8221; qode_css_animation=&#8221;&#8221;][vc_empty_space height=&#8221;70&#8243;][\/vc_column_inner][vc_column_inner width=&#8221;1\/2&#8243;][vc_empty_space height=&#8221;70&#8243;][vc_column_text]<\/p>\n<h3 id=\"u8538-2\">MILLTEC R, m\u00e1quinas de 5 eixos<\/h3>\n<p>[\/vc_column_text][vc_empty_space height=&#8221;40&#8243;][vc_column_text]<\/p>\n<div id=\"tab-panelu37669\" class=\"TabbedPanelsWidget clearfix grpelem\" role=\"tablist\">\n<div id=\"u37695\" class=\"TabbedPanelsContentGroup clearfix colelem\">\n<div id=\"u37696\" class=\"TabbedPanelsContent gradient rounded-corners clearfix grpelem TabbedPanelsContentVisible\" role=\"tabpanel\" aria-labelledby=\"u37679\">\n<div id=\"u37713-22\" class=\"clearfix grpelem\">\n<div class=\"clearfix grpelem\">\n<ul>\n<li>Vers\u00e3o circular optimizada: permite utilizar ferramentas mais curtas, aumentar o avan\u00e7o e a velocidade de corte.<\/li>\n<li>A pe\u00e7a de trabalho \u00e9 fixada sem qualquer obst\u00e1culo (flanges, parafusos,&#8230;) para a ferramenta.<\/li>\n<li>Estrutura em a\u00e7o com zonas maquin\u00e1veis, permitindo a cria\u00e7\u00e3o de refer\u00eancias, furos ou chaves de alinhamento.<\/li>\n<\/ul>\n<\/div>\n<\/div>\n<\/div>\n<\/div>\n<\/div>\n<p>[\/vc_column_text][vc_empty_space height=&#8221;80&#8243;][\/vc_column_inner][\/vc_row_inner][vc_row_inner row_type=&#8221;row&#8221; type=&#8221;full_width&#8221; text_align=&#8221;left&#8221; css_animation=&#8221;&#8221; background_color=&#8221;#f5f5f5&#8243;][vc_column_inner width=&#8221;1\/2&#8243;][vc_empty_space height=&#8221;70&#8243;][vc_single_image image=&#8221;18551&#8243; img_size=&#8221;full&#8221; qode_css_animation=&#8221;&#8221;][vc_empty_space height=&#8221;70&#8243;][\/vc_column_inner][vc_column_inner width=&#8221;1\/2&#8243;][vc_empty_space height=&#8221;70&#8243;][vc_column_text]<\/p>\n<h3 id=\"u8538-2\">MILLTEC BASIC, tecnologia monol\u00edtica numa antena convencional<\/h3>\n<p>[\/vc_column_text][vc_empty_space height=&#8221;40&#8243;][vc_column_text]<\/p>\n<div id=\"tab-panelu37669\" class=\"TabbedPanelsWidget clearfix grpelem\" role=\"tablist\">\n<div id=\"u37695\" class=\"TabbedPanelsContentGroup clearfix colelem\">\n<div id=\"u37696\" class=\"TabbedPanelsContent gradient rounded-corners clearfix grpelem TabbedPanelsContentVisible\" role=\"tabpanel\" aria-labelledby=\"u37679\">\n<div id=\"u37713-22\" class=\"clearfix grpelem\">\n<div class=\"clearfix grpelem\">\n<ul>\n<li>Tecnologia <strong>MillTec<\/strong> sem fun\u00e7\u00e3o Grip (sem magnetiza\u00e7\u00e3o do lado da m\u00e1quina).<\/li>\n<li>Espessura: 51 mm.<\/li>\n<li>Vers\u00f5es dispon\u00edveis: <strong>HD<\/strong> (vers\u00e3o standard: alta densidade polar) e <strong>ST<\/strong> (vers\u00e3o de baixa densidade polar para pe\u00e7as m\u00e9dias-grandes. Recomendada para placas de cama, devido ao seu pre\u00e7o reduzido).<\/li>\n<\/ul>\n<\/div>\n<\/div>\n<\/div>\n<\/div>\n<\/div>\n<p>[\/vc_column_text][vc_empty_space height=&#8221;80&#8243;][\/vc_column_inner][\/vc_row_inner][vc_row_inner row_type=&#8221;row&#8221; type=&#8221;full_width&#8221; text_align=&#8221;left&#8221; css_animation=&#8221;&#8221;][vc_column_inner width=&#8221;1\/2&#8243;][vc_empty_space height=&#8221;70&#8243;][vc_single_image image=&#8221;18550&#8243; img_size=&#8221;full&#8221; qode_css_animation=&#8221;&#8221;][vc_empty_space height=&#8221;70&#8243;][\/vc_column_inner][vc_column_inner width=&#8221;1\/2&#8243;][vc_empty_space height=&#8221;70&#8243;][vc_column_text]<\/p>\n<h3 id=\"u8538-2\">MILLTEC HDN, para pe\u00e7as em liga de a\u00e7o<\/h3>\n<p>[\/vc_column_text][vc_empty_space height=&#8221;40&#8243;][vc_column_text]<\/p>\n<div id=\"tab-panelu37669\" class=\"TabbedPanelsWidget clearfix grpelem\" role=\"tablist\">\n<div id=\"u37695\" class=\"TabbedPanelsContentGroup clearfix colelem\">\n<div id=\"u37696\" class=\"TabbedPanelsContent gradient rounded-corners clearfix grpelem TabbedPanelsContentVisible\" role=\"tabpanel\" aria-labelledby=\"u37679\">\n<div id=\"u37713-22\" class=\"clearfix grpelem\">\n<div class=\"clearfix grpelem\">\n<ul>\n<li>Circuito especial de desmagnetiza\u00e7\u00e3o com o sistema <strong>NUFLUX<\/strong>: permite a elimina\u00e7\u00e3o total dos res\u00edduos magn\u00e9ticos na pe\u00e7a.<\/li>\n<li>Espessuras polares c\u00f3nicas especiais: concentram o fluxo magn\u00e9tico na pe\u00e7a a fixar com o m\u00e1ximo desempenho.<\/li>\n<li>Controlo da vers\u00e3o <strong>ST200<\/strong> <strong>R<\/strong>: 8 n\u00edveis de magnetiza\u00e7\u00e3o, para adaptar a for\u00e7a de aperto \u00e0s carater\u00edsticas da pe\u00e7a de trabalho.<\/li>\n<\/ul>\n<\/div>\n<\/div>\n<\/div>\n<\/div>\n<\/div>\n<p>[\/vc_column_text][vc_empty_space height=&#8221;80&#8243;][\/vc_column_inner][\/vc_row_inner][vc_row_inner row_type=&#8221;row&#8221; type=&#8221;full_width&#8221; text_align=&#8221;left&#8221; css_animation=&#8221;&#8221; background_color=&#8221;#f5f5f5&#8243;][vc_column_inner width=&#8221;1\/2&#8243;][vc_empty_space height=&#8221;70&#8243;][vc_single_image image=&#8221;18553&#8243; img_size=&#8221;full&#8221; qode_css_animation=&#8221;&#8221;][vc_empty_space height=&#8221;70&#8243;][\/vc_column_inner][vc_column_inner width=&#8221;1\/2&#8243;][vc_empty_space height=&#8221;70&#8243;][vc_column_text]<\/p>\n<h3 id=\"u8538-2\">MILLTEC CUBE, para maquina\u00e7\u00e3o no eixo horizontal<\/h3>\n<p>[\/vc_column_text][vc_empty_space height=&#8221;40&#8243;][vc_column_text]<\/p>\n<div id=\"tab-panelu37669\" class=\"TabbedPanelsWidget clearfix grpelem\" role=\"tablist\">\n<div id=\"u37695\" class=\"TabbedPanelsContentGroup clearfix colelem\">\n<div id=\"u37696\" class=\"TabbedPanelsContent gradient rounded-corners clearfix grpelem TabbedPanelsContentVisible\" role=\"tabpanel\" aria-labelledby=\"u37679\">\n<div id=\"u37713-22\" class=\"clearfix grpelem\">\n<div class=\"clearfix grpelem\">\n<ul>\n<li>Fun\u00e7\u00e3o GRIP: fixa\u00e7\u00e3o uniforme para fundos magn\u00e9ticos com uma estabilidade, rigidez e robustez imbat\u00edveis.<\/li>\n<li>Espessura reduzida do prato (42 mm): para n\u00e3o reduzir a luminosidade da m\u00e1quina.<\/li>\n<li>Peso reduzido: nem a capacidade de carga da m\u00e1quina nem o tempo de desloca\u00e7\u00e3o s\u00e3o penalizados.<\/li>\n<\/ul>\n<\/div>\n<\/div>\n<\/div>\n<\/div>\n<\/div>\n<p>[\/vc_column_text][vc_empty_space height=&#8221;80&#8243;][\/vc_column_inner][\/vc_row_inner]<\/div><div class=\"qode-advanced-tab-container\" id=\"tab-serie-quad-extra-715\" data-icon-pack=\"\" data-icon-html=\"\">[vc_empty_space height=&#8221;40&#8243;][vc_row_inner row_type=&#8221;row&#8221; type=&#8221;full_width&#8221; text_align=&#8221;left&#8221; css_animation=&#8221;&#8221;][vc_column_inner width=&#8221;1\/2&#8243;][vc_single_image image=&#8221;18569&#8243; img_size=&#8221;full&#8221; alignment=&#8221;center&#8221; qode_css_animation=&#8221;&#8221;][vc_empty_space height=&#8221;30&#8243;][\/vc_column_inner][vc_column_inner width=&#8221;1\/2&#8243;][vc_column_text]<\/p>\n<h3 id=\"u8538-2\">QUAD EXTRA SERIES, amarra\u00e7\u00e3o tradicional<\/h3>\n<p>[\/vc_column_text][vc_empty_space height=&#8221;10&#8243;][vc_column_text]<\/p>\n<ul>\n<li>Sistema de fixa\u00e7\u00e3o magn\u00e9tica tradicional com p\u00f3los quadrados separados por resina.<\/li>\n<li>\u00c1rea magn\u00e9tica constitu\u00edda por uma placa polar modular acoplada com parafusos especiais de alta resist\u00eancia a uma estrutura de base monobloco.<\/li>\n<\/ul>\n<p>[\/vc_column_text][vc_empty_space height=&#8221;40&#8243;][vc_column_text]<\/p>\n<h4><img loading=\"lazy\" decoding=\"async\" class=\"alignleft wp-image-15971 size-full\" src=\"http:\/\/italmatic.es\/wp-content\/uploads\/2019\/05\/PDF-icon-30.png\" alt=\"\" width=\"30\" height=\"39\" \/><a href=\"http:\/\/italmatic.es\/wp-content\/uploads\/2020\/05\/tecnomagnete-quad-extra-catalogo.pdf\" target=\"_blank\" rel=\"noopener noreferrer\"><u>Cat\u00e1logo QUAD EXTRA<\/u><\/a><\/h4>\n<p>[\/vc_column_text][vc_empty_space height=&#8221;80&#8243;][\/vc_column_inner][\/vc_row_inner]<\/div><div class=\"qode-advanced-tab-container\" id=\"tab-extensoes-moveis-rmp-128\" data-icon-pack=\"\" data-icon-html=\"\">[vc_empty_space height=&#8221;40&#8243;][vc_row_inner row_type=&#8221;row&#8221; type=&#8221;full_width&#8221; text_align=&#8221;left&#8221; css_animation=&#8221;&#8221;][vc_column_inner width=&#8221;1\/2&#8243;][vc_single_image image=&#8221;18541&#8243; img_size=&#8221;full&#8221; alignment=&#8221;center&#8221; qode_css_animation=&#8221;&#8221;][vc_empty_space height=&#8221;30&#8243;][\/vc_column_inner][vc_column_inner width=&#8221;1\/2&#8243;][vc_column_text]<\/p>\n<h3 id=\"u8538-2\">EXTENS\u00d5ES M\u00d3VEIS RMP<\/h3>\n<p>[\/vc_column_text][vc_empty_space height=&#8221;10&#8243;][vc_column_text]<\/p>\n<ul>\n<li>Patente exclusiva <strong>TECNOMAGNETE<\/strong> para a elimina\u00e7\u00e3o autom\u00e1tica das tens\u00f5es internas.<\/li>\n<li>Mandril magn\u00e9tico + extens\u00f5es polares (espessuras) = fixa\u00e7\u00e3o r\u00e1pida e fi\u00e1vel de pe\u00e7as de trabalho irregulares com superf\u00edcies deformadas.<\/li>\n<li>Elevada efici\u00eancia e f\u00e1cil permutabilidade.<\/li>\n<li>Extens\u00f5es m\u00f3veis RMP patenteadas: fluxo magn\u00e9tico 20 % superior devido ao mecanismo interno de dupla superf\u00edcie inclinada.<\/li>\n<li>Extens\u00f5es \/ SC: fixa\u00e7\u00e3o de pe\u00e7as finas (espessura m\u00ednima = 10 mm).<\/li>\n<\/ul>\n<p>[\/vc_column_text][vc_empty_space height=&#8221;80&#8243;][\/vc_column_inner][\/vc_row_inner]<\/div><\/div>[\/vc_column][\/vc_row][vc_row css_animation=&#8221;&#8221; row_type=&#8221;row&#8221; use_row_as_full_screen_section=&#8221;no&#8221; type=&#8221;grid&#8221; angled_section=&#8221;no&#8221; text_align=&#8221;left&#8221; background_image_as_pattern=&#8221;without_pattern&#8221; z_index=&#8221;&#8221; anchor=&#8221;formulario&#8221;][vc_column width=&#8221;1\/4&#8243;][\/vc_column][vc_column width=&#8221;1\/2&#8243;][vc_empty_space height=&#8221;50&#8243;][vc_column_text]<\/p>\n<h3>Entramos em contacto contigo<\/h3>\n<p>[\/vc_column_text]\n<div class=\"wpcf7 no-js\" id=\"wpcf7-f21475-o1\" lang=\"pt-PT\" dir=\"ltr\" data-wpcf7-id=\"21475\">\n<div class=\"screen-reader-response\"><p role=\"status\" aria-live=\"polite\" aria-atomic=\"true\"><\/p> <ul><\/ul><\/div>\n<form action=\"\/pt-pt\/wp-json\/wp\/v2\/pages\/21302#wpcf7-f21475-o1\" method=\"post\" class=\"wpcf7-form init cf7_custom_style_1\" aria-label=\"Formul\u00e1rio de contacto\" novalidate=\"novalidate\" data-status=\"init\">\n<fieldset class=\"hidden-fields-container\"><input type=\"hidden\" name=\"_wpcf7\" value=\"21475\" \/><input type=\"hidden\" name=\"_wpcf7_version\" value=\"6.1.1\" \/><input type=\"hidden\" name=\"_wpcf7_locale\" value=\"pt_PT\" \/><input type=\"hidden\" name=\"_wpcf7_unit_tag\" value=\"wpcf7-f21475-o1\" \/><input type=\"hidden\" name=\"_wpcf7_container_post\" value=\"0\" \/><input type=\"hidden\" name=\"_wpcf7_posted_data_hash\" value=\"\" \/><input type=\"hidden\" name=\"_wpcf7_recaptcha_response\" value=\"\" \/>\n<\/fieldset>\n<p><span class=\"wpcf7-form-control-wrap\" data-name=\"your-name\"><input size=\"40\" maxlength=\"400\" class=\"wpcf7-form-control wpcf7-text wpcf7-validates-as-required\" aria-required=\"true\" aria-invalid=\"false\" placeholder=\"* Primeiro e \u00faltimo nome\" value=\"\" type=\"text\" name=\"your-name\" \/><\/span>\n<\/p>\n<p><span class=\"wpcf7-form-control-wrap\" data-name=\"your-email\"><input size=\"40\" maxlength=\"400\" class=\"wpcf7-form-control wpcf7-email wpcf7-validates-as-required wpcf7-text wpcf7-validates-as-email\" aria-required=\"true\" aria-invalid=\"false\" placeholder=\"* E-mail\" value=\"\" type=\"email\" name=\"your-email\" \/><\/span>\n<\/p>\n<p><span class=\"wpcf7-form-control-wrap\" data-name=\"your-message\"><textarea cols=\"40\" rows=\"10\" maxlength=\"2000\" class=\"wpcf7-form-control wpcf7-textarea wpcf7-validates-as-required\" aria-required=\"true\" aria-invalid=\"false\" placeholder=\"* Escreve a tua mensagem...\" name=\"your-message\"><\/textarea><\/span>\n<\/p>\n<p><span class=\"wpcf7-form-control-wrap\" data-name=\"acepto-otras-comunicaciones\"><span class=\"wpcf7-form-control wpcf7-acceptance optional\"><span class=\"wpcf7-list-item\"><input type=\"checkbox\" name=\"acepto-otras-comunicaciones\" value=\"1\" checked=\"checked\" aria-invalid=\"false\" \/><\/span><\/span><\/span> Aceito receber outras comunica\u00e7\u00f5es da <strong>Italmatic<\/strong>.\n<\/p>\n<p><span class=\"wpcf7-form-control-wrap\" data-name=\"acepto-politica-de-privacidad\"><span class=\"wpcf7-form-control wpcf7-acceptance\"><span class=\"wpcf7-list-item\"><input type=\"checkbox\" name=\"acepto-politica-de-privacidad\" value=\"1\" checked=\"checked\" aria-invalid=\"false\" \/><\/span><\/span><\/span> Aceito a <a href=\"https:\/\/italmatic.es\/politica-de-privacidad\/\" target=\"_blank\"><u>Pol\u00edtica de privacidade<\/u><\/a><br \/>\n<br \/>\n<input class=\"wpcf7-form-control wpcf7-submit has-spinner\" type=\"submit\" value=\"Enviar\" \/>\n<\/p><div class=\"wpcf7-response-output\" aria-hidden=\"true\"><\/div>\n<\/form>\n<\/div>\n[vc_column_text]<em>* Campos obrigat\u00f3rios.<\/em>[\/vc_column_text][\/vc_column][vc_column width=&#8221;1\/4&#8243;][\/vc_column][\/vc_row][vc_row css_animation=&#8221;&#8221; row_type=&#8221;row&#8221; use_row_as_full_screen_section=&#8221;no&#8221; type=&#8221;full_width&#8221; angled_section=&#8221;no&#8221; text_align=&#8221;left&#8221; background_image_as_pattern=&#8221;without_pattern&#8221;][vc_column][vc_empty_space height=&#8221;50&#8243;][\/vc_column][\/vc_row]<\/p>\n<\/div>","protected":false},"excerpt":{"rendered":"<p>TECNOMAGNETE \u00e9 uma empresa italiana, l\u00edder mundial em solu\u00e7\u00f5es electro-permanentes. A sua tecnologia oferece grandes vantagens em termos de produtividade, economia de custos e seguran\u00e7a nos processos industriais.<br \/>\nO seu desenvolvimento tecnol\u00f3gico \u00e9 pioneiro no mercado gra\u00e7as \u00e0s suas v\u00e1rias patentes tecnol\u00f3gicas que permitem o desenvolvimento de produtos de qualidade.<br \/>\nOs sistemas magn\u00e9ticos da TECNOMAGNETE s\u00e3o a solu\u00e7\u00e3o ideal para a fixa\u00e7\u00e3o de pe\u00e7as em fresadoras, centros de maquinagem, paletes, esquadros e sistemas FMS. <\/p>\n","protected":false},"author":9,"featured_media":20954,"parent":0,"menu_order":0,"comment_status":"closed","ping_status":"closed","template":"full_width.php","meta":{"footnotes":""},"class_list":["post-21302","page","type-page","status-publish","has-post-thumbnail","hentry"],"_links":{"self":[{"href":"https:\/\/italmatic.es\/pt-pt\/wp-json\/wp\/v2\/pages\/21302","targetHints":{"allow":["GET"]}}],"collection":[{"href":"https:\/\/italmatic.es\/pt-pt\/wp-json\/wp\/v2\/pages"}],"about":[{"href":"https:\/\/italmatic.es\/pt-pt\/wp-json\/wp\/v2\/types\/page"}],"author":[{"embeddable":true,"href":"https:\/\/italmatic.es\/pt-pt\/wp-json\/wp\/v2\/users\/9"}],"replies":[{"embeddable":true,"href":"https:\/\/italmatic.es\/pt-pt\/wp-json\/wp\/v2\/comments?post=21302"}],"version-history":[{"count":4,"href":"https:\/\/italmatic.es\/pt-pt\/wp-json\/wp\/v2\/pages\/21302\/revisions"}],"predecessor-version":[{"id":21708,"href":"https:\/\/italmatic.es\/pt-pt\/wp-json\/wp\/v2\/pages\/21302\/revisions\/21708"}],"wp:featuredmedia":[{"embeddable":true,"href":"https:\/\/italmatic.es\/pt-pt\/wp-json\/wp\/v2\/media\/20954"}],"wp:attachment":[{"href":"https:\/\/italmatic.es\/pt-pt\/wp-json\/wp\/v2\/media?parent=21302"}],"curies":[{"name":"wp","href":"https:\/\/api.w.org\/{rel}","templated":true}]}}