{"id":21327,"date":"2019-06-24T11:03:50","date_gmt":"2019-06-24T09:03:50","guid":{"rendered":"https:\/\/italmatic.es\/blb\/"},"modified":"2025-06-04T09:24:45","modified_gmt":"2025-06-04T07:24:45","slug":"blb-distribuidores-manuais","status":"publish","type":"page","link":"https:\/\/italmatic.es\/pt-pt\/blb-distribuidores-manuais\/","title":{"rendered":"BLB"},"content":{"rendered":"<div class=\"wpb-content-wrapper\"><p>[vc_row css_animation=&#8221;&#8221; row_type=&#8221;row&#8221; use_row_as_full_screen_section=&#8221;no&#8221; type=&#8221;grid&#8221; angled_section=&#8221;no&#8221; text_align=&#8221;left&#8221; background_image_as_pattern=&#8221;without_pattern&#8221; z_index=&#8221;&#8221;][vc_column][vc_empty_space height=&#8221;50&#8243;][vc_row_inner row_type=&#8221;row&#8221; type=&#8221;full_width&#8221; text_align=&#8221;left&#8221; css_animation=&#8221;&#8221;][vc_column_inner width=&#8221;1\/4&#8243;][vc_single_image image=&#8221;16855&#8243; img_size=&#8221;medium&#8221; alignment=&#8221;center&#8221; onclick=&#8221;custom_link&#8221; img_link_target=&#8221;_blank&#8221; qode_css_animation=&#8221;&#8221; link=&#8221;http:\/\/www.blbhydraulic.com\/&#8221;][vc_empty_space height=&#8221;40&#8243;][vc_separator type=&#8221;normal&#8221; color=&#8221;#f7931e&#8221; thickness=&#8221;1&#8243;][vc_column_text]<strong>Pa\u00eds:<\/strong> It\u00e1lia<u><\/u>[\/vc_column_text][vc_separator type=&#8221;normal&#8221; color=&#8221;#f7931e&#8221; thickness=&#8221;1&#8243;][vc_column_text]<strong>Ano de cria\u00e7\u00e3o:<\/strong> 1986[\/vc_column_text][vc_separator type=&#8221;normal&#8221; color=&#8221;#f7931e&#8221; thickness=&#8221;1&#8243;][vc_column_text]<strong>Web:<\/strong> <strong><a href=\"http:\/\/www.blbhydraulic.com\/\" target=\"_blank\" rel=\"noopener noreferrer\"><u>Acede ao s\u00edtio Web<\/u><\/a><\/strong>[\/vc_column_text][vc_separator type=&#8221;normal&#8221; color=&#8221;#f7931e&#8221; thickness=&#8221;1&#8243;][vc_empty_space height=&#8221;40&#8243;][\/vc_column_inner][vc_column_inner el_class=&#8221;producto-columna-intro&#8221; width=&#8221;3\/4&#8243;][vc_column_text]<\/p>\n<h3><strong>DISTRIBUIDORES MANUAIS<\/strong><\/h3>\n<p>[\/vc_column_text][vc_empty_space height=&#8221;20&#8243;][vc_column_text]<\/p>\n<p id=\"u8330-6\">Desde 1986 <strong><span id=\"u15315-2\">BLB<\/span><\/strong> concebe e fabrica distribuidores hidr\u00e1ulicos. Gra\u00e7as a esta experi\u00eancia e \u00e0 estreita colabora\u00e7\u00e3o com a sua rede de distribuidores <strong><span id=\"u15315-4\">BLB<\/span><\/strong> desenvolveu uma das mais amplas gamas de v\u00e1lvulas hidr\u00e1ulicas do mundo.<\/p>\n<p>[\/vc_column_text][vc_empty_space height=&#8221;10&#8243;][vc_column_text]<\/p>\n<p id=\"u8330-10\">A produ\u00e7\u00e3o caracteriza-se por patentes exclusivas e uma elevada normaliza\u00e7\u00e3o dos componentes, todos rigorosamente fabricados em It\u00e1lia. Gra\u00e7as a isto, a <strong><span id=\"u15315-8\">BLB<\/span><\/strong> conseguiu um produto de alta qualidade e fi\u00e1vel, e \u00e9 por isso que a Italmatic colabora com <strong><span id=\"u15315-10\">BLB<\/span><\/strong> desde 2007.<\/p>\n<p>[\/vc_column_text][vc_empty_space height=&#8221;40&#8243;][vc_column_text]<\/p>\n<h4><img loading=\"lazy\" decoding=\"async\" class=\"alignleft wp-image-15971 size-full\" src=\"http:\/\/italmatic.es\/wp-content\/uploads\/2019\/05\/PDF-icon-30.png\" alt=\"\" width=\"30\" height=\"39\" \/><u><a href=\"http:\/\/italmatic.es\/wp-content\/uploads\/2020\/11\/Ficha_BLB_distribuidores_manuales.pdf\" target=\"_blank\" rel=\"noopener noreferrer\">Vis\u00e3o geral do produto BLB<\/a><\/u><\/h4>\n<p>[\/vc_column_text][vc_empty_space height=&#8221;40&#8243;][vc_column_text]<\/p>\n<h4><img loading=\"lazy\" decoding=\"async\" class=\"alignleft wp-image-15971 size-full\" src=\"http:\/\/italmatic.es\/wp-content\/uploads\/2019\/05\/PDF-icon-30.png\" alt=\"\" width=\"30\" height=\"39\" \/><u><a href=\"http:\/\/italmatic.es\/wp-content\/uploads\/2019\/07\/catalogo-general-blb.pdf\" target=\"_blank\" rel=\"noopener noreferrer\">Cat\u00e1logo geral de produtos BLB<\/a><\/u><\/h4>\n<p>[\/vc_column_text][vc_empty_space height=&#8221;40&#8243;][\/vc_column_inner][\/vc_row_inner][vc_empty_space height=&#8221;40px&#8221;][\/vc_column][\/vc_row][vc_row css_animation=&#8221;&#8221; row_type=&#8221;row&#8221; use_row_as_full_screen_section=&#8221;yes&#8221; type=&#8221;grid&#8221; angled_section=&#8221;no&#8221; text_align=&#8221;left&#8221; background_image_as_pattern=&#8221;without_pattern&#8221; row_negative_margin=&#8221;disable_negative_margin&#8221; z_index=&#8221;&#8221; background_image=&#8221;19889&#8243;][vc_column width=&#8221;1\/5&#8243; offset=&#8221;vc_hidden-xs&#8221;][\/vc_column][vc_column width=&#8221;1\/5&#8243;][vc_empty_space height=&#8221;35&#8243;][vc_single_image image=&#8221;20020&#8243; img_size=&#8221;full&#8221; alignment=&#8221;center&#8221; qode_css_animation=&#8221;element_from_left&#8221;][vc_empty_space height=&#8221;5&#8243;][vc_column_text]<\/p>\n<h3 style=\"color: white; text-align: center;\">Juanba<\/h3>\n<p>[\/vc_column_text][vc_empty_space height=&#8221;5&#8243;][vc_column_text]<\/p>\n<h4 style=\"color: #f7931e; text-align: center;\">Comercial<\/h4>\n<p>[\/vc_column_text][vc_empty_space height=&#8221;20&#8243;][\/vc_column][vc_column width=&#8221;3\/5&#8243; el_class=&#8221;cta-columna-boton&#8221;][vc_empty_space height=&#8221;80&#8243; el_class=&#8221;espacio-none&#8221;][vc_column_text]<\/p>\n<h3 style=\"color: white;\">Acelera a tua pesquisa, contacta a nossa equipa<\/h3>\n<p>[\/vc_column_text][vc_empty_space height=&#8221;15&#8243;]<a  itemprop=\"url\" href=\"#formulario\" target=\"_self\" data-hover-background-color=\"#ffffff\" data-hover-color=\"#f7931e\" class=\"qbutton  small center default\" style=\"color: #ffffff; font-style: normal; font-weight: 300; font-family: Roboto; text-transform: none; font-size: 15px; border-radius: 30px;-moz-border-radius: 30px;-webkit-border-radius: 30px; background-color:#f7931e;\">Fala com os nossos especialistas<i class=\"qode_icon_font_awesome fa fa-arrow-down qode_button_icon_element\"><\/i><\/a>[vc_empty_space height=&#8221;50&#8243;][\/vc_column][\/vc_row][vc_row css_animation=&#8221;&#8221; row_type=&#8221;row&#8221; use_row_as_full_screen_section=&#8221;no&#8221; type=&#8221;grid&#8221; angled_section=&#8221;no&#8221; text_align=&#8221;left&#8221; background_image_as_pattern=&#8221;without_pattern&#8221; z_index=&#8221;&#8221;][vc_column][vc_empty_space height=&#8221;50&#8243;]<div class=\"qode-advanced-tabs qode-advanced-tabs qode-advanced-horizontal-tab clearfix qode-advanced-tab-without-icon qode-advanced-tabs-column-4 clearfix\">\n\t<ul class=\"qode-advanced-tabs-nav\">\n\t\t\t\t\t<li>\n\t\t\t\t<h6>\n\t\t\t\t\t<a href=\"#tab-monobloco-serie-bm-bb\">\n\t\t\t\t\t\t\n\t\t\t\t\t\t\t\t\t\t\t\t\t<span class=\"qode-advanced-tab-text-after-icon\">\n\t\t\t\t\t\t\t\tMONOBLOCO S\u00c9RIE BM-BB\t\t\t\t\t\t\t<\/span>\n\t\t\t\t\t\t\t\t\t\t\t<\/a>\n\t\t\t\t<\/h6>\n\t\t\t<\/li>\n\t\t\t\t\t<li>\n\t\t\t\t<h6>\n\t\t\t\t\t<a href=\"#tab-serie-bf-monobloco\">\n\t\t\t\t\t\t\n\t\t\t\t\t\t\t\t\t\t\t\t\t<span class=\"qode-advanced-tab-text-after-icon\">\n\t\t\t\t\t\t\t\tS\u00c9RIE BF MONOBLOCO\t\t\t\t\t\t\t<\/span>\n\t\t\t\t\t\t\t\t\t\t\t<\/a>\n\t\t\t\t<\/h6>\n\t\t\t<\/li>\n\t\t\t\t\t<li>\n\t\t\t\t<h6>\n\t\t\t\t\t<a href=\"#tab-monobloco-serie-bc\">\n\t\t\t\t\t\t\n\t\t\t\t\t\t\t\t\t\t\t\t\t<span class=\"qode-advanced-tab-text-after-icon\">\n\t\t\t\t\t\t\t\tMONOBLOCO S\u00c9RIE BC\t\t\t\t\t\t\t<\/span>\n\t\t\t\t\t\t\t\t\t\t\t<\/a>\n\t\t\t\t<\/h6>\n\t\t\t<\/li>\n\t\t\t\t\t<li>\n\t\t\t\t<h6>\n\t\t\t\t\t<a href=\"#tab-acessorios\">\n\t\t\t\t\t\t\n\t\t\t\t\t\t\t\t\t\t\t\t\t<span class=\"qode-advanced-tab-text-after-icon\">\n\t\t\t\t\t\t\t\tACESS\u00d3RIOS\t\t\t\t\t\t\t<\/span>\n\t\t\t\t\t\t\t\t\t\t\t<\/a>\n\t\t\t\t<\/h6>\n\t\t\t<\/li>\n\t\t\t<\/ul>\n\t<div class=\"qode-advanced-tab-container\" id=\"tab-monobloco-serie-bm-bb-722\" data-icon-pack=\"\" data-icon-html=\"\">[vc_empty_space height=&#8221;40&#8243;][vc_row_inner row_type=&#8221;row&#8221; type=&#8221;full_width&#8221; text_align=&#8221;left&#8221; css_animation=&#8221;&#8221;][vc_column_inner width=&#8221;1\/2&#8243;][vc_single_image image=&#8221;16856&#8243; img_size=&#8221;full&#8221; qode_css_animation=&#8221;&#8221;][vc_empty_space height=&#8221;30&#8243;][\/vc_column_inner][vc_column_inner width=&#8221;1\/2&#8243;][vc_column_text]<\/p>\n<h3 id=\"u8538-2\"><strong>MONOBLOCO S\u00c9RIE BM-BB<\/strong><\/h3>\n<p>[\/vc_column_text][vc_empty_space height=&#8221;30&#8243;][vc_column_text]<\/p>\n<div id=\"u38728\" class=\"gradient clearfix colelem\">\n<div id=\"u38735-14\" class=\"clearfix grpelem\">\n<p id=\"u39792-4\">Os distribuidores monobloco da s\u00e9rie BM-BB caracterizam-se por um corpo de fun\u00e7\u00e3o \u00fanica, que garante um distribuidor robusto e fi\u00e1vel, com baixo peso, tamanho compacto e pre\u00e7o reduzido.<\/p>\n<\/div>\n<\/div>\n<p>[\/vc_column_text][vc_empty_space height=&#8221;10&#8243;][vc_column_text]<\/p>\n<div id=\"u38728\" class=\"gradient clearfix colelem\">\n<div id=\"u38735-14\" class=\"clearfix grpelem\">\n<p id=\"u15553-6\">S\u00e3o preferencialmente utilizadas em sistemas com circuitos simples que n\u00e3o requerem a utiliza\u00e7\u00e3o de v\u00e1rias v\u00e1lvulas auxiliares.<\/p>\n<\/div>\n<\/div>\n<p>[\/vc_column_text][vc_empty_space height=&#8221;10&#8243;][vc_column_text]<\/p>\n<div id=\"u38728\" class=\"gradient clearfix colelem\">\n<div id=\"u38735-14\" class=\"clearfix grpelem\">\n<p id=\"u15553-8\">A aus\u00eancia de tirantes e articula\u00e7\u00f5es entre os diferentes elementos proporciona uma maior fiabilidade e uma menor manuten\u00e7\u00e3o, raz\u00e3o pela qual s\u00e3o particularmente adequados para utiliza\u00e7\u00e3o no sector das m\u00e1quinas m\u00f3veis.<\/p>\n<\/div>\n<\/div>\n<p>[\/vc_column_text][vc_empty_space height=&#8221;10&#8243;][vc_column_text]<\/p>\n<div id=\"u38728\" class=\"gradient clearfix colelem\">\n<div id=\"u38735-14\" class=\"clearfix grpelem\">\n<div id=\"tab-panelu15328\" class=\"TabbedPanelsWidget clearfix grpelem\" role=\"tablist\">\n<div id=\"u15348\" class=\"TabbedPanelsContentGroup clearfix colelem\">\n<div id=\"u15552\" class=\"TabbedPanelsContent gradient rounded-corners clearfix grpelem TabbedPanelsContentVisible\" role=\"tabpanel\" aria-labelledby=\"u15600\">\n<div id=\"u15553-12\" class=\"clearfix grpelem\">\n<p id=\"u15553-10\">Dispon\u00edvel at\u00e9 180 l\/min. Press\u00e3o m\u00e1xima de trabalho 320 bar.<\/p>\n<\/div>\n<\/div>\n<\/div>\n<\/div>\n<\/div>\n<\/div>\n<p>[\/vc_column_text][vc_empty_space height=&#8221;80&#8243;][\/vc_column_inner][\/vc_row_inner]<\/div><div class=\"qode-advanced-tab-container\" id=\"tab-serie-bf-monobloco-819\" data-icon-pack=\"\" data-icon-html=\"\">[vc_empty_space height=&#8221;40&#8243;][vc_row_inner row_type=&#8221;row&#8221; type=&#8221;full_width&#8221; text_align=&#8221;left&#8221; css_animation=&#8221;&#8221;][vc_column_inner width=&#8221;1\/2&#8243;][vc_single_image image=&#8221;16859&#8243; img_size=&#8221;full&#8221; qode_css_animation=&#8221;&#8221;][vc_empty_space height=&#8221;30&#8243;][\/vc_column_inner][vc_column_inner width=&#8221;1\/2&#8243;][vc_column_text]<\/p>\n<h3 id=\"u8538-2\"><strong>S\u00c9RIE BF MONOBLOCO<\/strong><\/h3>\n<p>[\/vc_column_text][vc_empty_space height=&#8221;30&#8243;][vc_column_text]<\/p>\n<div id=\"u38728\" class=\"gradient clearfix colelem\">\n<div id=\"u38735-14\" class=\"clearfix grpelem\">\n<p id=\"u39792-4\">O distribuidor monobloco da s\u00e9rie BF distingue-se da s\u00e9rie BM pela integra\u00e7\u00e3o de um divisor de caudal priorit\u00e1rio ajust\u00e1vel de tr\u00eas vias (RFP) ou de um regulador de caudal compensado de duas vias (RFS) \u00e0 entrada.<\/p>\n<\/div>\n<\/div>\n<p>[\/vc_column_text][vc_empty_space height=&#8221;10&#8243;][vc_column_text]<\/p>\n<div id=\"u38728\" class=\"gradient clearfix colelem\">\n<div id=\"u38735-14\" class=\"clearfix grpelem\">\n<p id=\"u15553-6\">No primeiro caso, o caudal excedent\u00e1rio \u00e9 recuperado para permitir a utiliza\u00e7\u00e3o simult\u00e2nea de dois elementos, um alimentado pelo caudal priorit\u00e1rio e o outro pelo caudal excedent\u00e1rio.<\/p>\n<\/div>\n<\/div>\n<p>[\/vc_column_text][vc_empty_space height=&#8221;10&#8243;][vc_column_text]<\/p>\n<div id=\"u38728\" class=\"gradient clearfix colelem\">\n<div id=\"u38735-14\" class=\"clearfix grpelem\">\n<p id=\"u15723-8\">No segundo caso, o caudal em excesso vai para o dep\u00f3sito. Uma carater\u00edstica importante \u00e9 que o divisor de fluxo ajust\u00e1vel s\u00f3 entra em funcionamento quando um elemento priorit\u00e1rio \u00e9 acionado.<\/p>\n<\/div>\n<\/div>\n<p>[\/vc_column_text][vc_empty_space height=&#8221;10&#8243;][vc_column_text]<\/p>\n<div id=\"u38728\" class=\"gradient clearfix colelem\">\n<div id=\"u38735-14\" class=\"clearfix grpelem\">\n<div id=\"tab-panelu15328\" class=\"TabbedPanelsWidget clearfix grpelem\" role=\"tablist\">\n<div id=\"u15348\" class=\"TabbedPanelsContentGroup clearfix colelem\">\n<div id=\"u15552\" class=\"TabbedPanelsContent gradient rounded-corners clearfix grpelem TabbedPanelsContentVisible\" role=\"tabpanel\" aria-labelledby=\"u15600\">\n<div id=\"u15553-12\" class=\"clearfix grpelem\">\n<div id=\"tab-panelu15328\" class=\"TabbedPanelsWidget clearfix grpelem\" role=\"tablist\">\n<div id=\"u15348\" class=\"TabbedPanelsContentGroup clearfix colelem\">\n<div id=\"u15694\" class=\"TabbedPanelsContent gradient rounded-corners clearfix grpelem TabbedPanelsContentVisible\" role=\"tabpanel\" aria-labelledby=\"u15690\">\n<div id=\"u15723-12\" class=\"clearfix grpelem\">\n<p id=\"u15723-10\">Dispon\u00edvel at\u00e9 90 l\/min. Press\u00e3o m\u00e1xima de trabalho 320 bar.<\/p>\n<\/div>\n<\/div>\n<\/div>\n<\/div>\n<\/div>\n<\/div>\n<\/div>\n<\/div>\n<\/div>\n<\/div>\n<p>[\/vc_column_text][vc_empty_space height=&#8221;80&#8243;][\/vc_column_inner][\/vc_row_inner]<\/div><div class=\"qode-advanced-tab-container\" id=\"tab-monobloco-serie-bc-317\" data-icon-pack=\"\" data-icon-html=\"\">[vc_empty_space height=&#8221;40&#8243;][vc_row_inner row_type=&#8221;row&#8221; type=&#8221;full_width&#8221; text_align=&#8221;left&#8221; css_animation=&#8221;&#8221;][vc_column_inner width=&#8221;1\/2&#8243;][vc_single_image image=&#8221;16861&#8243; img_size=&#8221;full&#8221; qode_css_animation=&#8221;&#8221;][vc_empty_space height=&#8221;30&#8243;][\/vc_column_inner][vc_column_inner width=&#8221;1\/2&#8243;][vc_column_text]<\/p>\n<h3 id=\"u8538-2\"><strong>MONOBLOCO S\u00c9RIE BC<\/strong><\/h3>\n<p>[\/vc_column_text][vc_empty_space height=&#8221;30&#8243;][vc_column_text]<\/p>\n<div id=\"u38728\" class=\"gradient clearfix colelem\">\n<div id=\"u38735-14\" class=\"clearfix grpelem\">\n<p id=\"u15830-4\">Os distribuidores da s\u00e9rie BLB BC caracterizam-se pela possibilidade de ter v\u00e1lvulas de al\u00edvio de press\u00e3o, v\u00e1lvulas anti-cavita\u00e7\u00e3o ou v\u00e1lvulas combinadas em cada orif\u00edcio.<\/p>\n<\/div>\n<\/div>\n<p>[\/vc_column_text][vc_empty_space height=&#8221;10&#8243;][vc_column_text]<\/p>\n<div id=\"u38728\" class=\"gradient clearfix colelem\">\n<div id=\"u38735-14\" class=\"clearfix grpelem\">\n<p id=\"u15553-6\">V\u00e1lvula anti-retorno para cada sec\u00e7\u00e3o para evitar qualquer interfer\u00eancia elemento a elemento.<\/p>\n<\/div>\n<\/div>\n<p>[\/vc_column_text][vc_empty_space height=&#8221;10&#8243;][vc_column_text]<\/p>\n<div id=\"u38728\" class=\"gradient clearfix colelem\">\n<div id=\"u38735-14\" class=\"clearfix grpelem\">\n<p id=\"u15830-8\">Possibilidade de controlar o caudal e o acionamento de dois ou mais movimentos em simult\u00e2neo, atrav\u00e9s de controladores de caudal (RF) ou controladores de caudal integrados (patenteados CF).<\/p>\n<\/div>\n<\/div>\n<p>[\/vc_column_text][vc_empty_space height=&#8221;10&#8243;][vc_column_text]<\/p>\n<div id=\"u38728\" class=\"gradient clearfix colelem\">\n<div id=\"u38735-14\" class=\"clearfix grpelem\">\n<div id=\"tab-panelu15328\" class=\"TabbedPanelsWidget clearfix grpelem\" role=\"tablist\">\n<div id=\"u15348\" class=\"TabbedPanelsContentGroup clearfix colelem\">\n<div id=\"u15552\" class=\"TabbedPanelsContent gradient rounded-corners clearfix grpelem TabbedPanelsContentVisible\" role=\"tabpanel\" aria-labelledby=\"u15600\">\n<div id=\"u15553-12\" class=\"clearfix grpelem\">\n<div id=\"tab-panelu15328\" class=\"TabbedPanelsWidget clearfix grpelem\" role=\"tablist\">\n<div id=\"u15348\" class=\"TabbedPanelsContentGroup clearfix colelem\">\n<div id=\"u15694\" class=\"TabbedPanelsContent gradient rounded-corners clearfix grpelem TabbedPanelsContentVisible\" role=\"tabpanel\" aria-labelledby=\"u15690\">\n<div id=\"u15723-12\" class=\"clearfix grpelem\">\n<p id=\"u15830-10\">Os distribuidores BC s\u00e3o capazes de satisfazer os requisitos de flexibilidade e de elevado desempenho das m\u00e1quinas m\u00f3veis modernas.<\/p>\n<\/div>\n<\/div>\n<\/div>\n<\/div>\n<\/div>\n<\/div>\n<\/div>\n<\/div>\n<\/div>\n<\/div>\n<p>[\/vc_column_text][vc_empty_space height=&#8221;10&#8243;][vc_column_text]<\/p>\n<div id=\"u38728\" class=\"gradient clearfix colelem\">\n<div id=\"u38735-14\" class=\"clearfix grpelem\">\n<div id=\"tab-panelu15328\" class=\"TabbedPanelsWidget clearfix grpelem\" role=\"tablist\">\n<div id=\"u15348\" class=\"TabbedPanelsContentGroup clearfix colelem\">\n<div id=\"u15552\" class=\"TabbedPanelsContent gradient rounded-corners clearfix grpelem TabbedPanelsContentVisible\" role=\"tabpanel\" aria-labelledby=\"u15600\">\n<div id=\"u15553-12\" class=\"clearfix grpelem\">\n<div id=\"tab-panelu15328\" class=\"TabbedPanelsWidget clearfix grpelem\" role=\"tablist\">\n<div id=\"u15348\" class=\"TabbedPanelsContentGroup clearfix colelem\">\n<div id=\"u15694\" class=\"TabbedPanelsContent gradient rounded-corners clearfix grpelem TabbedPanelsContentVisible\" role=\"tabpanel\" aria-labelledby=\"u15690\">\n<div id=\"u15723-12\" class=\"clearfix grpelem\">\n<div id=\"tab-panelu15328\" class=\"TabbedPanelsWidget clearfix grpelem\" role=\"tablist\">\n<div id=\"u15348\" class=\"TabbedPanelsContentGroup clearfix colelem\">\n<div id=\"u15797\" class=\"TabbedPanelsContent gradient rounded-corners clearfix grpelem TabbedPanelsContentVisible\" role=\"tabpanel\" aria-labelledby=\"u15793\">\n<div id=\"u15830-14\" class=\"clearfix grpelem\">\n<p id=\"u15830-12\">Caudais dispon\u00edveis de 20 a 180 bar. Press\u00e3o m\u00e1xima de trabalho 320 bar.<\/p>\n<\/div>\n<\/div>\n<\/div>\n<\/div>\n<\/div>\n<\/div>\n<\/div>\n<\/div>\n<\/div>\n<\/div>\n<\/div>\n<\/div>\n<\/div>\n<\/div>\n<p>[\/vc_column_text][vc_empty_space height=&#8221;80&#8243;][\/vc_column_inner][\/vc_row_inner]<\/div><div class=\"qode-advanced-tab-container\" id=\"tab-acessorios-395\" data-icon-pack=\"\" data-icon-html=\"\">[vc_empty_space height=&#8221;40&#8243;][vc_row_inner row_type=&#8221;row&#8221; type=&#8221;full_width&#8221; text_align=&#8221;left&#8221; css_animation=&#8221;&#8221;][vc_column_inner width=&#8221;1\/2&#8243;][vc_gallery interval=&#8221;3&#8243; images=&#8221;16877,16876,16873,16872,16871,16870,16869,16868&#8243; img_size=&#8221;full&#8221; onclick=&#8221;&#8221; direction_nav=&#8221;no&#8221; control_nav=&#8221;yes&#8221;][vc_empty_space height=&#8221;30&#8243;][\/vc_column_inner][vc_column_inner width=&#8221;1\/2&#8243;][vc_column_text]<\/p>\n<h3 id=\"u8538-2\"><strong>ACESS\u00d3RIOS<\/strong><\/h3>\n<p>[\/vc_column_text][vc_empty_space height=&#8221;30&#8243;][vc_column_text]<\/p>\n<div id=\"u38728\" class=\"gradient clearfix colelem\">\n<div id=\"u38735-14\" class=\"clearfix grpelem\">\n<div id=\"tab-panelu15328\" class=\"TabbedPanelsWidget clearfix grpelem\" role=\"tablist\">\n<div id=\"u15348\" class=\"TabbedPanelsContentGroup clearfix colelem\">\n<div id=\"u15904\" class=\"TabbedPanelsContent gradient rounded-corners clearfix grpelem TabbedPanelsContentVisible\" role=\"tabpanel\" aria-labelledby=\"u15900\">\n<div id=\"u16064-6\" class=\"clearfix grpelem\">\n<p id=\"u16064-4\">Dispomos de uma vasta gama de acess\u00f3rios que complementam a gama de distribuidores hidr\u00e1ulicos, v\u00e1lvulas limitadoras, actuadores de todos os tipos, joysticks, reguladores de caudal priorit\u00e1rios&#8230;<\/p>\n<\/div>\n<\/div>\n<\/div>\n<\/div>\n<\/div>\n<\/div>\n<p>[\/vc_column_text][vc_empty_space height=&#8221;80&#8243;][\/vc_column_inner][\/vc_row_inner]<\/div><\/div>[\/vc_column][\/vc_row][vc_row css_animation=&#8221;&#8221; row_type=&#8221;row&#8221; use_row_as_full_screen_section=&#8221;no&#8221; type=&#8221;grid&#8221; angled_section=&#8221;no&#8221; text_align=&#8221;left&#8221; background_image_as_pattern=&#8221;without_pattern&#8221; z_index=&#8221;&#8221; anchor=&#8221;formulario&#8221;][vc_column width=&#8221;1\/4&#8243;][\/vc_column][vc_column width=&#8221;1\/2&#8243;][vc_empty_space height=&#8221;50&#8243;][vc_column_text]<\/p>\n<h3>Entramos em contacto contigo<\/h3>\n<p>[\/vc_column_text]\n<div class=\"wpcf7 no-js\" id=\"wpcf7-f21435-o1\" lang=\"pt-PT\" dir=\"ltr\" data-wpcf7-id=\"21435\">\n<div class=\"screen-reader-response\"><p role=\"status\" aria-live=\"polite\" aria-atomic=\"true\"><\/p> <ul><\/ul><\/div>\n<form action=\"\/pt-pt\/wp-json\/wp\/v2\/pages\/21327#wpcf7-f21435-o1\" method=\"post\" class=\"wpcf7-form init cf7_custom_style_1\" aria-label=\"Formul\u00e1rio de contacto\" novalidate=\"novalidate\" data-status=\"init\">\n<fieldset class=\"hidden-fields-container\"><input type=\"hidden\" name=\"_wpcf7\" value=\"21435\" \/><input type=\"hidden\" name=\"_wpcf7_version\" value=\"6.1.1\" \/><input type=\"hidden\" name=\"_wpcf7_locale\" value=\"pt_PT\" \/><input type=\"hidden\" name=\"_wpcf7_unit_tag\" value=\"wpcf7-f21435-o1\" \/><input type=\"hidden\" name=\"_wpcf7_container_post\" value=\"0\" \/><input type=\"hidden\" name=\"_wpcf7_posted_data_hash\" value=\"\" \/><input type=\"hidden\" name=\"_wpcf7_recaptcha_response\" value=\"\" \/>\n<\/fieldset>\n<p><span class=\"wpcf7-form-control-wrap\" data-name=\"your-name\"><input size=\"40\" maxlength=\"400\" class=\"wpcf7-form-control wpcf7-text wpcf7-validates-as-required\" aria-required=\"true\" aria-invalid=\"false\" placeholder=\"* Primeiro e \u00faltimo nome\" value=\"\" type=\"text\" name=\"your-name\" \/><\/span>\n<\/p>\n<p><span class=\"wpcf7-form-control-wrap\" data-name=\"your-email\"><input size=\"40\" maxlength=\"400\" class=\"wpcf7-form-control wpcf7-email wpcf7-validates-as-required wpcf7-text wpcf7-validates-as-email\" aria-required=\"true\" aria-invalid=\"false\" placeholder=\"* E-mail\" value=\"\" type=\"email\" name=\"your-email\" \/><\/span>\n<\/p>\n<p><span class=\"wpcf7-form-control-wrap\" data-name=\"your-message\"><textarea cols=\"40\" rows=\"10\" maxlength=\"2000\" class=\"wpcf7-form-control wpcf7-textarea wpcf7-validates-as-required\" aria-required=\"true\" aria-invalid=\"false\" placeholder=\"* Escreve a tua mensagem...\" name=\"your-message\"><\/textarea><\/span>\n<\/p>\n<p><span class=\"wpcf7-form-control-wrap\" data-name=\"acepto-otras-comunicaciones\"><span class=\"wpcf7-form-control wpcf7-acceptance optional\"><span class=\"wpcf7-list-item\"><input type=\"checkbox\" name=\"acepto-otras-comunicaciones\" value=\"1\" checked=\"checked\" aria-invalid=\"false\" \/><\/span><\/span><\/span> Aceito receber outras comunica\u00e7\u00f5es da <strong>Italmatic<\/strong>.\n<\/p>\n<p><span class=\"wpcf7-form-control-wrap\" data-name=\"acepto-politica-de-privacidad\"><span class=\"wpcf7-form-control wpcf7-acceptance\"><span class=\"wpcf7-list-item\"><input type=\"checkbox\" name=\"acepto-politica-de-privacidad\" value=\"1\" checked=\"checked\" aria-invalid=\"false\" \/><\/span><\/span><\/span> Aceito a <a href=\"https:\/\/italmatic.es\/politica-de-privacidad\/\" target=\"_blank\"><u>Pol\u00edtica de privacidade<\/u><\/a>\n<\/p>\n<p><input class=\"wpcf7-form-control wpcf7-submit has-spinner\" type=\"submit\" value=\"Enviar\" \/>\n<\/p><div class=\"wpcf7-response-output\" aria-hidden=\"true\"><\/div>\n<\/form>\n<\/div>\n[vc_column_text]<em>* Campos obrigat\u00f3rios.<\/em>[\/vc_column_text][\/vc_column][vc_column width=&#8221;1\/4&#8243;][\/vc_column][\/vc_row][vc_row css_animation=&#8221;&#8221; row_type=&#8221;row&#8221; use_row_as_full_screen_section=&#8221;no&#8221; type=&#8221;full_width&#8221; angled_section=&#8221;no&#8221; text_align=&#8221;left&#8221; background_image_as_pattern=&#8221;without_pattern&#8221;][vc_column][vc_empty_space height=&#8221;50&#8243;][\/vc_column][\/vc_row]<\/p>\n<\/div>","protected":false},"excerpt":{"rendered":"<p>A BLB concebe e fabrica v\u00e1lvulas hidr\u00e1ulicas desde 1986. Gra\u00e7as a esta experi\u00eancia e \u00e0 estreita colabora\u00e7\u00e3o com a sua rede de distribuidores, a BLB desenvolveu uma das mais vastas gamas deste tipo de v\u00e1lvulas no mundo. <\/p>\n<p>A produ\u00e7\u00e3o \u00e9 caracterizada por patentes exclusivas e por uma alta padroniza\u00e7\u00e3o dos componentes, todos rigorosamente fabricados na It\u00e1lia. Gra\u00e7as a isso, a BLB conseguiu um produto de qualidade e confi\u00e1vel, raz\u00e3o pela qual a Italmatic colabora com a BLB desde 2007. <\/p>\n","protected":false},"author":9,"featured_media":20850,"parent":0,"menu_order":0,"comment_status":"closed","ping_status":"closed","template":"full_width.php","meta":{"footnotes":""},"class_list":["post-21327","page","type-page","status-publish","has-post-thumbnail","hentry"],"_links":{"self":[{"href":"https:\/\/italmatic.es\/pt-pt\/wp-json\/wp\/v2\/pages\/21327","targetHints":{"allow":["GET"]}}],"collection":[{"href":"https:\/\/italmatic.es\/pt-pt\/wp-json\/wp\/v2\/pages"}],"about":[{"href":"https:\/\/italmatic.es\/pt-pt\/wp-json\/wp\/v2\/types\/page"}],"author":[{"embeddable":true,"href":"https:\/\/italmatic.es\/pt-pt\/wp-json\/wp\/v2\/users\/9"}],"replies":[{"embeddable":true,"href":"https:\/\/italmatic.es\/pt-pt\/wp-json\/wp\/v2\/comments?post=21327"}],"version-history":[{"count":3,"href":"https:\/\/italmatic.es\/pt-pt\/wp-json\/wp\/v2\/pages\/21327\/revisions"}],"predecessor-version":[{"id":21647,"href":"https:\/\/italmatic.es\/pt-pt\/wp-json\/wp\/v2\/pages\/21327\/revisions\/21647"}],"wp:featuredmedia":[{"embeddable":true,"href":"https:\/\/italmatic.es\/pt-pt\/wp-json\/wp\/v2\/media\/20850"}],"wp:attachment":[{"href":"https:\/\/italmatic.es\/pt-pt\/wp-json\/wp\/v2\/media?parent=21327"}],"curies":[{"name":"wp","href":"https:\/\/api.w.org\/{rel}","templated":true}]}}