{"id":21371,"date":"2019-06-14T15:50:44","date_gmt":"2019-06-14T13:50:44","guid":{"rendered":"https:\/\/italmatic.es\/breuning-irco\/"},"modified":"2025-06-04T09:26:43","modified_gmt":"2025-06-04T07:26:43","slug":"breuning-irco-descarregadores-automaticos-de-pecas","status":"publish","type":"page","link":"https:\/\/italmatic.es\/pt-pt\/breuning-irco-descarregadores-automaticos-de-pecas\/","title":{"rendered":"BREUNING IRCO"},"content":{"rendered":"<div class=\"wpb-content-wrapper\"><p>[vc_row css_animation=&#8221;&#8221; row_type=&#8221;row&#8221; use_row_as_full_screen_section=&#8221;no&#8221; type=&#8221;grid&#8221; angled_section=&#8221;no&#8221; text_align=&#8221;left&#8221; background_image_as_pattern=&#8221;without_pattern&#8221; z_index=&#8221;&#8221;][vc_column][vc_empty_space height=&#8221;50&#8243;][vc_row_inner row_type=&#8221;row&#8221; type=&#8221;full_width&#8221; text_align=&#8221;left&#8221; css_animation=&#8221;&#8221;][vc_column_inner width=&#8221;1\/4&#8243;][vc_single_image image=&#8221;16435&#8243; img_size=&#8221;medium&#8221; alignment=&#8221;center&#8221; onclick=&#8221;custom_link&#8221; img_link_target=&#8221;_blank&#8221; qode_css_animation=&#8221;&#8221; link=&#8221;https:\/\/breuning-irco.de\/en\/&#8221;][vc_empty_space height=&#8221;40&#8243;][vc_separator type=&#8221;normal&#8221; color=&#8221;#f7931e&#8221; thickness=&#8221;1&#8243;][vc_column_text]<strong>Pa\u00eds:<\/strong> Alemanha<u><\/u>[\/vc_column_text][vc_separator type=&#8221;normal&#8221; color=&#8221;#f7931e&#8221; thickness=&#8221;1&#8243;][vc_column_text]<strong>Ano de cria\u00e7\u00e3o: <\/strong>1959[\/vc_column_text][vc_separator type=&#8221;normal&#8221; color=&#8221;#f7931e&#8221; thickness=&#8221;1&#8243;][vc_column_text]<strong>Web:<\/strong> <strong><a href=\"https:\/\/www.breuning-irco.de\/\" target=\"_blank\" rel=\"noopener noreferrer\"><u>Acede ao s\u00edtio Web<\/u><\/a><\/strong>[\/vc_column_text][vc_separator type=&#8221;normal&#8221; color=&#8221;#f7931e&#8221; thickness=&#8221;1&#8243;][vc_empty_space height=&#8221;40&#8243;][\/vc_column_inner][vc_column_inner el_class=&#8221;producto-columna-intro&#8221; width=&#8221;3\/4&#8243;][vc_column_text]<\/p>\n<h3 id=\"u8330-6\">DESCARREGADORES AUTOM\u00c1TICOS DE PE\u00c7AS<\/h3>\n<p>[\/vc_column_text][vc_empty_space height=&#8221;20&#8243;][vc_column_text]<\/p>\n<p id=\"u8330-6\"><strong>BREUNING IRCO<\/strong> \u00e9 uma empresa alem\u00e3 fundada em 1959.<\/p>\n<p>[\/vc_column_text][vc_empty_space height=&#8221;10&#8243;][vc_column_text]<\/p>\n<p id=\"u8330-10\">Gra\u00e7as \u00e0 sua especializa\u00e7\u00e3o em sistemas autom\u00e1ticos de carga e descarga de barras e\/ou pe\u00e7as, a empresa conseguiu consolidar a sua posi\u00e7\u00e3o ao longo dos seus mais de 50 anos de exist\u00eancia e emprega atualmente mais de 80 pessoas.<\/p>\n<p>[\/vc_column_text][vc_empty_space height=&#8221;10&#8243;][vc_column_text]<\/p>\n<p id=\"u8330-15\">Produtos como os carregadores autom\u00e1ticos de barras at\u00e9 6 metros de comprimento, os carregadores autom\u00e1ticos de pe\u00e7as e os descarregadores autom\u00e1ticos de pe\u00e7as colocaram a empresa numa posi\u00e7\u00e3o privilegiada.<\/p>\n<p>[\/vc_column_text][vc_empty_space height=&#8221;10&#8243;][vc_column_text]<\/p>\n<p id=\"u8330-15\"><span id=\"u26271-8\"><strong>A Italmatic<\/strong>,<\/span> como parte da sua linha de automa\u00e7\u00e3o dos processos de carga e descarga de pe\u00e7as, estabeleceu no final de 2014 um acordo de parceria com a <strong><span id=\"u26271-10\">BREUNING IRCO<\/span><\/strong>. Os seus produtos s\u00e3o um complemento perfeito para o portf\u00f3lio de produtos existentes da <span id=\"u26271-8\"><strong>Italmatic<\/strong><\/span><span id=\"u26271-12\">.<\/span><\/p>\n<p>[\/vc_column_text][vc_empty_space height=&#8221;40&#8243;][vc_column_text]<\/p>\n<h4><img loading=\"lazy\" decoding=\"async\" class=\"alignleft wp-image-15971 size-full\" src=\"http:\/\/italmatic.es\/wp-content\/uploads\/2019\/05\/PDF-icon-30.png\" alt=\"\" width=\"30\" height=\"39\" \/><a href=\"http:\/\/italmatic.es\/wp-content\/uploads\/2020\/11\/ficha-IRCO-descargadores-automaticos-de-piezas-01.pdf\" target=\"_blank\" rel=\"noopener noreferrer\"><u>Vis\u00e3o geral do produto BREUNING IRCO<\/u><\/a><\/h4>\n<p>[\/vc_column_text][vc_empty_space height=&#8221;40&#8243;][\/vc_column_inner][\/vc_row_inner][vc_column_inner width=&#8221;1\/3&#8243;][\/vc_column_inner][vc_empty_space height=&#8221;50&#8243;][\/vc_column][\/vc_row][vc_row css_animation=&#8221;&#8221; row_type=&#8221;row&#8221; use_row_as_full_screen_section=&#8221;yes&#8221; type=&#8221;grid&#8221; angled_section=&#8221;no&#8221; text_align=&#8221;left&#8221; background_image_as_pattern=&#8221;without_pattern&#8221; row_negative_margin=&#8221;disable_negative_margin&#8221; css=&#8221;.vc_custom_1684476895415{background-image: url(https:\/\/italmatic.es\/wp-content\/uploads\/2023\/05\/cta-equipo-humano-fondo-1920x305px.jpg?id=19889) !important;}&#8221; z_index=&#8221;&#8221;][vc_column width=&#8221;1\/6&#8243;][\/vc_column][vc_column width=&#8221;1\/6&#8243;][vc_empty_space height=&#8221;35&#8243;][vc_single_image image=&#8221;19918&#8243; img_size=&#8221;full&#8221; alignment=&#8221;center&#8221; qode_css_animation=&#8221;element_from_left&#8221;][vc_empty_space height=&#8221;5&#8243;][vc_column_text]<\/p>\n<h3 style=\"color: white; text-align: center;\">I\u00f1igo<\/h3>\n<p>[\/vc_column_text][vc_empty_space height=&#8221;5&#8243;][vc_column_text]<\/p>\n<h4 style=\"color: #f7931e; text-align: center;\">Diretor Geral<\/h4>\n<p>[\/vc_column_text][vc_empty_space height=&#8221;20&#8243;][\/vc_column][vc_column width=&#8221;1\/6&#8243;][vc_empty_space height=&#8221;35&#8243; el_class=&#8221;espacio-none&#8221;][vc_single_image image=&#8221;19919&#8243; img_size=&#8221;full&#8221; alignment=&#8221;center&#8221; qode_css_animation=&#8221;element_from_left&#8221;][vc_empty_space height=&#8221;5&#8243;][vc_column_text]<\/p>\n<h3 style=\"color: white; text-align: center;\">Nuria<\/h3>\n<p>[\/vc_column_text][vc_empty_space height=&#8221;5&#8243;][vc_column_text]<\/p>\n<h4 style=\"color: #f7931e; text-align: center;\">Comercial<\/h4>\n<p>[\/vc_column_text][vc_empty_space height=&#8221;20&#8243;][\/vc_column][vc_column width=&#8221;1\/2&#8243; el_class=&#8221;cta-columna-boton&#8221;][vc_empty_space height=&#8221;80&#8243; el_class=&#8221;espacio-none&#8221;][vc_column_text]<\/p>\n<h3 style=\"color: white;\">Acelera a tua pesquisa, contacta a nossa equipa<\/h3>\n<p>[\/vc_column_text][vc_empty_space height=&#8221;15&#8243;]<a  itemprop=\"url\" href=\"#formulario\" target=\"_self\" data-hover-background-color=\"#ffffff\" data-hover-color=\"#f7931e\" class=\"qbutton  small center default\" style=\"color: #ffffff; font-style: normal; font-weight: 300; font-family: Roboto; text-transform: none; font-size: 15px; border-radius: 30px;-moz-border-radius: 30px;-webkit-border-radius: 30px; background-color:#f7931e;\">Fala com os nossos especialistas<i class=\"qode_icon_font_awesome fa fa-arrow-down qode_button_icon_element\"><\/i><\/a>[vc_empty_space height=&#8221;50&#8243;][\/vc_column][\/vc_row][vc_row css_animation=&#8221;&#8221; row_type=&#8221;row&#8221; use_row_as_full_screen_section=&#8221;no&#8221; type=&#8221;full_width&#8221; angled_section=&#8221;no&#8221; text_align=&#8221;left&#8221; background_image_as_pattern=&#8221;without_pattern&#8221;][vc_column][vc_empty_space height=&#8221;50&#8243;][\/vc_column][\/vc_row][vc_row css_animation=&#8221;&#8221; row_type=&#8221;row&#8221; use_row_as_full_screen_section=&#8221;no&#8221; type=&#8221;grid&#8221; angled_section=&#8221;no&#8221; text_align=&#8221;left&#8221; background_image_as_pattern=&#8221;without_pattern&#8221; z_index=&#8221;&#8221;][vc_column css=&#8221;.vc_custom_1560530156053{margin-top: 0px !important;padding-bottom: 35px !important;background-color: #f7931e !important;}&#8221;][vc_column_text]<\/p>\n<h3 style=\"color: #ffffff; text-align: center;\">Descarregadores autom\u00e1ticos de pe\u00e7as<\/h3>\n<p>[\/vc_column_text][\/vc_column][\/vc_row][vc_row css_animation=&#8221;&#8221; row_type=&#8221;row&#8221; use_row_as_full_screen_section=&#8221;no&#8221; type=&#8221;grid&#8221; angled_section=&#8221;no&#8221; text_align=&#8221;left&#8221; background_image_as_pattern=&#8221;without_pattern&#8221; z_index=&#8221;&#8221;][vc_column][vc_row_inner row_type=&#8221;row&#8221; type=&#8221;full_width&#8221; text_align=&#8221;left&#8221; css_animation=&#8221;&#8221; background_color=&#8221;#ffffff&#8221;][vc_column_inner width=&#8221;1\/2&#8243;][vc_empty_space height=&#8221;60&#8243;][vc_single_image image=&#8221;16444&#8243; img_size=&#8221;full&#8221; qode_css_animation=&#8221;&#8221;][vc_empty_space height=&#8221;15&#8243;][\/vc_column_inner][vc_column_inner width=&#8221;1\/2&#8243;][vc_empty_space height=&#8221;60&#8243;][vc_column_text]<\/p>\n<h3 id=\"u8538-2\"><strong>ILS-REX e ILS-TEX<\/strong><\/h3>\n<p>[\/vc_column_text][vc_empty_space height=&#8221;30&#8243;][vc_column_text]<\/p>\n<p id=\"u26289-4\">Os descarregadores autom\u00e1ticos de pe\u00e7as ILS-REX e ILS-TEX garantem uma precis\u00e3o total na descarga de pe\u00e7as curtas e longas sem necessidade de parar a m\u00e1quina para abrir a sua porta.<\/p>\n<p id=\"u26289-6\">Particularmente adequado para tornos de um fuso sem contra-ponto e para tornos de dois fusos, onde as pe\u00e7as s\u00e3o removidas atrav\u00e9s do sub-fuso.<\/p>\n<p>[\/vc_column_text][vc_empty_space height=&#8221;10&#8243;][vc_column_text]<\/p>\n<p id=\"u26289-9\"><span id=\"u26289-7\">BREUNING IRCO<\/span> apresenta duas vers\u00f5es:<\/p>\n<ul>\n<li id=\"u26289-12\"><span id=\"u26289-10\">ILS-REX: <\/span>com rampa de descarga standard.<\/li>\n<li id=\"u26289-15\"><span id=\"u26289-13\">ILS-TEX:<\/span> com calha de descarga indexada, para aplica\u00e7\u00f5es com pe\u00e7as que n\u00e3o podem bater umas nas outras.<\/li>\n<\/ul>\n<p>[\/vc_column_text][vc_empty_space height=&#8221;40&#8243;][vc_column_text]<\/p>\n<h3 id=\"u8538-2\"><strong>Dados t\u00e9cnicos<\/strong><\/h3>\n<p>[\/vc_column_text][vc_empty_space height=&#8221;10&#8243;][vc_column_text]<\/p>\n<p id=\"u26289-20\">Di\u00e2metro m\u00e1ximo das pe\u00e7as: 100 mm.<\/p>\n<p id=\"u26289-22\">Comprimentos m\u00e1ximos das pe\u00e7as: 500 \/ 800 \/ 1200 mm (consulta-nos para outros comprimentos).<\/p>\n<p>[\/vc_column_text][vc_empty_space height=&#8221;40&#8243;][vc_column_text]<\/p>\n<h3 id=\"u8538-2\"><strong>Porqu\u00ea descarregar pe\u00e7as automaticamente?<\/strong><\/h3>\n<p>[\/vc_column_text][vc_empty_space height=&#8221;10&#8243;][vc_column_text]<\/p>\n<p id=\"u26289-27\">A descarga autom\u00e1tica de pe\u00e7as \u00e9 um fator importante para aumentar a efici\u00eancia dos processos de torneamento.<\/p>\n<p id=\"u26289-29\">Em tornos de dois fusos, as pe\u00e7as acabadas podem ser descarregadas pelo sub-fuso enquanto uma nova pe\u00e7a est\u00e1 a ser maquinada no fuso principal. Trata-se de uma otimiza\u00e7\u00e3o muito importante do ciclo\/pe\u00e7a.<\/p>\n<p id=\"u26289-31\">A conce\u00e7\u00e3o dos descarregadores BREUNING IRCO garante que o processo de descarga seja totalmente suave para a pe\u00e7a, de modo que as pe\u00e7as sejam manuseadas com especial cuidado para evitar choques que possam danific\u00e1-las.<\/p>\n<p>[\/vc_column_text][vc_empty_space height=&#8221;40&#8243;][vc_column_text]<\/p>\n<h3 id=\"u8538-2\"><strong>Carater\u00edsticas principais<\/strong><\/h3>\n<p>[\/vc_column_text][vc_empty_space height=&#8221;10&#8243;][vc_column_text]<\/p>\n<ul>\n<li id=\"u26289-36\">Descarga totalmente autom\u00e1tica de pe\u00e7as curtas e longas.<\/li>\n<li id=\"u26289-38\">Servomotor com controlo independente da for\u00e7a de avan\u00e7o e da velocidade de avan\u00e7o para um ajuste \u00f3timo da descarga da pe\u00e7a de trabalho.<\/li>\n<li id=\"u26289-40\">Controlo remoto com visor.<\/li>\n<li id=\"u26289-42\">Interface para comunica\u00e7\u00e3o com o torno, adaptada a cada modelo de torno.<\/li>\n<li id=\"u26289-44\">Sistema de desloca\u00e7\u00e3o, para um acesso f\u00e1cil ao sub-eixo do torno.<\/li>\n<li id=\"u26289-46\">Sinais LED para indicar o estado do para-raios.<\/li>\n<li id=\"u26289-48\">V\u00e1rias op\u00e7\u00f5es de equipamentos para a descarga das pe\u00e7as (tubo de descarga \/ pin\u00e7as com fixa\u00e7\u00e3o externa \/ pin\u00e7as com fixa\u00e7\u00e3o interna).<\/li>\n<\/ul>\n<p>[\/vc_column_text][vc_empty_space height=&#8221;40&#8243;][vc_column_text]<\/p>\n<h4><img loading=\"lazy\" decoding=\"async\" class=\"alignleft wp-image-15971 size-full\" src=\"http:\/\/italmatic.es\/wp-content\/uploads\/2019\/05\/PDF-icon-30.png\" alt=\"\" width=\"30\" height=\"39\" \/><a href=\"http:\/\/italmatic.es\/wp-content\/uploads\/2019\/07\/ILS-REX-TEX.pdf\" target=\"_blank\" rel=\"noopener noreferrer\"><u>Cat\u00e1logo ILS-REX e ILS-TEX<\/u><\/a><\/h4>\n<p>[\/vc_column_text][vc_empty_space height=&#8221;80&#8243;][\/vc_column_inner][\/vc_row_inner][\/vc_column][\/vc_row][vc_row css_animation=&#8221;&#8221; row_type=&#8221;row&#8221; use_row_as_full_screen_section=&#8221;no&#8221; type=&#8221;grid&#8221; angled_section=&#8221;no&#8221; text_align=&#8221;left&#8221; background_image_as_pattern=&#8221;without_pattern&#8221; z_index=&#8221;&#8221; anchor=&#8221;formulario&#8221;][vc_column width=&#8221;1\/4&#8243;][\/vc_column][vc_column width=&#8221;1\/2&#8243;][vc_empty_space height=&#8221;50&#8243;][vc_column_text]<\/p>\n<h3>Entramos em contacto contigo<\/h3>\n<p>[\/vc_column_text]\n<div class=\"wpcf7 no-js\" id=\"wpcf7-f21488-o1\" lang=\"pt-PT\" dir=\"ltr\" data-wpcf7-id=\"21488\">\n<div class=\"screen-reader-response\"><p role=\"status\" aria-live=\"polite\" aria-atomic=\"true\"><\/p> <ul><\/ul><\/div>\n<form action=\"\/pt-pt\/wp-json\/wp\/v2\/pages\/21371#wpcf7-f21488-o1\" method=\"post\" class=\"wpcf7-form init cf7_custom_style_1\" aria-label=\"Formul\u00e1rio de contacto\" novalidate=\"novalidate\" data-status=\"init\">\n<fieldset class=\"hidden-fields-container\"><input type=\"hidden\" name=\"_wpcf7\" value=\"21488\" \/><input type=\"hidden\" name=\"_wpcf7_version\" value=\"6.1.1\" \/><input type=\"hidden\" name=\"_wpcf7_locale\" value=\"pt_PT\" \/><input type=\"hidden\" name=\"_wpcf7_unit_tag\" value=\"wpcf7-f21488-o1\" \/><input type=\"hidden\" name=\"_wpcf7_container_post\" value=\"0\" \/><input type=\"hidden\" name=\"_wpcf7_posted_data_hash\" value=\"\" \/><input type=\"hidden\" name=\"_wpcf7_recaptcha_response\" value=\"\" \/>\n<\/fieldset>\n<p><span class=\"wpcf7-form-control-wrap\" data-name=\"your-name\"><input size=\"40\" maxlength=\"400\" class=\"wpcf7-form-control wpcf7-text wpcf7-validates-as-required\" aria-required=\"true\" aria-invalid=\"false\" placeholder=\"* Primeiro e \u00faltimo nome\" value=\"\" type=\"text\" name=\"your-name\" \/><\/span>\n<\/p>\n<p><span class=\"wpcf7-form-control-wrap\" data-name=\"your-email\"><input size=\"40\" maxlength=\"400\" class=\"wpcf7-form-control wpcf7-email wpcf7-validates-as-required wpcf7-text wpcf7-validates-as-email\" aria-required=\"true\" aria-invalid=\"false\" placeholder=\"* E-mail\" value=\"\" type=\"email\" name=\"your-email\" \/><\/span>\n<\/p>\n<p><span class=\"wpcf7-form-control-wrap\" data-name=\"your-message\"><textarea cols=\"40\" rows=\"10\" maxlength=\"2000\" class=\"wpcf7-form-control wpcf7-textarea wpcf7-validates-as-required\" aria-required=\"true\" aria-invalid=\"false\" placeholder=\"* Escreve a tua mensagem...\" name=\"your-message\"><\/textarea><\/span>\n<\/p>\n<p><span class=\"wpcf7-form-control-wrap\" data-name=\"acepto-otras-comunicaciones\"><span class=\"wpcf7-form-control wpcf7-acceptance optional\"><span class=\"wpcf7-list-item\"><input type=\"checkbox\" name=\"acepto-otras-comunicaciones\" value=\"1\" checked=\"checked\" aria-invalid=\"false\" \/><\/span><\/span><\/span> Aceito receber outras comunica\u00e7\u00f5es da <strong>Italmatic<\/strong>.\n<\/p>\n<p><span class=\"wpcf7-form-control-wrap\" data-name=\"acepto-politica-de-privacidad\"><span class=\"wpcf7-form-control wpcf7-acceptance\"><span class=\"wpcf7-list-item\"><input type=\"checkbox\" name=\"acepto-politica-de-privacidad\" value=\"1\" checked=\"checked\" aria-invalid=\"false\" \/><\/span><\/span><\/span> Aceito a <a href=\"https:\/\/italmatic.es\/politica-de-privacidad\/\" target=\"_blank\"><u>Pol\u00edtica de privacidade<\/u><\/a>\n<\/p>\n<p><input class=\"wpcf7-form-control wpcf7-submit has-spinner\" type=\"submit\" value=\"Enviar\" \/>\n<\/p><div class=\"wpcf7-response-output\" aria-hidden=\"true\"><\/div>\n<\/form>\n<\/div>\n[vc_column_text]<em>* Campos obrigat\u00f3rios.<\/em>[\/vc_column_text][\/vc_column][vc_column width=&#8221;1\/4&#8243;][\/vc_column][\/vc_row][vc_row css_animation=&#8221;&#8221; row_type=&#8221;row&#8221; use_row_as_full_screen_section=&#8221;no&#8221; type=&#8221;full_width&#8221; angled_section=&#8221;no&#8221; text_align=&#8221;left&#8221; background_image_as_pattern=&#8221;without_pattern&#8221; z_index=&#8221;&#8221; anchor=&#8221;formulario&#8221;][vc_column][vc_empty_space height=&#8221;50&#8243;][\/vc_column][\/vc_row]<\/p>\n<\/div>","protected":false},"excerpt":{"rendered":"<p>BREUNING IRCO \u00e9 uma empresa alem\u00e3 fundada em 1959.<\/p>\n<p>Gra\u00e7as \u00e0 sua especializa\u00e7\u00e3o em sistemas autom\u00e1ticos de carga e descarga de barras e\/ou pe\u00e7as, a empresa conseguiu consolidar a sua posi\u00e7\u00e3o ao longo dos seus mais de 50 anos de exist\u00eancia e emprega atualmente mais de 80 pessoas.<\/p>\n<p>Produtos como os carregadores autom\u00e1ticos de barras at\u00e9 6 metros de comprimento, os carregadores autom\u00e1ticos de pe\u00e7as e os descarregadores autom\u00e1ticos de pe\u00e7as colocaram a empresa numa posi\u00e7\u00e3o privilegiada.<\/p>\n<p>A Italmatic, dentro da sua linha de automa\u00e7\u00e3o dos processos de carga e descarga de pe\u00e7as, estabeleceu um acordo de parceria com a BREUNING IRCO no final de 2014. Os seus produtos s\u00e3o um complemento perfeito para o portf\u00f3lio de produtos existentes da Italmatic. <\/p>\n","protected":false},"author":9,"featured_media":20851,"parent":0,"menu_order":0,"comment_status":"closed","ping_status":"closed","template":"full_width.php","meta":{"footnotes":""},"class_list":["post-21371","page","type-page","status-publish","has-post-thumbnail","hentry"],"_links":{"self":[{"href":"https:\/\/italmatic.es\/pt-pt\/wp-json\/wp\/v2\/pages\/21371","targetHints":{"allow":["GET"]}}],"collection":[{"href":"https:\/\/italmatic.es\/pt-pt\/wp-json\/wp\/v2\/pages"}],"about":[{"href":"https:\/\/italmatic.es\/pt-pt\/wp-json\/wp\/v2\/types\/page"}],"author":[{"embeddable":true,"href":"https:\/\/italmatic.es\/pt-pt\/wp-json\/wp\/v2\/users\/9"}],"replies":[{"embeddable":true,"href":"https:\/\/italmatic.es\/pt-pt\/wp-json\/wp\/v2\/comments?post=21371"}],"version-history":[{"count":4,"href":"https:\/\/italmatic.es\/pt-pt\/wp-json\/wp\/v2\/pages\/21371\/revisions"}],"predecessor-version":[{"id":21650,"href":"https:\/\/italmatic.es\/pt-pt\/wp-json\/wp\/v2\/pages\/21371\/revisions\/21650"}],"wp:featuredmedia":[{"embeddable":true,"href":"https:\/\/italmatic.es\/pt-pt\/wp-json\/wp\/v2\/media\/20851"}],"wp:attachment":[{"href":"https:\/\/italmatic.es\/pt-pt\/wp-json\/wp\/v2\/media?parent=21371"}],"curies":[{"name":"wp","href":"https:\/\/api.w.org\/{rel}","templated":true}]}}