{"id":21373,"date":"2019-06-21T16:46:57","date_gmt":"2019-06-21T14:46:57","guid":{"rendered":"https:\/\/italmatic.es\/hocker-polytechnik\/"},"modified":"2025-06-04T09:36:44","modified_gmt":"2025-06-04T07:36:44","slug":"hocker-polytechnik-maquinas-de-briquetagem-de-aparas","status":"publish","type":"page","link":"https:\/\/italmatic.es\/pt-pt\/hocker-polytechnik-maquinas-de-briquetagem-de-aparas\/","title":{"rendered":"H\u00d6CKER POLYTECHNIK"},"content":{"rendered":"<div class=\"wpb-content-wrapper\"><p>[vc_row css_animation=&#8221;&#8221; row_type=&#8221;row&#8221; use_row_as_full_screen_section=&#8221;no&#8221; type=&#8221;grid&#8221; angled_section=&#8221;no&#8221; text_align=&#8221;left&#8221; background_image_as_pattern=&#8221;without_pattern&#8221; z_index=&#8221;&#8221;][vc_column][vc_empty_space height=&#8221;50&#8243;][vc_row_inner row_type=&#8221;row&#8221; type=&#8221;full_width&#8221; text_align=&#8221;left&#8221; css_animation=&#8221;&#8221;][vc_column_inner width=&#8221;1\/4&#8243;][vc_single_image image=&#8221;16680&#8243; img_size=&#8221;medium&#8221; alignment=&#8221;center&#8221; onclick=&#8221;custom_link&#8221; img_link_target=&#8221;_blank&#8221; qode_css_animation=&#8221;&#8221; link=&#8221;https:\/\/www.hoecker-polytechnik.com\/en\/&#8221;][vc_empty_space height=&#8221;40&#8243;][vc_separator type=&#8221;normal&#8221; color=&#8221;#f7931e&#8221; thickness=&#8221;1&#8243;][vc_column_text]<strong>Pa\u00eds:<\/strong> Alemanha<u><\/u>[\/vc_column_text][vc_separator type=&#8221;normal&#8221; color=&#8221;#f7931e&#8221; thickness=&#8221;1&#8243;][vc_column_text]<strong>Ano de cria\u00e7\u00e3o: <\/strong>1962[\/vc_column_text][vc_separator type=&#8221;normal&#8221; color=&#8221;#f7931e&#8221; thickness=&#8221;1&#8243;][vc_column_text]<strong>Web:<\/strong> <strong><a href=\"https:\/\/www.hoecker-polytechnik.com\/en\/\" target=\"_blank\" rel=\"noopener noreferrer\"><u>Acede ao s\u00edtio Web<\/u><\/a><\/strong>[\/vc_column_text][vc_separator type=&#8221;normal&#8221; color=&#8221;#f7931e&#8221; thickness=&#8221;1&#8243;][vc_empty_space height=&#8221;40&#8243;][\/vc_column_inner][vc_column_inner el_class=&#8221;producto-columna-intro&#8221; width=&#8221;3\/4&#8243;][vc_column_text]<\/p>\n<h3 id=\"u8330-6\">M\u00c1QUINAS DE BRIQUETAGEM DE APARAS<\/h3>\n<p>[\/vc_column_text][vc_empty_space height=&#8221;10&#8243;][vc_column_text]<\/p>\n<p id=\"u42810-4\">A briquetagem de aparas oferece atualmente vantagens consider\u00e1veis para as empresas de maquina\u00e7\u00e3o:<\/p>\n<ul>\n<li id=\"u38452-4\">Redu\u00e7\u00e3o do espa\u00e7o dedicado ao armazenamento de aparas.<\/li>\n<li>Redu\u00e7\u00e3o dos custos de gest\u00e3o das aparas (transporte e elimina\u00e7\u00e3o).<\/li>\n<li>Aumento do valor de venda das aparas convertidas em briquetes compactos.<\/li>\n<li>Recupera\u00e7\u00e3o do l\u00edquido de refrigera\u00e7\u00e3o para reutiliza\u00e7\u00e3o (at\u00e9 95 % de poupan\u00e7a de \u00f3leo e\/ou l\u00edquido de refrigera\u00e7\u00e3o).<\/li>\n<\/ul>\n<p>[\/vc_column_text][vc_empty_space height=&#8221;10&#8243;][vc_column_text]<\/p>\n<p id=\"u8330-15\"><strong><span id=\"u38452-11\">Italmatic<\/span><\/strong> representa o fabricante alem\u00e3o <strong><span id=\"u38452-13\">H\u00d6CKER POLYTECHNIK<\/span><\/strong>uma empresa com mais de 40 anos de experi\u00eancia na conce\u00e7\u00e3o e fabrico de m\u00e1quinas especiais. Com v\u00e1rios milhares de m\u00e1quinas de briquetagem fornecidas para aplica\u00e7\u00f5es que abrangem materiais t\u00e3o variados como res\u00edduos de madeira, p\u00f3 de celulose e todos os tipos de materiais met\u00e1licos, o equipamento de briquetagem da <strong><span id=\"u38452-15\">H\u00d6CKER POLYTECHNIK<\/span><\/strong> representam um investimento seguro no processamento de aparas de madeira.<\/p>\n<p>[\/vc_column_text][vc_empty_space height=&#8221;40&#8243;][vc_column_text]<\/p>\n<h4><img loading=\"lazy\" decoding=\"async\" class=\"alignleft wp-image-15971 size-full\" src=\"http:\/\/italmatic.es\/wp-content\/uploads\/2019\/05\/PDF-icon-30.png\" alt=\"\" width=\"30\" height=\"39\" \/><a href=\"http:\/\/italmatic.es\/wp-content\/uploads\/2020\/12\/ficha-HOCKER-POLYTECHNIK-briquetadoras-1.pdf\" target=\"_blank\" rel=\"noopener noreferrer\"><u>Vis\u00e3o geral do produto H\u00d6CKER POLYTECHNIK<\/u><\/a><\/h4>\n<p>[\/vc_column_text][vc_empty_space height=&#8221;40&#8243;][\/vc_column_inner][\/vc_row_inner][vc_column_inner width=&#8221;1\/3&#8243;][\/vc_column_inner][vc_empty_space height=&#8221;50&#8243;][\/vc_column][\/vc_row][vc_row css_animation=&#8221;&#8221; row_type=&#8221;row&#8221; use_row_as_full_screen_section=&#8221;yes&#8221; type=&#8221;grid&#8221; angled_section=&#8221;no&#8221; text_align=&#8221;left&#8221; background_image_as_pattern=&#8221;without_pattern&#8221; row_negative_margin=&#8221;disable_negative_margin&#8221; css=&#8221;.vc_custom_1684244156467{background-image: url(https:\/\/italmatic.es\/wp-content\/uploads\/2023\/05\/cta-equipo-humano-fondo-1920x305px.jpg?id=19889) !important;}&#8221; z_index=&#8221;&#8221;][vc_column width=&#8221;1\/6&#8243;][\/vc_column][vc_column width=&#8221;1\/6&#8243;][vc_empty_space height=&#8221;35&#8243;][vc_single_image image=&#8221;19918&#8243; img_size=&#8221;full&#8221; alignment=&#8221;center&#8221; qode_css_animation=&#8221;element_from_left&#8221;][vc_empty_space height=&#8221;5&#8243;][vc_column_text]<\/p>\n<h3 style=\"color: white; text-align: center;\">I\u00f1igo<\/h3>\n<p>[\/vc_column_text][vc_empty_space height=&#8221;5&#8243;][vc_column_text]<\/p>\n<h4 style=\"color: #f7931e; text-align: center;\">Diretor Geral<\/h4>\n<p>[\/vc_column_text][vc_empty_space height=&#8221;20&#8243;][\/vc_column][vc_column width=&#8221;1\/6&#8243;][vc_empty_space height=&#8221;35&#8243; el_class=&#8221;espacio-none&#8221;][vc_single_image image=&#8221;20018&#8243; img_size=&#8221;full&#8221; alignment=&#8221;center&#8221; qode_css_animation=&#8221;element_from_left&#8221;][vc_empty_space height=&#8221;5&#8243;][vc_column_text]<\/p>\n<h3 style=\"color: white; text-align: center;\">Jon<\/h3>\n<p>[\/vc_column_text][vc_empty_space height=&#8221;5&#8243;][vc_column_text]<\/p>\n<h4 style=\"color: #f7931e; text-align: center;\">Comercial<\/h4>\n<p>[\/vc_column_text][vc_empty_space height=&#8221;20&#8243;][\/vc_column][vc_column width=&#8221;1\/2&#8243; el_class=&#8221;cta-columna-boton&#8221;][vc_empty_space height=&#8221;80&#8243; el_class=&#8221;espacio-none&#8221;][vc_column_text]<\/p>\n<h3 style=\"color: white;\">Acelera a tua pesquisa, contacta a nossa equipa<\/h3>\n<p>[\/vc_column_text][vc_empty_space height=&#8221;15&#8243;]<a  itemprop=\"url\" href=\"#formulario\" target=\"_self\" data-hover-background-color=\"#ffffff\" data-hover-color=\"#f7931e\" class=\"qbutton  small center default\" style=\"color: #ffffff; font-style: normal; font-weight: 300; font-family: Roboto; text-transform: none; font-size: 15px; border-radius: 30px;-moz-border-radius: 30px;-webkit-border-radius: 30px; background-color:#f7931e;\">Fala com os nossos especialistas<i class=\"qode_icon_font_awesome fa fa-arrow-down qode_button_icon_element\"><\/i><\/a>[vc_empty_space height=&#8221;50&#8243;][\/vc_column][\/vc_row][vc_row css_animation=&#8221;&#8221; row_type=&#8221;row&#8221; use_row_as_full_screen_section=&#8221;no&#8221; type=&#8221;grid&#8221; angled_section=&#8221;no&#8221; text_align=&#8221;left&#8221; background_image_as_pattern=&#8221;without_pattern&#8221; z_index=&#8221;&#8221;][vc_column][vc_empty_space height=&#8221;50&#8243;]<div class=\"qode-advanced-tabs qode-advanced-tabs qode-advanced-horizontal-tab clearfix qode-advanced-tab-without-icon qode-advanced-tabs-column-3 clearfix\">\n\t<ul class=\"qode-advanced-tabs-nav\">\n\t\t\t\t\t<li>\n\t\t\t\t<h6>\n\t\t\t\t\t<a href=\"#tab-brikstar-iswarf-50\">\n\t\t\t\t\t\t\n\t\t\t\t\t\t\t\t\t\t\t\t\t<span class=\"qode-advanced-tab-text-after-icon\">\n\t\t\t\t\t\t\t\tBRIKSTAR iSwarf 50\t\t\t\t\t\t\t<\/span>\n\t\t\t\t\t\t\t\t\t\t\t<\/a>\n\t\t\t\t<\/h6>\n\t\t\t<\/li>\n\t\t\t\t\t<li>\n\t\t\t\t<h6>\n\t\t\t\t\t<a href=\"#tab-brikstar-iswarf\">\n\t\t\t\t\t\t\n\t\t\t\t\t\t\t\t\t\t\t\t\t<span class=\"qode-advanced-tab-text-after-icon\">\n\t\t\t\t\t\t\t\tBRIKSTAR iSwarf\t\t\t\t\t\t\t<\/span>\n\t\t\t\t\t\t\t\t\t\t\t<\/a>\n\t\t\t\t<\/h6>\n\t\t\t<\/li>\n\t\t\t\t\t<li>\n\t\t\t\t<h6>\n\t\t\t\t\t<a href=\"#tab-brikstar-m-md\">\n\t\t\t\t\t\t\n\t\t\t\t\t\t\t\t\t\t\t\t\t<span class=\"qode-advanced-tab-text-after-icon\">\n\t\t\t\t\t\t\t\tBRIKSTAR M\/MD\t\t\t\t\t\t\t<\/span>\n\t\t\t\t\t\t\t\t\t\t\t<\/a>\n\t\t\t\t<\/h6>\n\t\t\t<\/li>\n\t\t\t<\/ul>\n\t<div class=\"qode-advanced-tab-container\" id=\"tab-brikstar-iswarf-50-407\" data-icon-pack=\"\" data-icon-html=\"\">[vc_empty_space height=&#8221;40&#8243;][vc_row_inner row_type=&#8221;row&#8221; type=&#8221;full_width&#8221; text_align=&#8221;left&#8221; css_animation=&#8221;&#8221;][vc_column_inner width=&#8221;1\/2&#8243;][vc_single_image image=&#8221;19125&#8243; img_size=&#8221;full&#8221; qode_css_animation=&#8221;&#8221;][vc_empty_space height=&#8221;30&#8243;][\/vc_column_inner][vc_column_inner width=&#8221;1\/2&#8243;][vc_column_text]<\/p>\n<h3 id=\"u8538-2\">BRIKSTAR iSwarf 50<\/h3>\n<p>[\/vc_column_text][vc_empty_space height=&#8221;10&#8243;][vc_column_text]<\/p>\n<p id=\"u41946-6\">Esta nova m\u00e1quina de briquetagem foi concebida para responder a uma procura crescente do mercado em dois tipos de aplica\u00e7\u00f5es:<\/p>\n<p>[\/vc_column_text][vc_empty_space height=&#8221;10&#8243;][vc_column_text]<\/p>\n<ul>\n<li id=\"u41946-6\">Instala\u00e7\u00e3o da m\u00e1quina de briquetagem na descarga do extrator de aparas de uma m\u00e1quina CNC, com funcionamento autom\u00e1tico de briquetagem em fun\u00e7\u00e3o da chegada de aparas da m\u00e1quina CNC.<\/li>\n<li>M\u00e1quina de briquetagem centralizada, com opera\u00e7\u00e3o de carregamento manual.<\/li>\n<\/ul>\n<p>[\/vc_column_text][vc_empty_space height=&#8221;40&#8243;][vc_column_text]<\/p>\n<h3 id=\"u8538-2\"><strong>Carater\u00edsticas principais<\/strong><\/h3>\n<p>[\/vc_column_text][vc_empty_space height=&#8221;10&#8243;][vc_column_text]<\/p>\n<ul>\n<li id=\"u38407-9\">Equipamento Plug and Play &#8211; Instala\u00e7\u00e3o r\u00e1pida.<\/li>\n<li>Ocupa\u00e7\u00e3o m\u00ednima da superf\u00edcie.<\/li>\n<li>Redu\u00e7\u00e3o do volume das aparas para um d\u00e9cimo ap\u00f3s a briquetagem, consoante o material.<\/li>\n<li>M\u00ednimo tempo de paragem quando muda de material de briquetagem, gra\u00e7as \u00e0 f\u00e1cil limpeza.<\/li>\n<\/ul>\n<p>[\/vc_column_text][vc_empty_space height=&#8221;40&#8243;][vc_column_text]<\/p>\n<h3 id=\"u8538-2\"><strong>Vantagens<\/strong><\/h3>\n<p>[\/vc_column_text][vc_empty_space height=&#8221;10&#8243;][vc_column_text]<\/p>\n<ul>\n<li>Equipamento Plug and Play &#8211; Instala\u00e7\u00e3o r\u00e1pida.<\/li>\n<li>Ocupa\u00e7\u00e3o m\u00ednima da superf\u00edcie.<\/li>\n<li>Redu\u00e7\u00e3o do volume das aparas para um d\u00e9cimo ap\u00f3s a briquetagem, dependendo do material4.<\/li>\n<li>M\u00ednimo tempo de paragem quando muda de material de briquetagem, gra\u00e7as \u00e0 f\u00e1cil limpeza.<\/li>\n<\/ul>\n<p>[\/vc_column_text][vc_empty_space height=&#8221;40&#8243;][vc_column_text]<\/p>\n<h3 id=\"u8538-2\"><strong>Capacidade<\/strong><\/h3>\n<p>[\/vc_column_text][vc_empty_space height=&#8221;10&#8243;][vc_column_text]<\/p>\n<ul>\n<li id=\"u38407-43\">Capacidade: 50 a 90 kg\/h (dependendo do material)<\/li>\n<li>Di\u00e2metro do briquete: 60 mm.<\/li>\n<li>Pot\u00eancia hidr\u00e1ulica: 4 kW.<\/li>\n<\/ul>\n<p>[\/vc_column_text][vc_empty_space height=&#8221;40&#8243;][vc_column_text]<\/p>\n<h4><img loading=\"lazy\" decoding=\"async\" class=\"alignleft wp-image-15971 size-full\" src=\"http:\/\/italmatic.es\/wp-content\/uploads\/2019\/05\/PDF-icon-30.png\" alt=\"\" width=\"30\" height=\"39\" \/><u><a href=\"http:\/\/italmatic.es\/wp-content\/uploads\/2020\/11\/hocker-iswarf-50.pdf\" target=\"_blank\" rel=\"noopener noreferrer\">Ficha de produto do Brikstar iSwarf50<\/a><\/u><\/h4>\n<p>[\/vc_column_text][vc_empty_space height=&#8221;80&#8243;][\/vc_column_inner][\/vc_row_inner]<\/div><div class=\"qode-advanced-tab-container\" id=\"tab-brikstar-iswarf-826\" data-icon-pack=\"\" data-icon-html=\"\">[vc_empty_space height=&#8221;40&#8243;][vc_row_inner row_type=&#8221;row&#8221; type=&#8221;full_width&#8221; text_align=&#8221;left&#8221; css_animation=&#8221;&#8221;][vc_column_inner width=&#8221;1\/2&#8243;][vc_single_image image=&#8221;16681&#8243; img_size=&#8221;full&#8221; qode_css_animation=&#8221;&#8221;][vc_empty_space height=&#8221;30&#8243;][\/vc_column_inner][vc_column_inner width=&#8221;1\/2&#8243;][vc_column_text]<\/p>\n<h3 id=\"u8538-2\"><strong>BRIKSTAR iSwarf<\/strong><\/h3>\n<p>[\/vc_column_text][vc_empty_space height=&#8221;10&#8243;][vc_column_text]<\/p>\n<h3 id=\"u8538-2\"><strong>Carater\u00edsticas principais<\/strong><\/h3>\n<p>[\/vc_column_text][vc_empty_space height=&#8221;10&#8243;][vc_column_text]<\/p>\n<ul>\n<li>Design compacto.<\/li>\n<li>O equipamento pode ser configurado \u00e0 medida, de acordo com os requisitos do cliente.<\/li>\n<li>Sistema hidr\u00e1ulico optimizado, que aumenta a efici\u00eancia energ\u00e9tica.<\/li>\n<li>Sistema autom\u00e1tico de comprimento de briquete controlado por PLC.<\/li>\n<li>Grande ecr\u00e3 t\u00e1til para uma opera\u00e7\u00e3o extremamente f\u00e1cil.<\/li>\n<li>Estrutura compacta com um quadro s\u00f3lido e sistema hidr\u00e1ulico integrado.<\/li>\n<\/ul>\n<p>[\/vc_column_text][vc_empty_space height=&#8221;40&#8243;][vc_column_text]<\/p>\n<h3 id=\"u8538-2\"><strong>Vantagens<\/strong><\/h3>\n<p>[\/vc_column_text][vc_empty_space height=&#8221;10&#8243;][vc_column_text]<\/p>\n<ul>\n<li>Equipamento \u201cplug and play\u201d. Instala\u00e7\u00e3o r\u00e1pida.<\/li>\n<li>Press\u00e3o de prensagem vari\u00e1vel e regul\u00e1vel.<\/li>\n<li>Densidade do briquete facilmente ajust\u00e1vel.<\/li>\n<li>Desgaste reduzido devido \u00e0 otimiza\u00e7\u00e3o da zona de compress\u00e3o.<\/li>\n<li>Briquetes com baixa humidade residual para uma fus\u00e3o \u00f3ptima.<\/li>\n<li>Recupera\u00e7\u00e3o elevada do l\u00edquido de refrigera\u00e7\u00e3o.<\/li>\n<li>Corros\u00e3o de aparas de metal quase completamente exclu\u00edda.<\/li>\n<\/ul>\n<p>[\/vc_column_text][vc_empty_space height=&#8221;40&#8243;][vc_column_text]<\/p>\n<h3 id=\"u8538-2\"><strong>Capacidade e modelos dispon\u00edveis<\/strong><\/h3>\n<p>[\/vc_column_text][vc_empty_space height=&#8221;10&#8243;][vc_column_text]<\/p>\n<ul>\n<li>Capacidade de 50 a 1600 kg\/h (dependendo do modelo e do material)<\/li>\n<li>BrikStar iSwaf 440: Briquetes \u00d8: 45-70 mm \/ Comprimento dos briquetes: 40-80 mm \/ Pot\u00eancia hidr\u00e1ulica: 4-5,5-7,5-11 kW.<\/li>\n<li>BrikStar iSwaf 550: Briquetes \u00d8: 60-100 mm \/ Comprimento dos briquetes: 50-110 mm \/ Pot\u00eancia hidr\u00e1ulica: 5,5-7,5-11-15 kW.<\/li>\n<li>BrikStar iSwarf 800: Briquetes \u00d8: 95-140 mm \/ Pot\u00eancia hidr\u00e1ulica: 30 kW.<\/li>\n<\/ul>\n<p>[\/vc_column_text][vc_empty_space height=&#8221;40&#8243;][vc_column_text]<\/p>\n<h4><img loading=\"lazy\" decoding=\"async\" class=\"alignleft wp-image-15971 size-full\" src=\"http:\/\/italmatic.es\/wp-content\/uploads\/2019\/05\/PDF-icon-30.png\" alt=\"\" width=\"30\" height=\"39\" \/><u><a href=\"http:\/\/italmatic.es\/wp-content\/uploads\/2019\/07\/hocker-iswarf.pdf\" target=\"_blank\" rel=\"noopener noreferrer\">Ficha de produto Brikstar iSwarf<\/a><\/u><\/h4>\n<p>[\/vc_column_text][vc_empty_space height=&#8221;80&#8243;][\/vc_column_inner][\/vc_row_inner]<\/div><div class=\"qode-advanced-tab-container\" id=\"tab-brikstar-m-md-681\" data-icon-pack=\"\" data-icon-html=\"\">[vc_empty_space height=&#8221;40&#8243;][vc_row_inner row_type=&#8221;row&#8221; type=&#8221;full_width&#8221; text_align=&#8221;left&#8221; css_animation=&#8221;&#8221;][vc_column_inner width=&#8221;1\/2&#8243;][vc_single_image image=&#8221;16685&#8243; img_size=&#8221;full&#8221; alignment=&#8221;center&#8221; qode_css_animation=&#8221;&#8221;][vc_empty_space height=&#8221;30&#8243;][\/vc_column_inner][vc_column_inner width=&#8221;1\/2&#8243;][vc_column_text]<\/p>\n<h3 id=\"u8538-2\"><strong>BRIKSTAR M\/MD<\/strong><\/h3>\n<p>[\/vc_column_text][vc_empty_space height=&#8221;10&#8243;][vc_column_text]<\/p>\n<h3 id=\"u8538-2\"><strong>Principais carater\u00edsticas e vantagens<\/strong><\/h3>\n<p>[\/vc_column_text][vc_empty_space height=&#8221;10&#8243;][vc_column_text]<\/p>\n<p id=\"u38363-6\">As principais carater\u00edsticas e vantagens mencionadas para a s\u00e9rie BrikStar iSwarf s\u00e3o totalmente aplic\u00e1veis \u00e0s m\u00e1quinas de briquetagem BrikStar M \/ MD. Uma outra carater\u00edstica distintiva \u00e9 o facto de estas m\u00e1quinas de briquetagem estarem equipadas com um cilindro de prensagem em cada lado.<\/p>\n<p>[\/vc_column_text][vc_empty_space height=&#8221;10&#8243;][vc_column_text]<\/p>\n<p id=\"u38363-6\">Gra\u00e7as a este design, os dois cilindros horizontais pressionam o material de ambos os lados simultaneamente para formar o briquete. Esta tecnologia proporciona-te:<\/p>\n<p>[\/vc_column_text][vc_empty_space height=&#8221;10&#8243;][vc_column_text]<\/p>\n<ul>\n<li id=\"u38363-6\">M\u00e1xima efici\u00eancia de briquetagem, conseguindo uma compress\u00e3o \u00f3ptima do briquete.<\/li>\n<li>Humidade residual m\u00ednima.<\/li>\n<li>Desgaste m\u00ednimo dos elementos de press\u00e3o: a contrapress\u00e3o \u00e9 gerada pela utiliza\u00e7\u00e3o de um segundo cilindro principal e n\u00e3o por fric\u00e7\u00e3o.<\/li>\n<\/ul>\n<p>[\/vc_column_text][vc_empty_space height=&#8221;40&#8243;][vc_column_text]<\/p>\n<h3 id=\"u8538-2\"><strong>Capacidade e modelos dispon\u00edveis<\/strong><\/h3>\n<p>[\/vc_column_text][vc_empty_space height=&#8221;10&#8243;][vc_column_text]<\/p>\n<div id=\"tab-panelu38351\" class=\"TabbedPanelsWidget clearfix grpelem\" role=\"tablist\">\n<div id=\"u38361\" class=\"TabbedPanelsContentGroup clearfix colelem\">\n<div id=\"u38362\" class=\"TabbedPanelsContent gradient rounded-corners clearfix grpelem TabbedPanelsContentVisible\" role=\"tabpanel\" aria-labelledby=\"u38353\">\n<div id=\"u38363-16\" class=\"clearfix grpelem\">\n<ul>\n<li id=\"u38363-12\">Capacidade de 200 a 1200 kg\/h (consoante o modelo e o material).<\/li>\n<li>Di\u00e2metro do briquete: de 55 a 90 mm.<\/li>\n<li>Pot\u00eancia hidr\u00e1ulica: de 15 a 47,5 kW.<\/li>\n<\/ul>\n<\/div>\n<\/div>\n<\/div>\n<\/div>\n<p>[\/vc_column_text][vc_empty_space height=&#8221;40&#8243;][vc_column_text]<\/p>\n<h4><img loading=\"lazy\" decoding=\"async\" class=\"alignleft wp-image-15971 size-full\" src=\"http:\/\/italmatic.es\/wp-content\/uploads\/2019\/05\/PDF-icon-30.png\" alt=\"\" width=\"30\" height=\"39\" \/><u><a href=\"http:\/\/italmatic.es\/wp-content\/uploads\/2019\/07\/hocker-m-md.pdf\" target=\"_blank\" rel=\"noopener noreferrer\">Ficha de produto Brikstar M\/MD<\/a><\/u><\/h4>\n<p>[\/vc_column_text][vc_empty_space height=&#8221;80&#8243;][\/vc_column_inner][\/vc_row_inner]<\/div><\/div>[\/vc_column][\/vc_row][vc_row css_animation=&#8221;&#8221; row_type=&#8221;row&#8221; use_row_as_full_screen_section=&#8221;no&#8221; type=&#8221;grid&#8221; angled_section=&#8221;no&#8221; text_align=&#8221;left&#8221; background_image_as_pattern=&#8221;without_pattern&#8221; z_index=&#8221;&#8221; anchor=&#8221;formulario&#8221;][vc_column width=&#8221;1\/4&#8243;][\/vc_column][vc_column width=&#8221;1\/2&#8243;][vc_empty_space height=&#8221;50&#8243;][vc_column_text]<\/p>\n<h3>Entramos em contacto contigo<\/h3>\n<p>[\/vc_column_text]\n<div class=\"wpcf7 no-js\" id=\"wpcf7-f21431-o1\" lang=\"pt-PT\" dir=\"ltr\" data-wpcf7-id=\"21431\">\n<div class=\"screen-reader-response\"><p role=\"status\" aria-live=\"polite\" aria-atomic=\"true\"><\/p> <ul><\/ul><\/div>\n<form action=\"\/pt-pt\/wp-json\/wp\/v2\/pages\/21373#wpcf7-f21431-o1\" method=\"post\" class=\"wpcf7-form init cf7_custom_style_1\" aria-label=\"Formul\u00e1rio de contacto\" novalidate=\"novalidate\" data-status=\"init\">\n<fieldset class=\"hidden-fields-container\"><input type=\"hidden\" name=\"_wpcf7\" value=\"21431\" \/><input type=\"hidden\" name=\"_wpcf7_version\" value=\"6.1.1\" \/><input type=\"hidden\" name=\"_wpcf7_locale\" value=\"pt_PT\" \/><input type=\"hidden\" name=\"_wpcf7_unit_tag\" value=\"wpcf7-f21431-o1\" \/><input type=\"hidden\" name=\"_wpcf7_container_post\" value=\"0\" \/><input type=\"hidden\" name=\"_wpcf7_posted_data_hash\" value=\"\" \/><input type=\"hidden\" name=\"_wpcf7_recaptcha_response\" value=\"\" \/>\n<\/fieldset>\n<p><span class=\"wpcf7-form-control-wrap\" data-name=\"your-name\"><input size=\"40\" maxlength=\"400\" class=\"wpcf7-form-control wpcf7-text wpcf7-validates-as-required\" aria-required=\"true\" aria-invalid=\"false\" placeholder=\"* Primeiro e \u00faltimo nome\" value=\"\" type=\"text\" name=\"your-name\" \/><\/span>\n<\/p>\n<p><span class=\"wpcf7-form-control-wrap\" data-name=\"your-email\"><input size=\"40\" maxlength=\"400\" class=\"wpcf7-form-control wpcf7-email wpcf7-validates-as-required wpcf7-text wpcf7-validates-as-email\" aria-required=\"true\" aria-invalid=\"false\" placeholder=\"* E-mail\" value=\"\" type=\"email\" name=\"your-email\" \/><\/span>\n<\/p>\n<p><span class=\"wpcf7-form-control-wrap\" data-name=\"your-message\"><textarea cols=\"40\" rows=\"10\" maxlength=\"2000\" class=\"wpcf7-form-control wpcf7-textarea wpcf7-validates-as-required\" aria-required=\"true\" aria-invalid=\"false\" placeholder=\"* Escreve a tua mensagem...\" name=\"your-message\"><\/textarea><\/span>\n<\/p>\n<p><span class=\"wpcf7-form-control-wrap\" data-name=\"acepto-otras-comunicaciones\"><span class=\"wpcf7-form-control wpcf7-acceptance optional\"><span class=\"wpcf7-list-item\"><input type=\"checkbox\" name=\"acepto-otras-comunicaciones\" value=\"1\" checked=\"checked\" aria-invalid=\"false\" \/><\/span><\/span><\/span> Aceito receber outras comunica\u00e7\u00f5es da <strong>Italmatic<\/strong>.\n<\/p>\n<p><span class=\"wpcf7-form-control-wrap\" data-name=\"acepto-politica-de-privacidad\"><span class=\"wpcf7-form-control wpcf7-acceptance\"><span class=\"wpcf7-list-item\"><input type=\"checkbox\" name=\"acepto-politica-de-privacidad\" value=\"1\" checked=\"checked\" aria-invalid=\"false\" \/><\/span><\/span><\/span> Aceito a <a href=\"https:\/\/italmatic.es\/politica-de-privacidad\/\" target=\"_blank\"><u>Pol\u00edtica de privacidade<\/u><\/a><br \/>\n<br \/>\n<input class=\"wpcf7-form-control wpcf7-submit has-spinner\" type=\"submit\" value=\"Enviar\" \/>\n<\/p><div class=\"wpcf7-response-output\" aria-hidden=\"true\"><\/div>\n<\/form>\n<\/div>\n[vc_column_text]<em>* Campos obrigat\u00f3rios.<\/em>[\/vc_column_text][\/vc_column][vc_column width=&#8221;1\/4&#8243;][\/vc_column][\/vc_row][vc_row css_animation=&#8221;&#8221; row_type=&#8221;row&#8221; use_row_as_full_screen_section=&#8221;no&#8221; type=&#8221;full_width&#8221; angled_section=&#8221;no&#8221; text_align=&#8221;left&#8221; background_image_as_pattern=&#8221;without_pattern&#8221;][vc_column][vc_empty_space height=&#8221;50&#8243;][\/vc_column][\/vc_row]<\/p>\n<\/div>","protected":false},"excerpt":{"rendered":"<p>A Italmatic representa o fabricante alem\u00e3o H\u00d6CKER POLYTECHNIK, uma empresa com mais de 40 anos de experi\u00eancia na conce\u00e7\u00e3o e produ\u00e7\u00e3o de m\u00e1quinas especiais. Com v\u00e1rios milhares de m\u00e1quinas de briquetagem fornecidas para aplica\u00e7\u00f5es que abrangem materiais t\u00e3o variados como res\u00edduos de madeira, p\u00f3 de celulose e todos os tipos de materiais met\u00e1licos, os equipamentos de briquetagem da H\u00d6CKER POLYTECHNIK representam um investimento seguro no processamento de aparas. <\/p>\n","protected":false},"author":9,"featured_media":20857,"parent":0,"menu_order":0,"comment_status":"closed","ping_status":"closed","template":"full_width.php","meta":{"footnotes":""},"class_list":["post-21373","page","type-page","status-publish","has-post-thumbnail","hentry"],"_links":{"self":[{"href":"https:\/\/italmatic.es\/pt-pt\/wp-json\/wp\/v2\/pages\/21373","targetHints":{"allow":["GET"]}}],"collection":[{"href":"https:\/\/italmatic.es\/pt-pt\/wp-json\/wp\/v2\/pages"}],"about":[{"href":"https:\/\/italmatic.es\/pt-pt\/wp-json\/wp\/v2\/types\/page"}],"author":[{"embeddable":true,"href":"https:\/\/italmatic.es\/pt-pt\/wp-json\/wp\/v2\/users\/9"}],"replies":[{"embeddable":true,"href":"https:\/\/italmatic.es\/pt-pt\/wp-json\/wp\/v2\/comments?post=21373"}],"version-history":[{"count":4,"href":"https:\/\/italmatic.es\/pt-pt\/wp-json\/wp\/v2\/pages\/21373\/revisions"}],"predecessor-version":[{"id":21663,"href":"https:\/\/italmatic.es\/pt-pt\/wp-json\/wp\/v2\/pages\/21373\/revisions\/21663"}],"wp:featuredmedia":[{"embeddable":true,"href":"https:\/\/italmatic.es\/pt-pt\/wp-json\/wp\/v2\/media\/20857"}],"wp:attachment":[{"href":"https:\/\/italmatic.es\/pt-pt\/wp-json\/wp\/v2\/media?parent=21373"}],"curies":[{"name":"wp","href":"https:\/\/api.w.org\/{rel}","templated":true}]}}